{"id":735730,"date":"2025-08-27T22:53:05","date_gmt":"2025-08-27T19:53:05","guid":{"rendered":"https:\/\/roveyayinevi.com.tr\/index.php\/urun\/derinde-sakli\/"},"modified":"2026-04-08T02:53:11","modified_gmt":"2026-04-07T23:53:11","slug":"derinde-sakli","status":"publish","type":"product","link":"https:\/\/roveyayinevi.com.tr\/index.php\/urun\/derinde-sakli\/","title":{"rendered":"Derinde Sakl\u0131"},"content":{"rendered":"<p>A\u015fk\u0131n aralad\u0131\u011f\u0131 bir kap\u0131dan, hayat\u0131n anlam\u0131n\u0131 bulmaya do\u011fru\u2026 \u201cHayat bazen yapard\u0131 b\u00f6yle, al\u0131r ve atard\u0131 birbirini sevenleri uzaklara. Mesafeler sokard\u0131 araya, b\u00fcy\u00fck k\u00fc\u00e7\u00fck sorunlar, olmaz dedirten imk\u00e2ns\u0131zl\u0131klar, ge\u00e7emeyece\u011fin s\u0131navlar koyard\u0131 \u00f6n\u00fcne; ya teslim olur kabullenirdin ya da m\u00fccadele ederdin o a\u015fk i\u00e7in.\u201d Hayat\u0131m\u0131z ne zaman anlam kazan\u0131r? Ne zaman bu d\u00fcnyaya geli\u015fimizin, do\u011fumdan \u00f6l\u00fcme dek ge\u00e7irdi\u011fimiz s\u00fcrenin hakk\u0131n\u0131 vermi\u015f say\u0131l\u0131r\u0131z? Ne zaman tam mutlu oluruz, o terfiyi al\u0131nca m\u0131, evin kredisi bitince mi, arabay\u0131 yenileyince mi? Ba\u015fkalar\u0131na hi\u00e7 de\u011fmeden, kendimizden ba\u015fkas\u0131n\u0131 d\u00fc\u015f\u00fcnmeden ya\u015fam\u0131n hakk\u0131n\u0131 verebilir miyiz? Kan ba\u011f\u0131m\u0131z olmayanlar\u0131, do\u011furmad\u0131\u011f\u0131m\u0131z \u00e7ocuklar\u0131 \u00f6nemsemeden ya\u015fam\u0131\u015f say\u0131l\u0131r m\u0131y\u0131z? Hep kendimize yat\u0131r\u0131m yapmakla, e\u011flenmekle ge\u00e7er mi bir \u00f6m\u00fcr? Ge\u00e7erse, ona \u00f6m\u00fcr denir mi? <\/p>\n","protected":false},"excerpt":{"rendered":"<p>A\u015fk\u0131n aralad\u0131\u011f\u0131 bir kap\u0131dan, hayat\u0131n anlam\u0131n\u0131 bulmaya do\u011fru\u2026 \u201cHayat bazen yapard\u0131 b\u00f6yle, al\u0131r ve atard\u0131 birbirini sevenleri uzaklara. Mesafeler sokard\u0131 araya, b\u00fcy\u00fck k\u00fc\u00e7\u00fck sorunlar, olmaz dedirten<span class=\"excerpt-hellip\"> [\u2026]<\/span><\/p>\n","protected":false},"featured_media":0,"template":"","meta":{"_monsterinsights_skip_tracking":false,"_monsterinsights_sitenote_active":false,"_monsterinsights_sitenote_note":"","_monsterinsights_sitenote_category":0},"product_brand":[],"product_cat":[12291,12711],"product_tag":[],"class_list":{"0":"post-735730","1":"product","2":"type-product","3":"status-publish","5":"product_cat-edebiyat","6":"product_cat-roman-oyku","7":"pa_cilt-ciltsiz","8":"pa_tur-kitap","9":"pa_yayinevi-dogan-kitap","10":"pa_yazar-burcu-alsan","12":"first","13":"instock","14":"sale","15":"shipping-taxable","16":"purchasable","17":"product-type-simple"},"_links":{"self":[{"href":"https:\/\/roveyayinevi.com.tr\/index.php\/wp-json\/wp\/v2\/product\/735730","targetHints":{"allow":["GET"]}}],"collection":[{"href":"https:\/\/roveyayinevi.com.tr\/index.php\/wp-json\/wp\/v2\/product"}],"about":[{"href":"https:\/\/roveyayinevi.com.tr\/index.php\/wp-json\/wp\/v2\/types\/product"}],"wp:attachment":[{"href":"https:\/\/roveyayinevi.com.tr\/index.php\/wp-json\/wp\/v2\/media?parent=735730"}],"wp:term":[{"taxonomy":"product_brand","embeddable":true,"href":"https:\/\/roveyayinevi.com.tr\/index.php\/wp-json\/wp\/v2\/product_brand?post=735730"},{"taxonomy":"product_cat","embeddable":true,"href":"https:\/\/roveyayinevi.com.tr\/index.php\/wp-json\/wp\/v2\/product_cat?post=735730"},{"taxonomy":"product_tag","embeddable":true,"href":"https:\/\/roveyayinevi.com.tr\/index.php\/wp-json\/wp\/v2\/product_tag?post=735730"}],"curies":[{"name":"wp","href":"https:\/\/api.w.org\/{rel}","templated":true}]}}