{"id":735729,"date":"2025-08-27T22:53:04","date_gmt":"2025-08-27T19:53:04","guid":{"rendered":"https:\/\/roveyayinevi.com.tr\/index.php\/urun\/kisa-dunya-tarihleri-avrupa-tarihi\/"},"modified":"2026-04-16T02:43:59","modified_gmt":"2026-04-15T23:43:59","slug":"kisa-dunya-tarihleri-avrupa-tarihi","status":"publish","type":"product","link":"https:\/\/roveyayinevi.com.tr\/index.php\/urun\/kisa-dunya-tarihleri-avrupa-tarihi\/","title":{"rendered":"K\u0131sa D\u00fcnya Tarihleri &#8211; Avrupa Tarihi"},"content":{"rendered":"<p>Avrupa\u2019y\u0131 olu\u015fturan milletlerin ve bug\u00fcnk\u00fc devletlerin, tarihin \u00e7e\u015fitli d\u00f6nemlerinde bulunduklar\u0131 co\u011frafi konumlar ve hanedan ili\u015fkilerinin karma\u015f\u0131kl\u0131\u011f\u0131 sebebiyle, g\u00fcn\u00fcm\u00fczde elli \u00fclkenin yer ald\u0131\u011f\u0131 Avrupa k\u0131tas\u0131n\u0131n tarihini yazmak hem metot hem de i\u00e7erik a\u00e7\u0131s\u0131ndan olduk\u00e7a zordur. Bu sebeple Avrupa Tarihi isimli bu eserde, Avrupa k\u0131tas\u0131nda var olan devlet ve kavimlerin \u00fcrettikleri ortak de\u011ferler \u00fczerinden bir tarih yaz\u0131m\u0131 tercih edilmi\u015f, Avrupa k\u0131tas\u0131n\u0131n mek\u00e2nsal ve tarihsel de\u011fi\u015fimi ile siyasal geli\u015fmeler \u00fczerinde durulmu\u015ftur. Eser, tam bir siyasi tarih olman\u0131n \u00f6tesinde, Avrupa zihniyetinin do\u011fu\u015fu ve ortak Avrupa k\u00fclt\u00fcr\u00fcn\u00fcn ortaya \u00e7\u0131kmas\u0131 \u00fczerine yo\u011funla\u015fm\u0131\u015ft\u0131r. Ayr\u0131ca okuyucunun zihnini hanedanlar aras\u0131 kavga ve siyasi \u00e7eki\u015fmeler ile yormak yerine, Avrupa uygarl\u0131\u011f\u0131n\u0131n olu\u015fumuna zemin haz\u0131rlayan olaylar ve onlar\u0131n alt\u0131nda yatan nedenler \u00f6zetlenmi\u015ftir. Olaylar\u0131n sonu\u00e7lar\u0131ndan yola \u00e7\u0131karak, bunlar\u0131n Avrupa toplumu \u00fczerinde b\u0131rakt\u0131\u011f\u0131 tesirler ve ger\u00e7ekle\u015fen de\u011fi\u015fimler \u00f6n planda tutulmu\u015ftur. Haliyle bu \u00e7al\u0131\u015fma, yaln\u0131zca tarih\u00e7ilerin de\u011fil tarihe ilgi duyan okuyucular\u0131n da istifade edece\u011fi \u015fekilde kaleme al\u0131nm\u0131\u015ft\u0131r.<\/p>\n","protected":false},"excerpt":{"rendered":"<p>Avrupa\u2019y\u0131 olu\u015fturan milletlerin ve bug\u00fcnk\u00fc devletlerin, tarihin \u00e7e\u015fitli d\u00f6nemlerinde bulunduklar\u0131 co\u011frafi konumlar ve hanedan ili\u015fkilerinin karma\u015f\u0131kl\u0131\u011f\u0131 sebebiyle, g\u00fcn\u00fcm\u00fczde elli \u00fclkenin yer ald\u0131\u011f\u0131 Avrupa k\u0131tas\u0131n\u0131n tarihini yazmak<span class=\"excerpt-hellip\"> [\u2026]<\/span><\/p>\n","protected":false},"featured_media":0,"template":"","meta":{"_monsterinsights_skip_tracking":false,"_monsterinsights_sitenote_active":false,"_monsterinsights_sitenote_note":"","_monsterinsights_sitenote_category":0},"product_brand":[],"product_cat":[12370,12304],"product_tag":[],"class_list":{"0":"post-735729","1":"product","2":"type-product","3":"status-publish","5":"product_cat-arastirma-inceleme","6":"product_cat-tarih","7":"pa_cilt-ciltsiz","8":"pa_tur-kitap","9":"pa_yayinevi-otuken-nesriyat","10":"pa_yazar-selim-hilmi-ozkan","12":"first","13":"instock","14":"sale","15":"shipping-taxable","16":"purchasable","17":"product-type-simple"},"_links":{"self":[{"href":"https:\/\/roveyayinevi.com.tr\/index.php\/wp-json\/wp\/v2\/product\/735729","targetHints":{"allow":["GET"]}}],"collection":[{"href":"https:\/\/roveyayinevi.com.tr\/index.php\/wp-json\/wp\/v2\/product"}],"about":[{"href":"https:\/\/roveyayinevi.com.tr\/index.php\/wp-json\/wp\/v2\/types\/product"}],"wp:attachment":[{"href":"https:\/\/roveyayinevi.com.tr\/index.php\/wp-json\/wp\/v2\/media?parent=735729"}],"wp:term":[{"taxonomy":"product_brand","embeddable":true,"href":"https:\/\/roveyayinevi.com.tr\/index.php\/wp-json\/wp\/v2\/product_brand?post=735729"},{"taxonomy":"product_cat","embeddable":true,"href":"https:\/\/roveyayinevi.com.tr\/index.php\/wp-json\/wp\/v2\/product_cat?post=735729"},{"taxonomy":"product_tag","embeddable":true,"href":"https:\/\/roveyayinevi.com.tr\/index.php\/wp-json\/wp\/v2\/product_tag?post=735729"}],"curies":[{"name":"wp","href":"https:\/\/api.w.org\/{rel}","templated":true}]}}