{"id":735728,"date":"2025-08-27T22:53:03","date_gmt":"2025-08-27T19:53:03","guid":{"rendered":"https:\/\/roveyayinevi.com.tr\/index.php\/urun\/benjamin-2\/"},"modified":"2026-04-16T02:43:59","modified_gmt":"2026-04-15T23:43:59","slug":"benjamin-2","status":"publish","type":"product","link":"https:\/\/roveyayinevi.com.tr\/index.php\/urun\/benjamin-2\/","title":{"rendered":"Benjamin"},"content":{"rendered":"<p>Son zamanlar\u0131n en sevilen \u00e7ocuk kahramanlar\u0131ndan Benjamin\u2019in maceralar\u0131 devam ediyor. Benjamin bir K\u0131z\u0131lderili, bir teleferik operat\u00f6r\u00fc ve bir kaplumba\u011fa uzman\u0131. O art\u0131k haftan\u0131n be\u015f g\u00fcn\u00fc okula giden kocaman bir \u00e7ocuk! Hayat\u0131nda bir\u00e7ok yenilik ve heyecan var. Bir kere, s\u0131n\u0131f\u0131n en k\u00fc\u00e7\u00fc\u011f\u00fc olarak kendini s\u0131n\u0131f\u0131n en b\u00fcy\u00fc\u011f\u00fcne kar\u015f\u0131 kollamas\u0131 laz\u0131m. Neyse ki yan\u0131ndan hi\u00e7 ayr\u0131lmayan dostlar\u0131 var: kaplumba\u011falar\u0131 Bay Sowa ile Bayan Lea ve K\u0131z\u0131lderili arkada\u015f\u0131 Ina. Bo\u015f okul binas\u0131na girmek, bir do\u011fum g\u00fcn\u00fc pastas\u0131 sava\u015f\u0131na kat\u0131lmak birlikte at\u0131lacaklar\u0131 bir dolu maceradan sadece birka\u00e7\u0131. Benjamin\u2019le birlikte b\u00fcy\u00fcmeye haz\u0131r m\u0131s\u0131n\u0131z? \u2026 Oliver Scherz\u2019in derin bir zeka ve insan\u0131n i\u00e7ine i\u015fleyen kavray\u0131\u015f\u0131yla yazd\u0131\u011f\u0131 \u00f6yk\u00fcleri, \u00e7ocuklar\u0131n bak\u0131\u015f a\u00e7\u0131s\u0131n\u0131 yakalayan harikulade anlat\u0131m\u0131yla sesli okumak ve birlikte d\u00fc\u015f\u00fcnmek i\u00e7in birebir.<\/p>\n","protected":false},"excerpt":{"rendered":"<p>Son zamanlar\u0131n en sevilen \u00e7ocuk kahramanlar\u0131ndan Benjamin\u2019in maceralar\u0131 devam ediyor. Benjamin bir K\u0131z\u0131lderili, bir teleferik operat\u00f6r\u00fc ve bir kaplumba\u011fa uzman\u0131. O art\u0131k haftan\u0131n be\u015f g\u00fcn\u00fc okula<span class=\"excerpt-hellip\"> [\u2026]<\/span><\/p>\n","protected":false},"featured_media":0,"template":"","meta":{"_monsterinsights_skip_tracking":false,"_monsterinsights_sitenote_active":false,"_monsterinsights_sitenote_note":"","_monsterinsights_sitenote_category":0},"product_brand":[],"product_cat":[12275,12274],"product_tag":[],"class_list":{"0":"post-735728","1":"product","2":"type-product","3":"status-publish","5":"product_cat-6-12-yas-kitaplari","6":"product_cat-cocuk-ve-genclik-kitaplari","7":"pa_cilt-ciltsiz","8":"pa_tur-kitap","9":"pa_yayinevi-kuraldisi-yayinevi","10":"pa_yazar-oliver-scherz","12":"first","13":"instock","14":"sale","15":"shipping-taxable","16":"purchasable","17":"product-type-simple"},"_links":{"self":[{"href":"https:\/\/roveyayinevi.com.tr\/index.php\/wp-json\/wp\/v2\/product\/735728","targetHints":{"allow":["GET"]}}],"collection":[{"href":"https:\/\/roveyayinevi.com.tr\/index.php\/wp-json\/wp\/v2\/product"}],"about":[{"href":"https:\/\/roveyayinevi.com.tr\/index.php\/wp-json\/wp\/v2\/types\/product"}],"wp:attachment":[{"href":"https:\/\/roveyayinevi.com.tr\/index.php\/wp-json\/wp\/v2\/media?parent=735728"}],"wp:term":[{"taxonomy":"product_brand","embeddable":true,"href":"https:\/\/roveyayinevi.com.tr\/index.php\/wp-json\/wp\/v2\/product_brand?post=735728"},{"taxonomy":"product_cat","embeddable":true,"href":"https:\/\/roveyayinevi.com.tr\/index.php\/wp-json\/wp\/v2\/product_cat?post=735728"},{"taxonomy":"product_tag","embeddable":true,"href":"https:\/\/roveyayinevi.com.tr\/index.php\/wp-json\/wp\/v2\/product_tag?post=735728"}],"curies":[{"name":"wp","href":"https:\/\/api.w.org\/{rel}","templated":true}]}}