{"id":735727,"date":"2025-08-27T22:53:02","date_gmt":"2025-08-27T19:53:02","guid":{"rendered":"https:\/\/roveyayinevi.com.tr\/index.php\/urun\/walden\/"},"modified":"2026-04-16T02:43:59","modified_gmt":"2026-04-15T23:43:59","slug":"walden","status":"publish","type":"product","link":"https:\/\/roveyayinevi.com.tr\/index.php\/urun\/walden\/","title":{"rendered":"Walden"},"content":{"rendered":"<p>Kendim kadar iyi tan\u0131d\u0131\u011f\u0131m ba\u015fka biri olsayd\u0131 kendim hakk\u0131nda bu kadar \u00e7ok konu\u015fmazd\u0131m. \u201cBaz\u0131 \u015feyleri di\u011ferlerine tercih etti\u011fimden -\u00f6zellikle de \u00f6zg\u00fcrl\u00fc\u011f\u00fcme de\u011fer verdi\u011fimden- zar zor ge\u00e7insem bile iyi ya\u015fayabildi\u011fim i\u00e7in zaman\u0131m\u0131 pahal\u0131 hal\u0131lar, g\u00fczel mobilyalar, lezzetli yemekler ve Yunan ya da Gotik stilinde evler sat\u0131n alacak paray\u0131 kazanmak i\u00e7in harcamak istemiyordum. K\u0131sacas\u0131, nas\u0131l daha sade uluslar\u0131n u\u011fra\u015flar\u0131 daha yapmac\u0131k olanlar\u0131n sporuysa, basit ve bilgece ya\u015fad\u0131\u011f\u0131m\u0131z takdirde bu d\u00fcnyada ki\u015finin ge\u00e7imini sa\u011flamas\u0131n\u0131n bir g\u00fc\u00e7l\u00fck de\u011fil, ho\u015f bir me\u015fgale oldu\u011funa hem inanarak hem de deneyimleyerek buna ikna oldum.\u201d diye a\u00e7\u0131kl\u0131yor sade ve insanlardan g\u00f6rece uzak ya\u015fam\u0131 se\u00e7en yazar Walden\u2019da. Ve kendisine \u201cYaln\u0131z olmaktan s\u0131k\u0131l\u0131yorsundur.\u201d gibi asl\u0131nda onu hi\u00e7 tan\u0131madan yap\u0131lan yorumlara cevap veriyor: \u201cNas\u0131l bir mesafe bir insan\u0131 arkada\u015flar\u0131ndan ay\u0131r\u0131p onu yaln\u0131z b\u0131rakabilir? Hi\u00e7bir ad\u0131m\u0131n iki zihni birbirine yakla\u015ft\u0131ramayaca\u011f\u0131n\u0131 \u00f6\u011frendim.\u201d PEN \u00f6d\u00fcll\u00fc yazar Mitch Horowitz\u2019in edit\u00f6rl\u00fc\u011f\u00fcn\u00fc ve \u00f6zetleme g\u00f6revini \u00fcstlendi\u011fi K\u0131salt\u0131lm\u0131\u015f Klasikler Serisi, \u00e7a\u011f\u0131m\u0131za damgas\u0131n\u0131 vuran ve milyonlar\u0131 etkileyen \u00e7ok de\u011ferli kitaplar\u0131n \u00f6z h\u00e2le getirilmi\u015f versiyonlar\u0131ndan olu\u015fmaktad\u0131r. Bilginin b\u00fcy\u00fck bir h\u0131zla yay\u0131ld\u0131\u011f\u0131 modern \u00e7a\u011fda, vakti s\u0131n\u0131rl\u0131 olmas\u0131na ra\u011fmen kendini geli\u015ftirmek isteyen okurlar d\u00fc\u015f\u00fcn\u00fclerek haz\u0131rlanm\u0131\u015ft\u0131r.<\/p>\n","protected":false},"excerpt":{"rendered":"<p>Kendim kadar iyi tan\u0131d\u0131\u011f\u0131m ba\u015fka biri olsayd\u0131 kendim hakk\u0131nda bu kadar \u00e7ok konu\u015fmazd\u0131m. \u201cBaz\u0131 \u015feyleri di\u011ferlerine tercih etti\u011fimden -\u00f6zellikle de \u00f6zg\u00fcrl\u00fc\u011f\u00fcme de\u011fer verdi\u011fimden- zar zor ge\u00e7insem<span class=\"excerpt-hellip\"> [\u2026]<\/span><\/p>\n","protected":false},"featured_media":0,"template":"","meta":{"_monsterinsights_skip_tracking":false,"_monsterinsights_sitenote_active":false,"_monsterinsights_sitenote_note":"","_monsterinsights_sitenote_category":0},"product_brand":[],"product_cat":[12364,12376],"product_tag":[],"class_list":{"0":"post-735727","1":"product","2":"type-product","3":"status-publish","5":"product_cat-genel-konular","6":"product_cat-kisisel-gelisim","7":"pa_cilt-ciltsiz","8":"pa_tur-kitap","9":"pa_yayinevi-sola-unitas","10":"pa_yazar-henry-david-thoreau","12":"first","13":"instock","14":"sale","15":"shipping-taxable","16":"purchasable","17":"product-type-simple"},"_links":{"self":[{"href":"https:\/\/roveyayinevi.com.tr\/index.php\/wp-json\/wp\/v2\/product\/735727","targetHints":{"allow":["GET"]}}],"collection":[{"href":"https:\/\/roveyayinevi.com.tr\/index.php\/wp-json\/wp\/v2\/product"}],"about":[{"href":"https:\/\/roveyayinevi.com.tr\/index.php\/wp-json\/wp\/v2\/types\/product"}],"wp:attachment":[{"href":"https:\/\/roveyayinevi.com.tr\/index.php\/wp-json\/wp\/v2\/media?parent=735727"}],"wp:term":[{"taxonomy":"product_brand","embeddable":true,"href":"https:\/\/roveyayinevi.com.tr\/index.php\/wp-json\/wp\/v2\/product_brand?post=735727"},{"taxonomy":"product_cat","embeddable":true,"href":"https:\/\/roveyayinevi.com.tr\/index.php\/wp-json\/wp\/v2\/product_cat?post=735727"},{"taxonomy":"product_tag","embeddable":true,"href":"https:\/\/roveyayinevi.com.tr\/index.php\/wp-json\/wp\/v2\/product_tag?post=735727"}],"curies":[{"name":"wp","href":"https:\/\/api.w.org\/{rel}","templated":true}]}}