{"id":735726,"date":"2025-08-27T22:53:01","date_gmt":"2025-08-27T19:53:01","guid":{"rendered":"https:\/\/roveyayinevi.com.tr\/index.php\/urun\/geysa\/"},"modified":"2026-04-16T02:43:59","modified_gmt":"2026-04-15T23:43:59","slug":"geysa","status":"publish","type":"product","link":"https:\/\/roveyayinevi.com.tr\/index.php\/urun\/geysa\/","title":{"rendered":"Gey\u015fa"},"content":{"rendered":"<p>R\u00fczg\u00e2r sakl\u0131 bulutlar ge\u00e7iyordu A\u011flamakl\u0131 ya\u011fmurlar e\u015fli\u011finde \u0130\u00e7imde bir h\u00fcz\u00fcnl\u00fc bir \u00e7ocuk \u0130\u00e7imde bir mavilikti senden kalan D\u00fc\u015fler umutsuzdu \u00f6l\u00fcm kokulu mevsim Kerpi\u00e7 evlerin yank\u0131s\u0131na d\u00fc\u015f\u00fcyordu a\u011f\u0131tlar Arzular\u0131mda bir hayat bir mavi g\u00f6ky\u00fcz\u00fc Sakla zulanda ne olur Ya\u015fam direncimi Myra <\/p>\n","protected":false},"excerpt":{"rendered":"<p>R\u00fczg\u00e2r sakl\u0131 bulutlar ge\u00e7iyordu A\u011flamakl\u0131 ya\u011fmurlar e\u015fli\u011finde \u0130\u00e7imde bir h\u00fcz\u00fcnl\u00fc bir \u00e7ocuk \u0130\u00e7imde bir mavilikti senden kalan D\u00fc\u015fler umutsuzdu \u00f6l\u00fcm kokulu mevsim Kerpi\u00e7 evlerin yank\u0131s\u0131na d\u00fc\u015f\u00fcyordu<span class=\"excerpt-hellip\"> [\u2026]<\/span><\/p>\n","protected":false},"featured_media":0,"template":"","meta":{"_monsterinsights_skip_tracking":false,"_monsterinsights_sitenote_active":false,"_monsterinsights_sitenote_note":"","_monsterinsights_sitenote_category":0},"product_brand":[],"product_cat":[12291,12711],"product_tag":[],"class_list":{"0":"post-735726","1":"product","2":"type-product","3":"status-publish","5":"product_cat-edebiyat","6":"product_cat-roman-oyku","7":"pa_cilt-ciltsiz","8":"pa_tur-kitap","9":"pa_yayinevi-imla-yayinevi","10":"pa_yazar-gulsum-coskun","12":"first","13":"instock","14":"sale","15":"shipping-taxable","16":"purchasable","17":"product-type-simple"},"_links":{"self":[{"href":"https:\/\/roveyayinevi.com.tr\/index.php\/wp-json\/wp\/v2\/product\/735726","targetHints":{"allow":["GET"]}}],"collection":[{"href":"https:\/\/roveyayinevi.com.tr\/index.php\/wp-json\/wp\/v2\/product"}],"about":[{"href":"https:\/\/roveyayinevi.com.tr\/index.php\/wp-json\/wp\/v2\/types\/product"}],"wp:attachment":[{"href":"https:\/\/roveyayinevi.com.tr\/index.php\/wp-json\/wp\/v2\/media?parent=735726"}],"wp:term":[{"taxonomy":"product_brand","embeddable":true,"href":"https:\/\/roveyayinevi.com.tr\/index.php\/wp-json\/wp\/v2\/product_brand?post=735726"},{"taxonomy":"product_cat","embeddable":true,"href":"https:\/\/roveyayinevi.com.tr\/index.php\/wp-json\/wp\/v2\/product_cat?post=735726"},{"taxonomy":"product_tag","embeddable":true,"href":"https:\/\/roveyayinevi.com.tr\/index.php\/wp-json\/wp\/v2\/product_tag?post=735726"}],"curies":[{"name":"wp","href":"https:\/\/api.w.org\/{rel}","templated":true}]}}