{"id":735725,"date":"2025-08-27T22:53:00","date_gmt":"2025-08-27T19:53:00","guid":{"rendered":"https:\/\/roveyayinevi.com.tr\/index.php\/urun\/ibn-tufeylin-modern-bati-dusuncesi-uzerindeki-etkisi\/"},"modified":"2026-04-16T02:43:59","modified_gmt":"2026-04-15T23:43:59","slug":"ibn-tufeylin-modern-bati-dusuncesi-uzerindeki-etkisi","status":"publish","type":"product","link":"https:\/\/roveyayinevi.com.tr\/index.php\/urun\/ibn-tufeylin-modern-bati-dusuncesi-uzerindeki-etkisi\/","title":{"rendered":"\u0130bn Tufeyl&#8217;in Modern Bat\u0131 D\u00fc\u015f\u00fcncesi \u00dczerindeki Etkisi"},"content":{"rendered":"<p>\u0130bn Tufeyl\u2019in Modern Bat\u0131 D\u00fc\u015f\u00fcncesi \u00dczerindeki Etkisi, 12. y\u00fczy\u0131lda End\u00fcl\u00fcs\u2019te ya\u015fam\u0131\u015f bir M\u00fcsl\u00fcman filozof olan \u0130bn Tufeyl\u2019in \u00f6nde gelen Avrupal\u0131 d\u00fc\u015f\u00fcn\u00fcrler \u00fczerindeki etkisini ele alan bir makaleler derlemesidir. Yazara g\u00f6re, \u0130bn Tufeyl\u2019in felsefi roman\u0131 Hayy bin Yakzan, Bilim Devrimi\u2019ni m\u00fcjdeleyen en \u00f6nemli kitaplardan biri olarak kabul edilebilir. Bu \u00e7er\u00e7evede \u0130bn Tufeyl\u2019in d\u00fc\u015f\u00fcnceleri, Thomas Hobbes, John Locke, Isaac Newton ve Kant gibi filozoflar\u0131 derinden etkilemi\u015f ve s\u00f6z konusu filozoflar\u0131n kitaplar\u0131nda farkl\u0131 \u015fekillerde yer alm\u0131\u015ft\u0131r. Yine yazara g\u00f6re, \u0130bn Tufeyl&#8217;in felsefesi Avrupa yaz\u0131n\u0131nda y\u00fczy\u0131llar boyunca benimsenmi\u015f, ele\u015ftirilmi\u015f ve s\u00fcrekli yeniden icat edilmi\u015ftir. Ancak b\u00f6ylesine etkili bir roman yazm\u0131\u015f olmas\u0131na ra\u011fmen, \u0130bn Tufeyl\u2019in hat\u0131ras\u0131 zaman i\u00e7inde unutulmu\u015f, tarihin tozlu raflar\u0131nda kaybolmu\u015ftur. Elinizdeki kitap, \u0130bn Tufeyl\u2019in son derece \u00f6nemli felsefi roman\u0131n\u0131n modern Bat\u0131 d\u00fc\u015f\u00fcncesi \u00fczerinde g\u00fcn\u00fcm\u00fczde de devam eden etkisini ele almaktad\u0131r. Bu ilgi \u00e7ekici \u00e7al\u0131\u015fma, kar\u015f\u0131la\u015ft\u0131rmal\u0131 edebiyat alan\u0131nda \u00e7al\u0131\u015fan okurlara da hitap etmektedir. <\/p>\n","protected":false},"excerpt":{"rendered":"<p>\u0130bn Tufeyl\u2019in Modern Bat\u0131 D\u00fc\u015f\u00fcncesi \u00dczerindeki Etkisi, 12. y\u00fczy\u0131lda End\u00fcl\u00fcs\u2019te ya\u015fam\u0131\u015f bir M\u00fcsl\u00fcman filozof olan \u0130bn Tufeyl\u2019in \u00f6nde gelen Avrupal\u0131 d\u00fc\u015f\u00fcn\u00fcrler \u00fczerindeki etkisini ele alan bir<span class=\"excerpt-hellip\"> [\u2026]<\/span><\/p>\n","protected":false},"featured_media":0,"template":"","meta":{"_monsterinsights_skip_tracking":false,"_monsterinsights_sitenote_active":false,"_monsterinsights_sitenote_note":"","_monsterinsights_sitenote_category":0},"product_brand":[],"product_cat":[12718,12719,13025],"product_tag":[],"class_list":{"0":"post-735725","1":"product","2":"type-product","3":"status-publish","5":"product_cat-din","6":"product_cat-islam","7":"product_cat-islam-ve-gunumuz-islam-dusuncesi","8":"pa_cilt-ciltsiz","9":"pa_tur-kitap","10":"pa_yayinevi-albaraka-yayinlari","11":"pa_yazar-samar-attar","13":"first","14":"instock","15":"sale","16":"shipping-taxable","17":"purchasable","18":"product-type-simple"},"_links":{"self":[{"href":"https:\/\/roveyayinevi.com.tr\/index.php\/wp-json\/wp\/v2\/product\/735725","targetHints":{"allow":["GET"]}}],"collection":[{"href":"https:\/\/roveyayinevi.com.tr\/index.php\/wp-json\/wp\/v2\/product"}],"about":[{"href":"https:\/\/roveyayinevi.com.tr\/index.php\/wp-json\/wp\/v2\/types\/product"}],"wp:attachment":[{"href":"https:\/\/roveyayinevi.com.tr\/index.php\/wp-json\/wp\/v2\/media?parent=735725"}],"wp:term":[{"taxonomy":"product_brand","embeddable":true,"href":"https:\/\/roveyayinevi.com.tr\/index.php\/wp-json\/wp\/v2\/product_brand?post=735725"},{"taxonomy":"product_cat","embeddable":true,"href":"https:\/\/roveyayinevi.com.tr\/index.php\/wp-json\/wp\/v2\/product_cat?post=735725"},{"taxonomy":"product_tag","embeddable":true,"href":"https:\/\/roveyayinevi.com.tr\/index.php\/wp-json\/wp\/v2\/product_tag?post=735725"}],"curies":[{"name":"wp","href":"https:\/\/api.w.org\/{rel}","templated":true}]}}