{"id":735724,"date":"2025-08-27T22:52:59","date_gmt":"2025-08-27T19:52:59","guid":{"rendered":"https:\/\/roveyayinevi.com.tr\/index.php\/urun\/kesifler-caginda-hint-iran-seyahatleri\/"},"modified":"2026-04-16T02:43:59","modified_gmt":"2026-04-15T23:43:59","slug":"kesifler-caginda-hint-iran-seyahatleri","status":"publish","type":"product","link":"https:\/\/roveyayinevi.com.tr\/index.php\/urun\/kesifler-caginda-hint-iran-seyahatleri\/","title":{"rendered":"Ke\u015fifler \u00c7a\u011f\u0131nda Hint \u0130ran Seyahatleri"},"content":{"rendered":"<p>Bu kitap; Hindistan, \u0130ran ve Orta Asya ile ilgili Fars\u00e7a kaleme al\u0131nm\u0131\u015f seyahatnamelerin ayr\u0131nt\u0131l\u0131 ve incelikli okumalar\u0131na dayanan \u00e7\u0131\u011f\u0131r a\u00e7\u0131c\u0131 bir \u00e7al\u0131\u015fmad\u0131r. \u00d6nemli bir d\u00f6n\u00fc\u015f\u00fcm ve k\u00fclt\u00fcrel temas \u00e7a\u011f\u0131nda \u00fcretilmi\u015f ve B\u00e2b\u00fcrl\u00fcler, Safev\u00eeler ve Orta Asya\u2019y\u0131 birbirine ba\u011flayan bu ihmal edilmi\u015f edebiyat t\u00fcr\u00fcn\u00fcn (sefern\u00e2me) ilk kapsaml\u0131 incelemesidir. Kitab\u0131n yazarlar\u0131n\u0131n bu seyahatnamelere dair yapt\u0131klar\u0131 yak\u0131n okuma, bu k\u0131ymetli anlat\u0131lar\u0131 \u00fcreten M\u00fcsl\u00fcman ve gayrim\u00fcslim yazarlar\u0131n zihinsel ve manevi d\u00fcnyalar\u0131na n\u00fcfuz etmemize yard\u0131mc\u0131 olmaktad\u0131r. Bu metinler, onlar\u0131 Asya ba\u011flam\u0131nda \u00fcretilen di\u011fer anlat\u0131lar\u0131n yan\u0131 s\u0131ra erken modern Avrupa seyahat anlat\u0131lar\u0131 ile de yan yana getiren ve k\u00fclt\u00fcr tarihi ile materyal tarih i\u00e7erisinde olduk\u00e7a zengin ve umulmad\u0131k bir bak\u0131\u015f a\u00e7\u0131s\u0131n\u0131n kap\u0131s\u0131n\u0131 aralayan kar\u015f\u0131la\u015ft\u0131rmal\u0131 bir \u00e7er\u00e7evede sunulmaktad\u0131r. Bu kitap, sadece erken modern kar\u015f\u0131la\u015fmalar\u0131n do\u011fas\u0131n\u0131 daha iyi anlamak i\u00e7in de\u011fil, ayn\u0131 zamanda sadece yeni bir d\u00fcnyaya ad\u0131m atman\u0131n verdi\u011fi keyif i\u00e7in de okunabilir. <\/p>\n","protected":false},"excerpt":{"rendered":"<p>Bu kitap; Hindistan, \u0130ran ve Orta Asya ile ilgili Fars\u00e7a kaleme al\u0131nm\u0131\u015f seyahatnamelerin ayr\u0131nt\u0131l\u0131 ve incelikli okumalar\u0131na dayanan \u00e7\u0131\u011f\u0131r a\u00e7\u0131c\u0131 bir \u00e7al\u0131\u015fmad\u0131r. \u00d6nemli bir d\u00f6n\u00fc\u015f\u00fcm ve<span class=\"excerpt-hellip\"> [\u2026]<\/span><\/p>\n","protected":false},"featured_media":0,"template":"","meta":{"_monsterinsights_skip_tracking":false,"_monsterinsights_sitenote_active":false,"_monsterinsights_sitenote_note":"","_monsterinsights_sitenote_category":0},"product_brand":[],"product_cat":[12370,12304],"product_tag":[],"class_list":{"0":"post-735724","1":"product","2":"type-product","3":"status-publish","5":"product_cat-arastirma-inceleme","6":"product_cat-tarih","7":"pa_cilt-ciltsiz","8":"pa_tur-kitap","9":"pa_yayinevi-albaraka-yayinlari","10":"pa_yazar-sanjay-subrahmanyam-muzaffar-alam","12":"first","13":"instock","14":"sale","15":"shipping-taxable","16":"purchasable","17":"product-type-simple"},"_links":{"self":[{"href":"https:\/\/roveyayinevi.com.tr\/index.php\/wp-json\/wp\/v2\/product\/735724","targetHints":{"allow":["GET"]}}],"collection":[{"href":"https:\/\/roveyayinevi.com.tr\/index.php\/wp-json\/wp\/v2\/product"}],"about":[{"href":"https:\/\/roveyayinevi.com.tr\/index.php\/wp-json\/wp\/v2\/types\/product"}],"wp:attachment":[{"href":"https:\/\/roveyayinevi.com.tr\/index.php\/wp-json\/wp\/v2\/media?parent=735724"}],"wp:term":[{"taxonomy":"product_brand","embeddable":true,"href":"https:\/\/roveyayinevi.com.tr\/index.php\/wp-json\/wp\/v2\/product_brand?post=735724"},{"taxonomy":"product_cat","embeddable":true,"href":"https:\/\/roveyayinevi.com.tr\/index.php\/wp-json\/wp\/v2\/product_cat?post=735724"},{"taxonomy":"product_tag","embeddable":true,"href":"https:\/\/roveyayinevi.com.tr\/index.php\/wp-json\/wp\/v2\/product_tag?post=735724"}],"curies":[{"name":"wp","href":"https:\/\/api.w.org\/{rel}","templated":true}]}}