{"id":735723,"date":"2025-08-27T22:52:58","date_gmt":"2025-08-27T19:52:58","guid":{"rendered":"https:\/\/roveyayinevi.com.tr\/index.php\/urun\/nefs-ve-akil-risalesi\/"},"modified":"2026-04-16T02:43:59","modified_gmt":"2026-04-15T23:43:59","slug":"nefs-ve-akil-risalesi","status":"publish","type":"product","link":"https:\/\/roveyayinevi.com.tr\/index.php\/urun\/nefs-ve-akil-risalesi\/","title":{"rendered":"Nefs ve Ak\u0131l Risalesi"},"content":{"rendered":"<p>Elinizdeki bu \u00e7al\u0131\u015fma, bir\u00e7ok alanda eser vermekle birlikte \u00f6zellikle ahlak felsefesinde \u00f6ne \u00e7\u0131kan \u0130bn Miskeveyh\u2019in el-Mak\u00e2le fi\u2019n-nefs ve\u2019l-akl (Nefs ve Ak\u0131l Risalesi) isimli risalesinin hem yeni bir edisyonunu hem de T\u00fcrk\u00e7e terc\u00fcmesini sunmaktad\u0131r. S\u00f6z konusu risale, \u0130bn Miskeveyh\u2019in a\u00e7\u0131k\u00e7a ad\u0131n\u0131 zikretme\u011fi bir \u015fahs\u0131n, nefs ve akl\u0131n varl\u0131\u011f\u0131 ve mahiyetiyle ilgili ona y\u00f6neltti\u011fi toplamda on soru\/itiraz ve onlara dair kendisinin verdi\u011fi cevaplar\u0131 ihtiva eder. Sorular\u0131n\/itirazlar\u0131n i\u00e7eri\u011finden, materyalist bir deneyci oldu\u011fu anla\u015f\u0131lan bu ki\u015fi, nefs ve akl\u0131 devaml\u0131 olarak s\u0131cakl\u0131k, \u0131\u015f\u0131k ve nura indirgeme \u00e7abas\u0131 i\u00e7indedir ve duyu idraklerini a\u015facak \u015fekilde cisim veya cisimsel olmayan bir nefs ve ak\u0131l d\u00fc\u015f\u00fcncesine kar\u015f\u0131d\u0131r. Zira ona g\u00f6re duyu idrakine dayanmayan her t\u00fcrl\u00fc d\u00fc\u015f\u00fcnce\/fikir, kuruntu\/ham hayal (melancholy) olmaktan kurtulamaz. Bu durum kar\u015f\u0131s\u0131nda \u0130bn Miskeveyh bilgi kaynaklar\u0131n\u0131n sadece duyu idrakleriyle s\u0131n\u0131rl\u0131 olmad\u0131\u011f\u0131n\u0131, bilakis onlar\u0131n da \u00fczerinde h\u00fck\u00fcmde bulunan bir ak\u0131l ve nefsin bulundu\u011funu, dahas\u0131 bunlar\u0131n maddi de olmad\u0131\u011f\u0131n\u0131 temellendirerek itiraz sahibinin \u015f\u00fcphelerine cevap \u00fcretmeye \u00e7al\u0131\u015f\u0131r. Dolay\u0131s\u0131yla bu \u00e7al\u0131\u015fma, nefs ve akl\u0131n ontolojisiyle ilgili k\u0131ymetli de\u011ferlendirmeler i\u00e7ermekle birlikte, \u00f6zellikle epistemolojik a\u00e7\u0131dan materyalist ve deneyci bir gelenek ile Yeni Platoncu gelene\u011fin iki \u00f6nemli mensubunun kar\u015f\u0131 kar\u015f\u0131ya geldi\u011fi bir diyalekti\u011fi serimlemesi a\u00e7\u0131s\u0131ndan son derece \u00f6nemlidir. <\/p>\n","protected":false},"excerpt":{"rendered":"<p>Elinizdeki bu \u00e7al\u0131\u015fma, bir\u00e7ok alanda eser vermekle birlikte \u00f6zellikle ahlak felsefesinde \u00f6ne \u00e7\u0131kan \u0130bn Miskeveyh\u2019in el-Mak\u00e2le fi\u2019n-nefs ve\u2019l-akl (Nefs ve Ak\u0131l Risalesi) isimli risalesinin hem yeni<span class=\"excerpt-hellip\"> [\u2026]<\/span><\/p>\n","protected":false},"featured_media":0,"template":"","meta":{"_monsterinsights_skip_tracking":false,"_monsterinsights_sitenote_active":false,"_monsterinsights_sitenote_note":"","_monsterinsights_sitenote_category":0},"product_brand":[],"product_cat":[12718,12719],"product_tag":[],"class_list":{"0":"post-735723","1":"product","2":"type-product","3":"status-publish","5":"product_cat-din","6":"product_cat-islam","7":"pa_cilt-ciltsiz","8":"pa_tur-kitap","9":"pa_yayinevi-albaraka-yayinlari","10":"pa_yazar-ibn-miskeveyh","12":"first","13":"instock","14":"sale","15":"shipping-taxable","16":"purchasable","17":"product-type-simple"},"_links":{"self":[{"href":"https:\/\/roveyayinevi.com.tr\/index.php\/wp-json\/wp\/v2\/product\/735723","targetHints":{"allow":["GET"]}}],"collection":[{"href":"https:\/\/roveyayinevi.com.tr\/index.php\/wp-json\/wp\/v2\/product"}],"about":[{"href":"https:\/\/roveyayinevi.com.tr\/index.php\/wp-json\/wp\/v2\/types\/product"}],"wp:attachment":[{"href":"https:\/\/roveyayinevi.com.tr\/index.php\/wp-json\/wp\/v2\/media?parent=735723"}],"wp:term":[{"taxonomy":"product_brand","embeddable":true,"href":"https:\/\/roveyayinevi.com.tr\/index.php\/wp-json\/wp\/v2\/product_brand?post=735723"},{"taxonomy":"product_cat","embeddable":true,"href":"https:\/\/roveyayinevi.com.tr\/index.php\/wp-json\/wp\/v2\/product_cat?post=735723"},{"taxonomy":"product_tag","embeddable":true,"href":"https:\/\/roveyayinevi.com.tr\/index.php\/wp-json\/wp\/v2\/product_tag?post=735723"}],"curies":[{"name":"wp","href":"https:\/\/api.w.org\/{rel}","templated":true}]}}