{"id":735721,"date":"2025-08-27T22:52:56","date_gmt":"2025-08-27T19:52:56","guid":{"rendered":"https:\/\/roveyayinevi.com.tr\/index.php\/urun\/delaletul-hairin\/"},"modified":"2026-04-16T02:43:59","modified_gmt":"2026-04-15T23:43:59","slug":"delaletul-hairin","status":"publish","type":"product","link":"https:\/\/roveyayinevi.com.tr\/index.php\/urun\/delaletul-hairin\/","title":{"rendered":"Delaletu&#8217;l Hairin"},"content":{"rendered":"<p>\u0130bn Meym\u00fbn, Yahudilik dini a\u00e7\u0131s\u0131ndan \u00f6nemli bir \u015fahsiyet olup \u201c\u0130kinci Musa\u201d olarak an\u0131lmaktad\u0131r. M\u00fcsl\u00fcman bir co\u011frafyada yeti\u015fen ve hatta Eyyub\u00ee Saray\u0131\u2019nda saray hekimi olarak g\u00f6rev yapan \u0130bn Meym\u00fbn; F\u00e2r\u00e2b\u00ee, \u0130bn S\u00eena, Gaz\u00e2l\u00ee, \u0130bn B\u00e2cce ve \u0130bn R\u00fc\u015fd gibi M\u00fcsl\u00fcman filozoflar\u0131n yan\u0131 s\u0131ra \u00f6zellikle Mutezil\u00ee kelam\u0131ndan olduk\u00e7a etkilenmi\u015f ve bu etki onun eserlerine yans\u0131m\u0131\u015ft\u0131r. Del\u00e2letu\u2019l-h\u00e2ir\u00een adl\u0131 eseri okundu\u011funda bu etki bariz bir \u015fekilde g\u00f6r\u00fclebilir. Bu etkiden dolay\u0131 \u0130bn Meym\u00fbn\u2019u -Frank Griffel\u2019in de belirtti\u011fi gibi- \u0130slam D\u00fc\u015f\u00fcncesi\u2019nin bir tilmizi olarak nitelemek yanl\u0131\u015f olmayacakt\u0131r.Eseri \u00f6nemli k\u0131lan di\u011fer bir husus ise \u0130slam D\u00fc\u015f\u00fcncesi\u2019nin Bat\u0131\u2019ya aktar\u0131m\u0131nda Del\u00e2letu\u2019l-h\u00e2ir\u00een\u2019in bir k\u00f6pr\u00fc vazifesi g\u00f6rm\u00fc\u015f olmas\u0131d\u0131r. 1220\u2019li y\u0131llarda, Palermolu John taraf\u0131ndan Latinceye \u00e7evrilen Del\u00e2letu\u2019l-h\u00e2ir\u00een ba\u015fta Thomas Aquinas, Albertus Magnus, Duns Scotus, Romal\u0131 Giles olmak \u00fczere Orta \u00c7a\u011f\u2019daki bir\u00e7ok d\u00fc\u015f\u00fcn\u00fcr\u00fcn kaynaklar\u0131 aras\u0131nda yer alm\u0131\u015ft\u0131r. Nitekim bu d\u00fc\u015f\u00fcn\u00fcrler Rabbi Moses ismi ile s\u0131k s\u0131k \u0130bn Meym\u00fbn\u2019a referansta bulunmakta ve gerek felsefi gerekse teolojik meselelerde onun g\u00f6r\u00fc\u015flerine yer vermektedirler. Dolay\u0131s\u0131yla \u0130slam d\u00fc\u015f\u00fcncesinin etkisiyle kaleme al\u0131nan bu eserin, Bat\u0131\u2019ya y\u00f6n veren metinlerden biri oldu\u011funu s\u00f6ylemek m\u00fcmk\u00fcnd\u00fcr.Felsefe ve teoloji gibi konular\u0131 ele alan eser genelde d\u00fc\u015f\u00fcnce tarihi, \u00f6zelde ise Felsefe Tarihi, \u0130slam Felsefesi, Din Felsefesi, Kelam, Dinler Tarihi, Tefsir ve F\u0131k\u0131h gibi disiplinlerle yak\u0131ndan ili\u015fkilidir.<\/p>\n","protected":false},"excerpt":{"rendered":"<p>\u0130bn Meym\u00fbn, Yahudilik dini a\u00e7\u0131s\u0131ndan \u00f6nemli bir \u015fahsiyet olup \u201c\u0130kinci Musa\u201d olarak an\u0131lmaktad\u0131r. M\u00fcsl\u00fcman bir co\u011frafyada yeti\u015fen ve hatta Eyyub\u00ee Saray\u0131\u2019nda saray hekimi olarak g\u00f6rev yapan<span class=\"excerpt-hellip\"> [\u2026]<\/span><\/p>\n","protected":false},"featured_media":0,"template":"","meta":{"_monsterinsights_skip_tracking":false,"_monsterinsights_sitenote_active":false,"_monsterinsights_sitenote_note":"","_monsterinsights_sitenote_category":0},"product_brand":[],"product_cat":[16789,12718,12719],"product_tag":[],"class_list":{"0":"post-735721","1":"product","2":"type-product","3":"status-publish","5":"product_cat-diger-islam","6":"product_cat-din","7":"product_cat-islam","8":"pa_cilt-ciltsiz","9":"pa_tur-kitap","10":"pa_yayinevi-albaraka-yayinlari","11":"pa_yazar-ibn-meymun","13":"first","14":"instock","15":"sale","16":"shipping-taxable","17":"purchasable","18":"product-type-simple"},"_links":{"self":[{"href":"https:\/\/roveyayinevi.com.tr\/index.php\/wp-json\/wp\/v2\/product\/735721","targetHints":{"allow":["GET"]}}],"collection":[{"href":"https:\/\/roveyayinevi.com.tr\/index.php\/wp-json\/wp\/v2\/product"}],"about":[{"href":"https:\/\/roveyayinevi.com.tr\/index.php\/wp-json\/wp\/v2\/types\/product"}],"wp:attachment":[{"href":"https:\/\/roveyayinevi.com.tr\/index.php\/wp-json\/wp\/v2\/media?parent=735721"}],"wp:term":[{"taxonomy":"product_brand","embeddable":true,"href":"https:\/\/roveyayinevi.com.tr\/index.php\/wp-json\/wp\/v2\/product_brand?post=735721"},{"taxonomy":"product_cat","embeddable":true,"href":"https:\/\/roveyayinevi.com.tr\/index.php\/wp-json\/wp\/v2\/product_cat?post=735721"},{"taxonomy":"product_tag","embeddable":true,"href":"https:\/\/roveyayinevi.com.tr\/index.php\/wp-json\/wp\/v2\/product_tag?post=735721"}],"curies":[{"name":"wp","href":"https:\/\/api.w.org\/{rel}","templated":true}]}}