{"id":735720,"date":"2025-08-27T22:52:55","date_gmt":"2025-08-27T19:52:55","guid":{"rendered":"https:\/\/roveyayinevi.com.tr\/index.php\/urun\/dunyanin-tekduzelesmesi\/"},"modified":"2026-04-16T02:43:59","modified_gmt":"2026-04-15T23:43:59","slug":"dunyanin-tekduzelesmesi","status":"publish","type":"product","link":"https:\/\/roveyayinevi.com.tr\/index.php\/urun\/dunyanin-tekduzelesmesi\/","title":{"rendered":"D\u00fcnyan\u0131n Tekd\u00fczele\u015fmesi"},"content":{"rendered":"<p>Nereye bakarsak bakal\u0131m, ister do\u011faya ister insanlara ve onlar\u0131n k\u00fclt\u00fcrlerine, daha az \u00e7e\u015fitlili\u011fe do\u011fru bir e\u011filim oldu\u011fu g\u00f6zlemlenebilir. Bunlar\u0131n sebepleri aras\u0131nda kentle\u015fme, daha fazla hareketlilik, k\u00fcreselle\u015fme, sanayile\u015fmi\u015f tar\u0131m, iklim de\u011fi\u015fikli\u011fi, b\u00fcy\u00fck g\u0131da \u015firketlerinin tekelleri ve genel olarak kapitalist ekonomi gibi bir dizi neden say\u0131labilir.   Bununla birlikte Thomas Bauer\u2019in elinizdeki kitab\u0131 etraf\u0131m\u0131zdaki \u00e7e\u015fitlili\u011fin varl\u0131\u011f\u0131n\u0131 g\u00f6stermekle ilgili de\u011fildir, kitap daha ziyade, \u00e7e\u015fitlili\u011fin t\u00fcm tezah\u00fcrlerine katlanma konusundaki arzumuz veya \u00e7ekincemiz hakk\u0131ndad\u0131r. Kitapta bir yanda etnik \u00e7e\u015fitlilik veya farkl\u0131 ya\u015fam tarzlar\u0131 gibi, d\u0131\u015f \u00e7e\u015fitlilikle olan ili\u015fkilerimiz, di\u011fer yanda mu\u011flak bir d\u00fcnyan\u0131n \u00e7e\u015fitli hakikatleriyle olan ili\u015fkilerimiz tart\u0131\u015f\u0131lmaktad\u0131r. Yazara g\u00f6re insanlar s\u00fcrekli olarak farkl\u0131 yorumlara izin veren, belirsiz g\u00f6r\u00fcnen, net bir anlam ifade etmeyen, birbiriyle \u00e7eli\u015fen, z\u0131t duygular\u0131 tetikleyen vs. izlenimlere maruz kal\u0131rlar. K\u0131sacas\u0131 d\u00fcnya m\u00fcphemliklerle doludur ve \u00e7a\u011f\u0131m\u0131z\u0131n h\u00e2kim k\u00fclt\u00fcr\u00fcn\u00fc bu m\u00fcphemliklere kar\u015f\u0131 alaca\u011f\u0131m\u0131z tav\u0131r belirleyecektir. <\/p>\n","protected":false},"excerpt":{"rendered":"<p>Nereye bakarsak bakal\u0131m, ister do\u011faya ister insanlara ve onlar\u0131n k\u00fclt\u00fcrlerine, daha az \u00e7e\u015fitlili\u011fe do\u011fru bir e\u011filim oldu\u011fu g\u00f6zlemlenebilir. Bunlar\u0131n sebepleri aras\u0131nda kentle\u015fme, daha fazla hareketlilik, k\u00fcreselle\u015fme,<span class=\"excerpt-hellip\"> [\u2026]<\/span><\/p>\n","protected":false},"featured_media":0,"template":"","meta":{"_monsterinsights_skip_tracking":false,"_monsterinsights_sitenote_active":false,"_monsterinsights_sitenote_note":"","_monsterinsights_sitenote_category":0},"product_brand":[],"product_cat":[12777,12291],"product_tag":[],"class_list":{"0":"post-735720","1":"product","2":"type-product","3":"status-publish","5":"product_cat-deneme","6":"product_cat-edebiyat","7":"pa_cilt-ciltsiz","8":"pa_tur-kitap","9":"pa_yayinevi-albaraka-yayinlari","10":"pa_yazar-thomas-bauer","12":"first","13":"instock","14":"sale","15":"shipping-taxable","16":"purchasable","17":"product-type-simple"},"_links":{"self":[{"href":"https:\/\/roveyayinevi.com.tr\/index.php\/wp-json\/wp\/v2\/product\/735720","targetHints":{"allow":["GET"]}}],"collection":[{"href":"https:\/\/roveyayinevi.com.tr\/index.php\/wp-json\/wp\/v2\/product"}],"about":[{"href":"https:\/\/roveyayinevi.com.tr\/index.php\/wp-json\/wp\/v2\/types\/product"}],"wp:attachment":[{"href":"https:\/\/roveyayinevi.com.tr\/index.php\/wp-json\/wp\/v2\/media?parent=735720"}],"wp:term":[{"taxonomy":"product_brand","embeddable":true,"href":"https:\/\/roveyayinevi.com.tr\/index.php\/wp-json\/wp\/v2\/product_brand?post=735720"},{"taxonomy":"product_cat","embeddable":true,"href":"https:\/\/roveyayinevi.com.tr\/index.php\/wp-json\/wp\/v2\/product_cat?post=735720"},{"taxonomy":"product_tag","embeddable":true,"href":"https:\/\/roveyayinevi.com.tr\/index.php\/wp-json\/wp\/v2\/product_tag?post=735720"}],"curies":[{"name":"wp","href":"https:\/\/api.w.org\/{rel}","templated":true}]}}