{"id":735719,"date":"2025-08-27T22:52:54","date_gmt":"2025-08-27T19:52:54","guid":{"rendered":"https:\/\/roveyayinevi.com.tr\/index.php\/urun\/ibn-rusd-ve-ibn-rusdculuk\/"},"modified":"2026-04-16T02:43:59","modified_gmt":"2026-04-15T23:43:59","slug":"ibn-rusd-ve-ibn-rusdculuk","status":"publish","type":"product","link":"https:\/\/roveyayinevi.com.tr\/index.php\/urun\/ibn-rusd-ve-ibn-rusdculuk\/","title":{"rendered":"\u0130bn r\u00fc\u015fd ve ibn R\u00fc\u015fdc\u00fcl\u00fck"},"content":{"rendered":"<p>Hi\u00e7 ku\u015fkusuz Renan\u2019\u0131n din, bilim, felsefe ve diller \u00fczerine yapt\u0131\u011f\u0131 \u00e7al\u0131\u015fmalar kendi zaman\u0131nda b\u00fcy\u00fck tart\u0131\u015fmalara yol a\u00e7m\u0131\u015ft\u0131. Renan\u2019\u0131 di\u011fer Bat\u0131l\u0131 ayd\u0131nlardan ay\u0131ran en temel husus, fikirlerini a\u00e7\u0131k ve net bir bi\u00e7imde ifade etmesidir. \u00c7\u00fcnk\u00fc \u201chakikat\u201d samimiyet olmadan kendini g\u00f6stermez! \u0130nsan\u0131n tarihindeki k\u0131r\u0131lmalar nehir yataklar\u0131n\u0131n y\u00f6n de\u011fi\u015ftirmesine benzer. Y\u00f6n\u00fcn de\u011fi\u015fmesi ise ne nehirden ne de nehirde akan suyun do\u011fas\u0131ndan ba\u011f\u0131ms\u0131zd\u0131r. S\u00f6z konusu \u0130bn R\u00fc\u015fd olunca nehrin do\u011fas\u0131 Aristoteles\u2019tir. Onun h\u0131zl\u0131, sert ve samimi hakikat aray\u0131\u015f\u0131n\u0131n her d\u00f6nemde kendine dost bulamamas\u0131 bu bak\u0131mdan anla\u015f\u0131l\u0131rd\u0131r. Ne Aristoteles Atina\u2019da dost\u00e7a kar\u015f\u0131land\u0131 ne \u0130bn R\u00fc\u015fd Kurtuba\u2019da alk\u0131\u015fland\u0131. 1277 y\u0131l\u0131nda kilise taraf\u0131ndan k\u0131nanan 219 tezin tamam\u0131na yak\u0131n\u0131 Aristoteles\u00e7i-\u0130bn R\u00fc\u015fdc\u00fc felsefeye ait d\u00fc\u015f\u00fcncelerden olu\u015fuyordu. Paris\u2019te \u0130bn R\u00fc\u015fdc\u00fc felsefenin lideri Brabantl\u0131 Siger en yak\u0131n arkada\u015f\u0131 taraf\u0131ndan b\u0131\u00e7aklanarak \u00f6ld\u00fcr\u00fcld\u00fc. Renan ise, t\u0131pk\u0131 Aristoteles gibi, Akademi\u2019den kovuldu. Kilise \u0130bn R\u00fc\u015fd\u2019\u00fcn Aristoteles\u00e7i evren ve insan anlay\u0131\u015f\u0131na 1513 y\u0131l\u0131na kadar kar\u015f\u0131 \u00e7\u0131kmay\u0131 ve onu k\u0131namay\u0131 s\u00fcrd\u00fcrd\u00fc. Bunun as\u0131l nedeni ne idi? Aristoteles\u2019in ve onun b\u00fcy\u00fck \u015earihinin varl\u0131\u011f\u0131n kaotik de\u011fil kozmetik, yani iyi, g\u00fczel ve bilinebilir bir yap\u0131da oldu\u011funu s\u00f6ylemesiydi.<\/p>\n","protected":false},"excerpt":{"rendered":"<p>Hi\u00e7 ku\u015fkusuz Renan\u2019\u0131n din, bilim, felsefe ve diller \u00fczerine yapt\u0131\u011f\u0131 \u00e7al\u0131\u015fmalar kendi zaman\u0131nda b\u00fcy\u00fck tart\u0131\u015fmalara yol a\u00e7m\u0131\u015ft\u0131. Renan\u2019\u0131 di\u011fer Bat\u0131l\u0131 ayd\u0131nlardan ay\u0131ran en temel husus, fikirlerini<span class=\"excerpt-hellip\"> [\u2026]<\/span><\/p>\n","protected":false},"featured_media":0,"template":"","meta":{"_monsterinsights_skip_tracking":false,"_monsterinsights_sitenote_active":false,"_monsterinsights_sitenote_note":"","_monsterinsights_sitenote_category":0},"product_brand":[],"product_cat":[19998,12388],"product_tag":[],"class_list":{"0":"post-735719","1":"product","2":"type-product","3":"status-publish","5":"product_cat-din-felsefesi","6":"product_cat-felsefe","7":"pa_cilt-ciltsiz","8":"pa_tur-kitap","9":"pa_yayinevi-albaraka-yayinlari","10":"pa_yazar-ernest-renan","12":"first","13":"instock","14":"sale","15":"shipping-taxable","16":"purchasable","17":"product-type-simple"},"_links":{"self":[{"href":"https:\/\/roveyayinevi.com.tr\/index.php\/wp-json\/wp\/v2\/product\/735719","targetHints":{"allow":["GET"]}}],"collection":[{"href":"https:\/\/roveyayinevi.com.tr\/index.php\/wp-json\/wp\/v2\/product"}],"about":[{"href":"https:\/\/roveyayinevi.com.tr\/index.php\/wp-json\/wp\/v2\/types\/product"}],"wp:attachment":[{"href":"https:\/\/roveyayinevi.com.tr\/index.php\/wp-json\/wp\/v2\/media?parent=735719"}],"wp:term":[{"taxonomy":"product_brand","embeddable":true,"href":"https:\/\/roveyayinevi.com.tr\/index.php\/wp-json\/wp\/v2\/product_brand?post=735719"},{"taxonomy":"product_cat","embeddable":true,"href":"https:\/\/roveyayinevi.com.tr\/index.php\/wp-json\/wp\/v2\/product_cat?post=735719"},{"taxonomy":"product_tag","embeddable":true,"href":"https:\/\/roveyayinevi.com.tr\/index.php\/wp-json\/wp\/v2\/product_tag?post=735719"}],"curies":[{"name":"wp","href":"https:\/\/api.w.org\/{rel}","templated":true}]}}