{"id":735717,"date":"2025-08-27T22:52:52","date_gmt":"2025-08-27T19:52:52","guid":{"rendered":"https:\/\/roveyayinevi.com.tr\/index.php\/urun\/ilk-gorelilik-kitabim-ciltli\/"},"modified":"2026-04-16T02:43:58","modified_gmt":"2026-04-15T23:43:58","slug":"ilk-gorelilik-kitabim-ciltli","status":"publish","type":"product","link":"https:\/\/roveyayinevi.com.tr\/index.php\/urun\/ilk-gorelilik-kitabim-ciltli\/","title":{"rendered":"\u0130lk G\u00f6relilik Kitab\u0131m (Ciltli)"},"content":{"rendered":"<p>Einstein\u2019\u0131n g\u00f6relilik teorisi, uzaya ve zamana dair bildi\u011fimiz ne varsa ters y\u00fcz etti. Hi\u00e7 \u015fa\u015fmadan ak\u0131p ge\u00e7ti\u011fini sand\u0131\u011f\u0131m\u0131z zaman\u0131n yava\u015flay\u0131p h\u0131zlanabildi\u011fini, uzay\u0131n b\u00fck\u00fclebildi\u011fini, cisimlerin hareket ederken a\u011f\u0131rla\u015ft\u0131\u011f\u0131n\u0131 \u00f6\u011frendik! Hatta bir rokete atlay\u0131p \u0131\u015f\u0131k h\u0131z\u0131nda seyahat edebilsek d\u00fcnyadaki y\u00fcz y\u0131ll\u0131k s\u00fcrenin bize birka\u00e7 saatmi\u015f gibi gelece\u011fini\u2026  Bunlar\u0131n \u00e7ok u\u00e7uk \u015feyler oldu\u011funu mu d\u00fc\u015f\u00fcn\u00fcyorsun? Neyse ki yol bulmak i\u00e7in kulland\u0131\u011f\u0131m\u0131z GPS cihazlar\u0131n\u0131 yapanlar b\u00f6yle d\u00fc\u015f\u00fcnm\u00fcyor. Zaman\u0131n uzaydaki uydu i\u00e7in ba\u015fka, d\u00fcnyada ya\u015fayan bizler i\u00e7in ba\u015fka akt\u0131\u011f\u0131n\u0131 bilmeseler o cihazlar bizi oldu\u011fumuzdan kilometrelerce uzakta g\u00f6sterecekti. Peki daha fazla zaman kaybetmeden b\u00f6ylesine m\u00fcthi\u015f bir fikri anlamaya ne dersin?  E\u011fer sen de evrenin nas\u0131l i\u015fledi\u011fini, uzay ile zaman aras\u0131nda nas\u0131l bir ba\u011flant\u0131 oldu\u011funu ya da \u0131\u015f\u0131k h\u0131z\u0131nda yolculuk yapabilsek nelerle kar\u015f\u0131la\u015faca\u011f\u0131m\u0131z\u0131 merak ediyorsan, Dr. Albert\u2019\u0131n liderli\u011findeki bu  heyecan verici ve e\u011flenceli turu ka\u00e7\u0131rma!   \u0130lk G\u00f6relilik Kitab\u0131m, t\u0131pk\u0131 \u00f6d\u00fcll\u00fc \u0130lk Kuantum Fizi\u011fi Kitab\u0131m gibi, 10 ya\u015f ve \u00fcst\u00fc \u00e7ocuklara (ve t\u00fcm merakl\u0131 yeti\u015fkinlere) karma\u015f\u0131k g\u00f6r\u00fcnen fizik konular\u0131n\u0131 en basit ve en e\u011flenceli bi\u00e7imde a\u00e7\u0131klamak i\u00e7in harika bir ba\u015flang\u0131\u00e7 kitab\u0131. <\/p>\n","protected":false},"excerpt":{"rendered":"<p>Einstein\u2019\u0131n g\u00f6relilik teorisi, uzaya ve zamana dair bildi\u011fimiz ne varsa ters y\u00fcz etti. Hi\u00e7 \u015fa\u015fmadan ak\u0131p ge\u00e7ti\u011fini sand\u0131\u011f\u0131m\u0131z zaman\u0131n yava\u015flay\u0131p h\u0131zlanabildi\u011fini, uzay\u0131n b\u00fck\u00fclebildi\u011fini, cisimlerin hareket ederken<span class=\"excerpt-hellip\"> [\u2026]<\/span><\/p>\n","protected":false},"featured_media":0,"template":"","meta":{"_monsterinsights_skip_tracking":false,"_monsterinsights_sitenote_active":false,"_monsterinsights_sitenote_note":"","_monsterinsights_sitenote_category":0},"product_brand":[],"product_cat":[13829,12274],"product_tag":[],"class_list":{"0":"post-735717","1":"product","2":"type-product","3":"status-publish","5":"product_cat-bilimsel-kitaplar","6":"product_cat-cocuk-ve-genclik-kitaplari","7":"pa_cilt-ciltli","8":"pa_tur-kitap","9":"pa_yayinevi-domingo-yayinevi","10":"pa_yazar-sheddad-kaid-salah-ferron","12":"first","13":"instock","14":"sale","15":"shipping-taxable","16":"purchasable","17":"product-type-simple"},"_links":{"self":[{"href":"https:\/\/roveyayinevi.com.tr\/index.php\/wp-json\/wp\/v2\/product\/735717","targetHints":{"allow":["GET"]}}],"collection":[{"href":"https:\/\/roveyayinevi.com.tr\/index.php\/wp-json\/wp\/v2\/product"}],"about":[{"href":"https:\/\/roveyayinevi.com.tr\/index.php\/wp-json\/wp\/v2\/types\/product"}],"wp:attachment":[{"href":"https:\/\/roveyayinevi.com.tr\/index.php\/wp-json\/wp\/v2\/media?parent=735717"}],"wp:term":[{"taxonomy":"product_brand","embeddable":true,"href":"https:\/\/roveyayinevi.com.tr\/index.php\/wp-json\/wp\/v2\/product_brand?post=735717"},{"taxonomy":"product_cat","embeddable":true,"href":"https:\/\/roveyayinevi.com.tr\/index.php\/wp-json\/wp\/v2\/product_cat?post=735717"},{"taxonomy":"product_tag","embeddable":true,"href":"https:\/\/roveyayinevi.com.tr\/index.php\/wp-json\/wp\/v2\/product_tag?post=735717"}],"curies":[{"name":"wp","href":"https:\/\/api.w.org\/{rel}","templated":true}]}}