{"id":735715,"date":"2025-08-27T22:52:49","date_gmt":"2025-08-27T19:52:49","guid":{"rendered":"https:\/\/roveyayinevi.com.tr\/index.php\/urun\/duslerine-gul-biraktim\/"},"modified":"2026-04-16T02:43:58","modified_gmt":"2026-04-15T23:43:58","slug":"duslerine-gul-biraktim","status":"publish","type":"product","link":"https:\/\/roveyayinevi.com.tr\/index.php\/urun\/duslerine-gul-biraktim\/","title":{"rendered":"D\u00fc\u015flerine G\u00fcl B\u0131rakt\u0131m"},"content":{"rendered":"<p>\u00d6l\u00fcm\u00fcne SevdimBu g\u00f6n\u00fcl hep seni g\u00f6rmek istiyor\u00d6l\u00fcm\u00fcne sevdim nazl\u0131 yar seniY\u00fcre\u011fim bir seni sarmak istiyor\u00d6l\u00fcm\u00fcne sevdim nazl\u0131 yar seniElini elimden salmak istememSenden asla ayr\u0131 kalmak istememSensiz r\u00fcyalara dalmak istemem\u00d6l\u00fcm\u00fcne sevdim nazl\u0131 yar seniVefan\u0131 \u00f6mr\u00fcme vefa eyledimCefan\u0131 boynuma cefa eyledimSefan\u0131 g\u00f6nl\u00fcme sefa eyledim\u00d6l\u00fcm\u00fcne sevdim nazl\u0131 yar seni<\/p>\n","protected":false},"excerpt":{"rendered":"<p>\u00d6l\u00fcm\u00fcne SevdimBu g\u00f6n\u00fcl hep seni g\u00f6rmek istiyor\u00d6l\u00fcm\u00fcne sevdim nazl\u0131 yar seniY\u00fcre\u011fim bir seni sarmak istiyor\u00d6l\u00fcm\u00fcne sevdim nazl\u0131 yar seniElini elimden salmak istememSenden asla ayr\u0131 kalmak istememSensiz<span class=\"excerpt-hellip\"> [\u2026]<\/span><\/p>\n","protected":false},"featured_media":0,"template":"","meta":{"_monsterinsights_skip_tracking":false,"_monsterinsights_sitenote_active":false,"_monsterinsights_sitenote_note":"","_monsterinsights_sitenote_category":0},"product_brand":[],"product_cat":[12291,12509],"product_tag":[],"class_list":{"0":"post-735715","1":"product","2":"type-product","3":"status-publish","5":"product_cat-edebiyat","6":"product_cat-siir","7":"pa_cilt-ciltsiz","8":"pa_tur-kitap","9":"pa_yayinevi-gulnar-yayinlari","10":"pa_yazar-fatma-kalkan","12":"first","13":"instock","14":"sale","15":"shipping-taxable","16":"purchasable","17":"product-type-simple"},"_links":{"self":[{"href":"https:\/\/roveyayinevi.com.tr\/index.php\/wp-json\/wp\/v2\/product\/735715","targetHints":{"allow":["GET"]}}],"collection":[{"href":"https:\/\/roveyayinevi.com.tr\/index.php\/wp-json\/wp\/v2\/product"}],"about":[{"href":"https:\/\/roveyayinevi.com.tr\/index.php\/wp-json\/wp\/v2\/types\/product"}],"wp:attachment":[{"href":"https:\/\/roveyayinevi.com.tr\/index.php\/wp-json\/wp\/v2\/media?parent=735715"}],"wp:term":[{"taxonomy":"product_brand","embeddable":true,"href":"https:\/\/roveyayinevi.com.tr\/index.php\/wp-json\/wp\/v2\/product_brand?post=735715"},{"taxonomy":"product_cat","embeddable":true,"href":"https:\/\/roveyayinevi.com.tr\/index.php\/wp-json\/wp\/v2\/product_cat?post=735715"},{"taxonomy":"product_tag","embeddable":true,"href":"https:\/\/roveyayinevi.com.tr\/index.php\/wp-json\/wp\/v2\/product_tag?post=735715"}],"curies":[{"name":"wp","href":"https:\/\/api.w.org\/{rel}","templated":true}]}}