{"id":735714,"date":"2025-08-27T22:52:48","date_gmt":"2025-08-27T19:52:48","guid":{"rendered":"https:\/\/roveyayinevi.com.tr\/index.php\/urun\/kaybolan-define-mutluluk\/"},"modified":"2026-04-11T14:03:31","modified_gmt":"2026-04-11T11:03:31","slug":"kaybolan-define-mutluluk","status":"publish","type":"product","link":"https:\/\/roveyayinevi.com.tr\/index.php\/urun\/kaybolan-define-mutluluk\/","title":{"rendered":"Kaybolan Define &#8211; Mutluluk"},"content":{"rendered":"<p>Hocam! Mutluluk kimine g\u00f6re para, kimine g\u00f6re a\u015fk, kimine g\u00f6re sevgi, kimine g\u00f6re \u00e7ocuktur. Bu insanlar\u0131n say\u0131s\u0131 ve arzusuna g\u00f6re \u00e7o\u011fal\u0131r gider. Her bir iddian\u0131n kendisine g\u00f6re hakl\u0131l\u0131k pay\u0131 olabilir.   Bana mutluluk nedir? Diye sorarsan\u0131z   Ben b\u00fcy\u00fck yazar veya filozof de\u011filim. Ama cevab\u0131m\u0131 merak ediyorsan\u0131z size \u015f\u00f6yle bir cevap vereyim. Her dakika her saniye onu duymak o bizim alt\u0131m\u0131zda, \u00fcst\u00fcm\u00fczde, i\u00e7imizde, solumuzda, sa\u011f\u0131m\u0131zda, her \u00e7i\u00e7ekte, her insanda, her \u015feydeki g\u00fczelliktir. Onu g\u00f6rmek, duymak, tatmak, kabiliyetimizdir. <\/p>\n","protected":false},"excerpt":{"rendered":"<p>Hocam! Mutluluk kimine g\u00f6re para, kimine g\u00f6re a\u015fk, kimine g\u00f6re sevgi, kimine g\u00f6re \u00e7ocuktur. Bu insanlar\u0131n say\u0131s\u0131 ve arzusuna g\u00f6re \u00e7o\u011fal\u0131r gider. Her bir iddian\u0131n kendisine<span class=\"excerpt-hellip\"> [\u2026]<\/span><\/p>\n","protected":false},"featured_media":0,"template":"","meta":{"_monsterinsights_skip_tracking":false,"_monsterinsights_sitenote_active":false,"_monsterinsights_sitenote_note":"","_monsterinsights_sitenote_category":0},"product_brand":[],"product_cat":[12364,12376],"product_tag":[],"class_list":{"0":"post-735714","1":"product","2":"type-product","3":"status-publish","5":"product_cat-genel-konular","6":"product_cat-kisisel-gelisim","7":"pa_cilt-ciltsiz","8":"pa_tur-kitap","9":"pa_yayinevi-gulnar-yayinlari","10":"pa_yazar-mikail-soylemez","12":"first","13":"instock","14":"sale","15":"shipping-taxable","16":"purchasable","17":"product-type-simple"},"_links":{"self":[{"href":"https:\/\/roveyayinevi.com.tr\/index.php\/wp-json\/wp\/v2\/product\/735714","targetHints":{"allow":["GET"]}}],"collection":[{"href":"https:\/\/roveyayinevi.com.tr\/index.php\/wp-json\/wp\/v2\/product"}],"about":[{"href":"https:\/\/roveyayinevi.com.tr\/index.php\/wp-json\/wp\/v2\/types\/product"}],"wp:attachment":[{"href":"https:\/\/roveyayinevi.com.tr\/index.php\/wp-json\/wp\/v2\/media?parent=735714"}],"wp:term":[{"taxonomy":"product_brand","embeddable":true,"href":"https:\/\/roveyayinevi.com.tr\/index.php\/wp-json\/wp\/v2\/product_brand?post=735714"},{"taxonomy":"product_cat","embeddable":true,"href":"https:\/\/roveyayinevi.com.tr\/index.php\/wp-json\/wp\/v2\/product_cat?post=735714"},{"taxonomy":"product_tag","embeddable":true,"href":"https:\/\/roveyayinevi.com.tr\/index.php\/wp-json\/wp\/v2\/product_tag?post=735714"}],"curies":[{"name":"wp","href":"https:\/\/api.w.org\/{rel}","templated":true}]}}