{"id":735713,"date":"2025-08-27T22:52:47","date_gmt":"2025-08-27T19:52:47","guid":{"rendered":"https:\/\/roveyayinevi.com.tr\/index.php\/urun\/bir-sen-olmaliydin-yani-basimizda\/"},"modified":"2026-04-16T02:43:58","modified_gmt":"2026-04-15T23:43:58","slug":"bir-sen-olmaliydin-yani-basimizda","status":"publish","type":"product","link":"https:\/\/roveyayinevi.com.tr\/index.php\/urun\/bir-sen-olmaliydin-yani-basimizda\/","title":{"rendered":"Bir Sen Olmal\u0131yd\u0131n Yan\u0131 Ba\u015f\u0131m\u0131zda"},"content":{"rendered":"<p>MUKADD\u0130MEBir sen olmal\u0131yd\u0131n yan\u0131 ba\u015f\u0131m\u0131zdaYel yel esip gelenG\u00f6lgeliR\u00fcyalar\u0131n ard\u0131ndan.Bir sen olmal\u0131yd\u0131n yan\u0131 ba\u015f\u0131m\u0131zda,Ye\u015fil, yemye\u015filBah\u00e7eler denizKalbimizle bulu\u015furken,\u00c7i\u00e7ekler g\u00f6zlerimizdeU\u00e7u\u015furkenRenk renk;A\u015fk meydanlar\u0131nda,A\u015fk div\u00e2nlar\u0131nda;Candan yana,Sevdadan yanaBir sen olmal\u0131yd\u0131n \u015fimdi yan\u0131 ba\u015f\u0131m\u0131zda.Bir sen&#8230;K\u0131ymetli Dostlar!Gene bir \u015fiir bah\u00e7esinde sizlerle beraberiz. Bu has bah\u00e7ede taze \u015fiirlerin leblerinden y\u00fckselen na\u011fmeler, tadlar ve f\u00fcsun dolu renklerin ufkumuza, g\u00f6n\u00fcllerimize \u015fevk ve \u015firin hisler sunaca\u011f\u0131ndan eminim.Y\u00fcreklerimiz \u015fiir bah\u00e7elerinden \u0131rak kalmas\u0131n&#8230;<\/p>\n","protected":false},"excerpt":{"rendered":"<p>MUKADD\u0130MEBir sen olmal\u0131yd\u0131n yan\u0131 ba\u015f\u0131m\u0131zdaYel yel esip gelenG\u00f6lgeliR\u00fcyalar\u0131n ard\u0131ndan.Bir sen olmal\u0131yd\u0131n yan\u0131 ba\u015f\u0131m\u0131zda,Ye\u015fil, yemye\u015filBah\u00e7eler denizKalbimizle bulu\u015furken,\u00c7i\u00e7ekler g\u00f6zlerimizdeU\u00e7u\u015furkenRenk renk;A\u015fk meydanlar\u0131nda,A\u015fk div\u00e2nlar\u0131nda;Candan yana,Sevdadan yanaBir sen olmal\u0131yd\u0131n \u015fimdi yan\u0131<span class=\"excerpt-hellip\"> [\u2026]<\/span><\/p>\n","protected":false},"featured_media":0,"template":"","meta":{"_monsterinsights_skip_tracking":false,"_monsterinsights_sitenote_active":false,"_monsterinsights_sitenote_note":"","_monsterinsights_sitenote_category":0},"product_brand":[],"product_cat":[12291,12509],"product_tag":[],"class_list":{"0":"post-735713","1":"product","2":"type-product","3":"status-publish","5":"product_cat-edebiyat","6":"product_cat-siir","7":"pa_cilt-ciltsiz","8":"pa_tur-kitap","9":"pa_yayinevi-gulnar-yayinlari","10":"pa_yazar-mustafa-baysa","12":"first","13":"instock","14":"sale","15":"shipping-taxable","16":"purchasable","17":"product-type-simple"},"_links":{"self":[{"href":"https:\/\/roveyayinevi.com.tr\/index.php\/wp-json\/wp\/v2\/product\/735713","targetHints":{"allow":["GET"]}}],"collection":[{"href":"https:\/\/roveyayinevi.com.tr\/index.php\/wp-json\/wp\/v2\/product"}],"about":[{"href":"https:\/\/roveyayinevi.com.tr\/index.php\/wp-json\/wp\/v2\/types\/product"}],"wp:attachment":[{"href":"https:\/\/roveyayinevi.com.tr\/index.php\/wp-json\/wp\/v2\/media?parent=735713"}],"wp:term":[{"taxonomy":"product_brand","embeddable":true,"href":"https:\/\/roveyayinevi.com.tr\/index.php\/wp-json\/wp\/v2\/product_brand?post=735713"},{"taxonomy":"product_cat","embeddable":true,"href":"https:\/\/roveyayinevi.com.tr\/index.php\/wp-json\/wp\/v2\/product_cat?post=735713"},{"taxonomy":"product_tag","embeddable":true,"href":"https:\/\/roveyayinevi.com.tr\/index.php\/wp-json\/wp\/v2\/product_tag?post=735713"}],"curies":[{"name":"wp","href":"https:\/\/api.w.org\/{rel}","templated":true}]}}