{"id":735712,"date":"2025-08-27T22:52:46","date_gmt":"2025-08-27T19:52:46","guid":{"rendered":"https:\/\/roveyayinevi.com.tr\/index.php\/urun\/gozun-bellegi\/"},"modified":"2026-04-16T02:43:58","modified_gmt":"2026-04-15T23:43:58","slug":"gozun-bellegi","status":"publish","type":"product","link":"https:\/\/roveyayinevi.com.tr\/index.php\/urun\/gozun-bellegi\/","title":{"rendered":"G\u00f6z\u00fcn Belle\u011fi"},"content":{"rendered":"<p>Habibe \u015eent\u00fcrk foto\u011fraflar\u0131n\u0131 \u00e7eker ve uzam\u0131, e\u015f deyi\u015fle \u201cd\u00fcnya\u201dy\u0131 g\u00f6rsel bir sunuma d\u00f6n\u00fc\u015ft\u00fcr\u00fcr. Bu sunumun i\u00e7erisinde \u201cd\u00fcnya\u201dda var olan insan ve onun \u00fcretti\u011fi her \u015fey de vard\u0131r. \u00c7\u00fcnk\u00fc \u201cd\u00fcnya ve uzam\u201d, var olmaya \u00e7abalayan insanla ve onun m\u00fcdahalesiyle bi\u00e7imlenir. Foto\u011fraf y\u00fczeyinde g\u00f6ze gelen ise foto\u011fraf\u00e7\u0131n\u0131n \u201cg\u00f6rd\u00fc\u011f\u00fc an\u201da i\u00e7kindir ve uzamdan kadrajlanarak ayr\u0131\u015ft\u0131r\u0131lm\u0131\u015f bir g\u00f6r\u00fcn\u00fcrl\u00fck par\u00e7as\u0131 olarak foto\u011fraf\u0131n biricikli\u011fini i\u015faret eder. \u00c7\u00fcnk\u00fc \u00f6zde\u015f iki an yoktur! Kadraj\u0131n g\u00f6ze getirdi\u011fi g\u00f6r\u00fcn\u00fcrl\u00fc\u011f\u00fc ba\u015fka hi\u00e7 kimse ayn\u0131 \u015fekilde g\u00f6remez ve somutlayamaz. Foto\u011fraf alg\u0131ya a\u00e7\u0131ld\u0131\u011f\u0131 an ise alg\u0131lay\u0131c\u0131, yani \u201c\u00f6teki \u00f6zne\u201d, sunulan g\u00f6rselli\u011fi anlamland\u0131racakt\u0131r.Belki de alg\u0131lay\u0131c\u0131n\u0131n kalbine ve ruhuna y\u00f6nelmi\u015f bir \u00e7a\u011fr\u0131d\u0131r her foto\u011fraf; uzama eklen, d\u00fcnyaya ve hayata kat\u0131l diyen&#8230;<\/p>\n","protected":false},"excerpt":{"rendered":"<p>Habibe \u015eent\u00fcrk foto\u011fraflar\u0131n\u0131 \u00e7eker ve uzam\u0131, e\u015f deyi\u015fle \u201cd\u00fcnya\u201dy\u0131 g\u00f6rsel bir sunuma d\u00f6n\u00fc\u015ft\u00fcr\u00fcr. Bu sunumun i\u00e7erisinde \u201cd\u00fcnya\u201dda var olan insan ve onun \u00fcretti\u011fi her \u015fey de<span class=\"excerpt-hellip\"> [\u2026]<\/span><\/p>\n","protected":false},"featured_media":0,"template":"","meta":{"_monsterinsights_skip_tracking":false,"_monsterinsights_sitenote_active":false,"_monsterinsights_sitenote_note":"","_monsterinsights_sitenote_category":0},"product_brand":[],"product_cat":[12409,12408],"product_tag":[],"class_list":{"0":"post-735712","1":"product","2":"type-product","3":"status-publish","5":"product_cat-fotograf-sinema-tiyatro","6":"product_cat-sanat","7":"pa_cilt-ciltsiz","8":"pa_tur-kitap","9":"pa_yayinevi-medakitap-yayinlari","10":"pa_yazar-serdar-aydin","12":"first","13":"instock","14":"sale","15":"shipping-taxable","16":"purchasable","17":"product-type-simple"},"_links":{"self":[{"href":"https:\/\/roveyayinevi.com.tr\/index.php\/wp-json\/wp\/v2\/product\/735712","targetHints":{"allow":["GET"]}}],"collection":[{"href":"https:\/\/roveyayinevi.com.tr\/index.php\/wp-json\/wp\/v2\/product"}],"about":[{"href":"https:\/\/roveyayinevi.com.tr\/index.php\/wp-json\/wp\/v2\/types\/product"}],"wp:attachment":[{"href":"https:\/\/roveyayinevi.com.tr\/index.php\/wp-json\/wp\/v2\/media?parent=735712"}],"wp:term":[{"taxonomy":"product_brand","embeddable":true,"href":"https:\/\/roveyayinevi.com.tr\/index.php\/wp-json\/wp\/v2\/product_brand?post=735712"},{"taxonomy":"product_cat","embeddable":true,"href":"https:\/\/roveyayinevi.com.tr\/index.php\/wp-json\/wp\/v2\/product_cat?post=735712"},{"taxonomy":"product_tag","embeddable":true,"href":"https:\/\/roveyayinevi.com.tr\/index.php\/wp-json\/wp\/v2\/product_tag?post=735712"}],"curies":[{"name":"wp","href":"https:\/\/api.w.org\/{rel}","templated":true}]}}