{"id":735704,"date":"2025-08-27T22:52:38","date_gmt":"2025-08-27T19:52:38","guid":{"rendered":"https:\/\/roveyayinevi.com.tr\/index.php\/urun\/guclu-kadini-serbest-birakin\/"},"modified":"2026-04-16T02:43:58","modified_gmt":"2026-04-15T23:43:58","slug":"guclu-kadini-serbest-birakin","status":"publish","type":"product","link":"https:\/\/roveyayinevi.com.tr\/index.php\/urun\/guclu-kadini-serbest-birakin\/","title":{"rendered":"G\u00fc\u00e7l\u00fc Kad\u0131n\u0131 Serbest B\u0131rak\u0131n"},"content":{"rendered":"<p>Kurtlarla Ko\u015fan Kad\u0131nlar adl\u0131 kitab\u0131yla uzun s\u00fcre \u00e7oksatan listelerini zorlayan Dr. Clarissa Pinkola Est\u00e9s, yeni kitab\u0131 G\u00fc\u00e7l\u00fc Kad\u0131n\u0131 Serbest B\u0131rak\u0131n ile okurlar\u0131, kimilerinin Meryem Ana, kimilerinin Kutsal Han\u0131mefendi Guadalupe olarak tan\u0131d\u0131\u011f\u0131 ve daha bir\u00e7ok ba\u015fka surete sahip olan Anne\u2019nin korumas\u0131 alt\u0131nda bir araya gelmeye davet ediyor. Hik\u00e2yeler, dualar, iyi dilekler ve takdislerden olu\u015fan bu unutulmaz koleksiyonda Dr. Est\u00e9s, \u201cAyya\u015f ve Han\u0131mefendi\u201d, \u201cGuadalupe, Cennette Bir K\u0131z \u00c7etesi Lideridir\u201d, \u201cKimse \u00c7ok K\u00f6t\u00fc, \u00c7ok Adi veya Umutsuz De\u011fildir\u201d, \u201cOklardan G\u00f6mlek\u201d ve \u201cSiyah Meryem Ana\u201d ba\u015fl\u0131kl\u0131 hik\u00e2yeler \u00fczerinden okurlar\u0131 Lekesiz Sevgi\u2019nin g\u00fcc\u00fcn\u00fc hissetmeye \u00e7a\u011f\u0131r\u0131yor.   \u201cKurtlarla Ko\u015fan Kad\u0131nlar\u2019\u0131n harikulade yazar\u0131 yine yapm\u0131\u015f yapaca\u011f\u0131n\u0131! G\u00fc\u00e7l\u00fc Kad\u0131n\u0131 Serbest B\u0131rak\u0131n hem Kutsal Anam\u0131za hem de d\u00fcnya tanr\u0131\u00e7alar\u0131na bir sayg\u0131 duru\u015fu niteli\u011finde.\u201d Ana Castillo   \u201cEst\u00e9s k\u0131smen bir b\u00fcy\u00fcc\u00fc, k\u0131smen bir bilge ve \u015fifac\u0131; ve G\u00fc\u00e7l\u00fc Kad\u0131n\u0131 Serbest B\u0131rak\u0131n\u2019da t\u00fcm bu marifetlerini bizler i\u00e7in g\u00f6zler \u00f6n\u00fcne seriyor.\u201d Geneen Roth   \u201cBu harikulade kitab\u0131 okuyun ve G\u00fc\u00e7l\u00fc Kad\u0131n\u2019\u0131n sizi y\u00fcceltmesine, bir yerden bir yere ta\u015f\u0131mas\u0131na, korumas\u0131na, sar\u0131p sarmalamas\u0131na, bir \u015feyleri g\u00f6rmenizi sa\u011flamas\u0131na ve size ilham olmas\u0131na izin verin.\u201d Dr. Jack Kornfield   \u201cD\u00fcnyam\u0131z\u0131n mevcut durumu, kutsal addetti\u011fimiz gelenekler i\u00e7erisinde Anne\u2019nin girdi\u011fi say\u0131s\u0131z k\u0131l\u0131\u011f\u0131 g\u00f6rmemizi, anlamam\u0131z\u0131 ve hissetmemizi gerekli k\u0131l\u0131yor. D\u00fcnyay\u0131 iyile\u015ftiren bu kitap, zihninizin perspektifini, g\u00f6nl\u00fcn\u00fcz\u00fcn merhametini geni\u015fleterek sezgisel olarak bilen ruhunuzu \u00f6n plana \u00e7\u0131kar\u0131yor.\u201d Haham Dr. Zalman Schachter-Schalomi CLARISSA PINKOLA EST\u00c9S Dr. Clarissa Pinkola Est\u00e9s, uluslararas\u0131 platformda tan\u0131nan ve \u00f6d\u00fcl kazanm\u0131\u015f bir \u015fair, \u0130svi\u00e7re, Z\u00fcrih\u2019teki International Association of Analytical Psychology (Uluslararas\u0131 Analitik Psikoloji Kurumu) taraf\u0131ndan Jungcu Psikanalist Diplomat\u0131 se\u00e7ilen bir psikanalist ve bir cantadora\u2019d\u0131r (Latin gelene\u011finde eski \u00f6yk\u00fcleri toplay\u0131p saklayan ki\u015fi). Ayr\u0131ca bir d\u00f6nem, Amerika Birle\u015fik Devletleri\u2019nde, C.G. Jung Center for Education and Research (C.G. Jung E\u011fitim ve Ara\u015ft\u0131rma Merkezi) adl\u0131 kurumun ba\u015fkanl\u0131\u011f\u0131n\u0131 yapm\u0131\u015ft\u0131r. Doktoras\u0131n\u0131 k\u00fclt\u00fcrleraras\u0131 ara\u015ft\u0131rmalar ve klinik psikoloji \u00fczerine yapm\u0131\u015ft\u0131r. Est\u00e9s, yirmi be\u015f y\u0131ld\u0131r \u00f6\u011fretmenlik yapmas\u0131n\u0131n yan\u0131nda, \u00f6zel olarak kendi hastalar\u0131n\u0131n tedavisiyle de ilgilenmi\u015ftir. <\/p>\n","protected":false},"excerpt":{"rendered":"<p>Kurtlarla Ko\u015fan Kad\u0131nlar adl\u0131 kitab\u0131yla uzun s\u00fcre \u00e7oksatan listelerini zorlayan Dr. Clarissa Pinkola Est\u00e9s, yeni kitab\u0131 G\u00fc\u00e7l\u00fc Kad\u0131n\u0131 Serbest B\u0131rak\u0131n ile okurlar\u0131, kimilerinin Meryem Ana, kimilerinin<span class=\"excerpt-hellip\"> [\u2026]<\/span><\/p>\n","protected":false},"featured_media":0,"template":"","meta":{"_monsterinsights_skip_tracking":false,"_monsterinsights_sitenote_active":false,"_monsterinsights_sitenote_note":"","_monsterinsights_sitenote_category":0},"product_brand":[],"product_cat":[12291,12711],"product_tag":[],"class_list":{"0":"post-735704","1":"product","2":"type-product","3":"status-publish","5":"product_cat-edebiyat","6":"product_cat-roman-oyku","7":"pa_cilt-ciltsiz","8":"pa_tur-kitap","9":"pa_yayinevi-dusbaz-kitaplar","10":"pa_yazar-clarissa-pinkola-estes","12":"first","13":"instock","14":"sale","15":"shipping-taxable","16":"purchasable","17":"product-type-simple"},"_links":{"self":[{"href":"https:\/\/roveyayinevi.com.tr\/index.php\/wp-json\/wp\/v2\/product\/735704","targetHints":{"allow":["GET"]}}],"collection":[{"href":"https:\/\/roveyayinevi.com.tr\/index.php\/wp-json\/wp\/v2\/product"}],"about":[{"href":"https:\/\/roveyayinevi.com.tr\/index.php\/wp-json\/wp\/v2\/types\/product"}],"wp:attachment":[{"href":"https:\/\/roveyayinevi.com.tr\/index.php\/wp-json\/wp\/v2\/media?parent=735704"}],"wp:term":[{"taxonomy":"product_brand","embeddable":true,"href":"https:\/\/roveyayinevi.com.tr\/index.php\/wp-json\/wp\/v2\/product_brand?post=735704"},{"taxonomy":"product_cat","embeddable":true,"href":"https:\/\/roveyayinevi.com.tr\/index.php\/wp-json\/wp\/v2\/product_cat?post=735704"},{"taxonomy":"product_tag","embeddable":true,"href":"https:\/\/roveyayinevi.com.tr\/index.php\/wp-json\/wp\/v2\/product_tag?post=735704"}],"curies":[{"name":"wp","href":"https:\/\/api.w.org\/{rel}","templated":true}]}}