{"id":735703,"date":"2025-08-27T22:52:37","date_gmt":"2025-08-27T19:52:37","guid":{"rendered":"https:\/\/roveyayinevi.com.tr\/index.php\/urun\/kucuk-prens-28\/"},"modified":"2026-04-16T02:43:58","modified_gmt":"2026-04-15T23:43:58","slug":"kucuk-prens-28","status":"publish","type":"product","link":"https:\/\/roveyayinevi.com.tr\/index.php\/urun\/kucuk-prens-28\/","title":{"rendered":"K\u00fc\u00e7\u00fck Prens"},"content":{"rendered":"<p>Her \u00e7ocu\u011fun okumas\u0131 gereken Antoine de Saint-Exup\u00e9ry\u2019nin \u00f6l\u00fcms\u00fcz eseri K\u00fc\u00e7\u00fck Prens, Bar\u0131\u015f Tut\u2019un \u00f6zenli \u00e7evirisi ve \u00f6zel etkinlik dosyas\u0131yla okurlarla bulu\u015fuyor.<\/p>\n","protected":false},"excerpt":{"rendered":"<p>Her \u00e7ocu\u011fun okumas\u0131 gereken Antoine de Saint-Exup\u00e9ry\u2019nin \u00f6l\u00fcms\u00fcz eseri K\u00fc\u00e7\u00fck Prens, Bar\u0131\u015f Tut\u2019un \u00f6zenli \u00e7evirisi ve \u00f6zel etkinlik dosyas\u0131yla okurlarla bulu\u015fuyor.<\/p>\n","protected":false},"featured_media":0,"template":"","meta":{"_monsterinsights_skip_tracking":false,"_monsterinsights_sitenote_active":false,"_monsterinsights_sitenote_note":"","_monsterinsights_sitenote_category":0},"product_brand":[],"product_cat":[12274,12467],"product_tag":[],"class_list":{"0":"post-735703","1":"product","2":"type-product","3":"status-publish","5":"product_cat-cocuk-ve-genclik-kitaplari","6":"product_cat-dunya-klasikleri","7":"pa_cilt-ciltsiz","8":"pa_tur-kitap","9":"pa_yayinevi-turkuvaz-kitap","10":"pa_yazar-antoine-de-saint-exupery","12":"first","13":"instock","14":"sale","15":"shipping-taxable","16":"purchasable","17":"product-type-simple"},"_links":{"self":[{"href":"https:\/\/roveyayinevi.com.tr\/index.php\/wp-json\/wp\/v2\/product\/735703","targetHints":{"allow":["GET"]}}],"collection":[{"href":"https:\/\/roveyayinevi.com.tr\/index.php\/wp-json\/wp\/v2\/product"}],"about":[{"href":"https:\/\/roveyayinevi.com.tr\/index.php\/wp-json\/wp\/v2\/types\/product"}],"wp:attachment":[{"href":"https:\/\/roveyayinevi.com.tr\/index.php\/wp-json\/wp\/v2\/media?parent=735703"}],"wp:term":[{"taxonomy":"product_brand","embeddable":true,"href":"https:\/\/roveyayinevi.com.tr\/index.php\/wp-json\/wp\/v2\/product_brand?post=735703"},{"taxonomy":"product_cat","embeddable":true,"href":"https:\/\/roveyayinevi.com.tr\/index.php\/wp-json\/wp\/v2\/product_cat?post=735703"},{"taxonomy":"product_tag","embeddable":true,"href":"https:\/\/roveyayinevi.com.tr\/index.php\/wp-json\/wp\/v2\/product_tag?post=735703"}],"curies":[{"name":"wp","href":"https:\/\/api.w.org\/{rel}","templated":true}]}}