{"id":735701,"date":"2025-08-27T22:52:34","date_gmt":"2025-08-27T19:52:34","guid":{"rendered":"https:\/\/roveyayinevi.com.tr\/index.php\/urun\/kucuk-kara-balik-20\/"},"modified":"2025-11-21T07:24:23","modified_gmt":"2025-11-21T04:24:23","slug":"kucuk-kara-balik-20","status":"publish","type":"product","link":"https:\/\/roveyayinevi.com.tr\/index.php\/urun\/kucuk-kara-balik-20\/","title":{"rendered":"K\u00fc\u00e7\u00fck Kara Bal\u0131k"},"content":{"rendered":"<p>Samed Behrengi\u2019nin, \u00e7ocuk edebiyat\u0131n\u0131n mihenk ta\u015flar\u0131ndan biri olan unutulmaz eseri K\u00fc\u00e7\u00fck Kara Bal\u0131k, sanat\u00e7\u0131 Reha Bar\u0131\u015f\u2019\u0131n usta \u00e7izgisi ve Nezahat Ba\u015f\u00e7\u0131\u2019n\u0131n Fars\u00e7a asl\u0131ndan \u00f6zenli \u00e7evirisiyle okurlarla bulu\u015fuyor.<\/p>\n","protected":false},"excerpt":{"rendered":"<p>Samed Behrengi\u2019nin, \u00e7ocuk edebiyat\u0131n\u0131n mihenk ta\u015flar\u0131ndan biri olan unutulmaz eseri K\u00fc\u00e7\u00fck Kara Bal\u0131k, sanat\u00e7\u0131 Reha Bar\u0131\u015f\u2019\u0131n usta \u00e7izgisi ve Nezahat Ba\u015f\u00e7\u0131\u2019n\u0131n Fars\u00e7a asl\u0131ndan \u00f6zenli \u00e7evirisiyle okurlarla<span class=\"excerpt-hellip\"> [\u2026]<\/span><\/p>\n","protected":false},"featured_media":0,"template":"","meta":{"_monsterinsights_skip_tracking":false,"_monsterinsights_sitenote_active":false,"_monsterinsights_sitenote_note":"","_monsterinsights_sitenote_category":0},"product_brand":[],"product_cat":[12274,12467],"product_tag":[],"class_list":{"0":"post-735701","1":"product","2":"type-product","3":"status-publish","5":"product_cat-cocuk-ve-genclik-kitaplari","6":"product_cat-dunya-klasikleri","7":"pa_cilt-ciltsiz","8":"pa_tur-kitap","9":"pa_yayinevi-turkuvaz-kitap","10":"pa_yazar-samed-behrengi","12":"first","13":"onbackorder","14":"sale","15":"shipping-taxable","16":"purchasable","17":"product-type-simple"},"_links":{"self":[{"href":"https:\/\/roveyayinevi.com.tr\/index.php\/wp-json\/wp\/v2\/product\/735701","targetHints":{"allow":["GET"]}}],"collection":[{"href":"https:\/\/roveyayinevi.com.tr\/index.php\/wp-json\/wp\/v2\/product"}],"about":[{"href":"https:\/\/roveyayinevi.com.tr\/index.php\/wp-json\/wp\/v2\/types\/product"}],"wp:attachment":[{"href":"https:\/\/roveyayinevi.com.tr\/index.php\/wp-json\/wp\/v2\/media?parent=735701"}],"wp:term":[{"taxonomy":"product_brand","embeddable":true,"href":"https:\/\/roveyayinevi.com.tr\/index.php\/wp-json\/wp\/v2\/product_brand?post=735701"},{"taxonomy":"product_cat","embeddable":true,"href":"https:\/\/roveyayinevi.com.tr\/index.php\/wp-json\/wp\/v2\/product_cat?post=735701"},{"taxonomy":"product_tag","embeddable":true,"href":"https:\/\/roveyayinevi.com.tr\/index.php\/wp-json\/wp\/v2\/product_tag?post=735701"}],"curies":[{"name":"wp","href":"https:\/\/api.w.org\/{rel}","templated":true}]}}