{"id":735697,"date":"2025-08-27T22:52:30","date_gmt":"2025-08-27T19:52:30","guid":{"rendered":"https:\/\/roveyayinevi.com.tr\/index.php\/urun\/kayip-sir-2\/"},"modified":"2026-04-11T14:03:30","modified_gmt":"2026-04-11T11:03:30","slug":"kayip-sir-2","status":"publish","type":"product","link":"https:\/\/roveyayinevi.com.tr\/index.php\/urun\/kayip-sir-2\/","title":{"rendered":"Kay\u0131p S\u0131r"},"content":{"rendered":"<p>\u0130lk bas\u0131m\u0131 1937\u2019de yap\u0131lan Napoleon Hill\u2019in D\u00fc\u015f\u00fcn ve Zengin Ol kitab\u0131 o zamandan bug\u00fcne milyonlarca ki\u015finin hayat\u0131n\u0131 de\u011fi\u015ftirmi\u015ftir. Yay\u0131nc\u0131l\u0131k tarihinin en \u00e7ok bas\u0131lan ve okunan kitaplar\u0131 aras\u0131nda yer alan bu kitab\u0131n yay\u0131mlanmayan iki b\u00f6l\u00fcm\u00fcn\u00fcn oldu\u011funu s\u00f6yleyen Monica Main, bu s\u0131rr\u0131 ayd\u0131nlatmak ve kay\u0131p b\u00f6l\u00fcmleri yay\u0131mlamak \u00fczere elinizdeki kitab\u0131 kaleme ald\u0131. 1930\u2019lar\u0131n d\u00fcnyas\u0131nda yay\u0131mlanmas\u0131 sak\u0131ncal\u0131 bulunan bu b\u00f6l\u00fcmlerin de eklenmesiyle birlikte art\u0131k bu efsanevi kitap eksiksiz hale geliyor.*** Napoleon Hill\u2019in D\u00fc\u015f\u00fcn ve Zengin Ol kitab\u0131n\u0131n kay\u0131p b\u00f6l\u00fcmlerini size ula\u015ft\u0131rabildi\u011fim i\u00e7in onur duyuyorum. Bu kitaptaki s\u0131rlar\u0131 uygulamaya ba\u015flad\u0131\u011f\u0131n\u0131zda sizin komutan\u0131zda olacak sihirli, yepyeni gelece\u011finiz i\u00e7in de \u00f6zellikle heyecanl\u0131y\u0131m. Sihirli bir yolculu\u011fa \u00e7\u0131kt\u0131\u011f\u0131n\u0131z\u0131 biliyorum!- Monica MainBu kitap b\u00fcy\u00fck olas\u0131l\u0131kla okuyaca\u011f\u0131n\u0131z kitaplar\u0131n en \u00f6nemlisi olacak; \u00e7\u00fcnk\u00fc Napoleon Hill\u2019in bilgeli\u011finin \u00f6z\u00fcn\u00fc, 21. y\u00fczy\u0131ldaki geli\u015fmelere uygun bir \u015fekilde aktar\u0131yor. 1937\u2019deki ilk bas\u0131m esnas\u0131nda yay\u0131mlanmayan \u201c\u0130ki Kay\u0131p B\u00f6l\u00fcm\u00fcn\u201d eklenmesiyle, D\u00fc\u015f\u00fcn ve Zengin Ol\u2019un eksiksiz bask\u0131s\u0131na sahip olacaks\u0131n\u0131z.\u2013Bob Proctor<\/p>\n","protected":false},"excerpt":{"rendered":"<p>\u0130lk bas\u0131m\u0131 1937\u2019de yap\u0131lan Napoleon Hill\u2019in D\u00fc\u015f\u00fcn ve Zengin Ol kitab\u0131 o zamandan bug\u00fcne milyonlarca ki\u015finin hayat\u0131n\u0131 de\u011fi\u015ftirmi\u015ftir. Yay\u0131nc\u0131l\u0131k tarihinin en \u00e7ok bas\u0131lan ve okunan kitaplar\u0131<span class=\"excerpt-hellip\"> [\u2026]<\/span><\/p>\n","protected":false},"featured_media":0,"template":"","meta":{"_monsterinsights_skip_tracking":false,"_monsterinsights_sitenote_active":false,"_monsterinsights_sitenote_note":"","_monsterinsights_sitenote_category":0},"product_brand":[],"product_cat":[12364,12376],"product_tag":[],"class_list":{"0":"post-735697","1":"product","2":"type-product","3":"status-publish","5":"product_cat-genel-konular","6":"product_cat-kisisel-gelisim","7":"pa_cilt-ciltsiz","8":"pa_tur-kitap","9":"pa_yayinevi-kuraldisi-yayinevi","10":"pa_yazar-monica-main","12":"first","13":"instock","14":"sale","15":"shipping-taxable","16":"purchasable","17":"product-type-simple"},"_links":{"self":[{"href":"https:\/\/roveyayinevi.com.tr\/index.php\/wp-json\/wp\/v2\/product\/735697","targetHints":{"allow":["GET"]}}],"collection":[{"href":"https:\/\/roveyayinevi.com.tr\/index.php\/wp-json\/wp\/v2\/product"}],"about":[{"href":"https:\/\/roveyayinevi.com.tr\/index.php\/wp-json\/wp\/v2\/types\/product"}],"wp:attachment":[{"href":"https:\/\/roveyayinevi.com.tr\/index.php\/wp-json\/wp\/v2\/media?parent=735697"}],"wp:term":[{"taxonomy":"product_brand","embeddable":true,"href":"https:\/\/roveyayinevi.com.tr\/index.php\/wp-json\/wp\/v2\/product_brand?post=735697"},{"taxonomy":"product_cat","embeddable":true,"href":"https:\/\/roveyayinevi.com.tr\/index.php\/wp-json\/wp\/v2\/product_cat?post=735697"},{"taxonomy":"product_tag","embeddable":true,"href":"https:\/\/roveyayinevi.com.tr\/index.php\/wp-json\/wp\/v2\/product_tag?post=735697"}],"curies":[{"name":"wp","href":"https:\/\/api.w.org\/{rel}","templated":true}]}}