{"id":735693,"date":"2025-08-27T22:52:25","date_gmt":"2025-08-27T19:52:25","guid":{"rendered":"https:\/\/roveyayinevi.com.tr\/index.php\/urun\/katilin-devasi\/"},"modified":"2026-04-16T02:43:57","modified_gmt":"2026-04-15T23:43:57","slug":"katilin-devasi","status":"publish","type":"product","link":"https:\/\/roveyayinevi.com.tr\/index.php\/urun\/katilin-devasi\/","title":{"rendered":"Katilin Devas\u0131"},"content":{"rendered":"<p>Bir diyalog oyunu oynan\u0131yor.Ama\u00e7 i\u015flenen su\u00e7u itiraf ettirmek.Acaba kazanan kim olacak?Nobel Edebiyat \u00d6d\u00fcll\u00fc, d\u00fcnyaca tan\u0131nan yazar Pr\u00e9textat Tach, iki ay \u00f6mr\u00fc kald\u0131\u011f\u0131n\u0131 duyurur.Gazetecileri sevmeyen, kendisini y\u0131llard\u0131r evine kapatm\u0131\u015f yazarla r\u00f6portaj yapmak i\u00e7in gazeteciler b\u00fcy\u00fck bir yar\u0131\u015fa giri\u015fir. Ama yazar sadece be\u015f ki\u015fiyle g\u00f6r\u00fc\u015fecektir.Her sohbet, yazar\u0131n gazetecilerle dalga ge\u00e7ip onlar\u0131 hayatlar\u0131ndan bezdirmesiyle sona erer.Ta ki d\u00f6rd\u00fcnc\u00fc gazeteci Nina olaya dahil olana kadar\u2026Basit bir r\u00f6portaj zaman ge\u00e7tik\u00e7e bir sorguya, en karanl\u0131k s\u0131rlar\u0131n esiri olmu\u015f bir adam\u0131 ortaya \u00e7\u0131karan ac\u0131mas\u0131z bir \u00e7eki\u015fmeye d\u00f6n\u00fc\u015f\u00fcr.Peki bu tehlikeli oyunun galibi kim olacak?Am\u00e9lie Nothomb\u2019un hen\u00fcz yirmi be\u015f ya\u015f\u0131nda kaleme ald\u0131\u011f\u0131, Alain-Fournier ve Ren\u00e9 Fallet \u00f6d\u00fcll\u00fc Katilin Devas\u0131 zalimlik, sinizm ve belirsizli\u011fin ustaca kaleme al\u0131nd\u0131\u011f\u0131 bir roman.<\/p>\n","protected":false},"excerpt":{"rendered":"<p>Bir diyalog oyunu oynan\u0131yor.Ama\u00e7 i\u015flenen su\u00e7u itiraf ettirmek.Acaba kazanan kim olacak?Nobel Edebiyat \u00d6d\u00fcll\u00fc, d\u00fcnyaca tan\u0131nan yazar Pr\u00e9textat Tach, iki ay \u00f6mr\u00fc kald\u0131\u011f\u0131n\u0131 duyurur.Gazetecileri sevmeyen, kendisini y\u0131llard\u0131r<span class=\"excerpt-hellip\"> [\u2026]<\/span><\/p>\n","protected":false},"featured_media":0,"template":"","meta":{"_monsterinsights_skip_tracking":false,"_monsterinsights_sitenote_active":false,"_monsterinsights_sitenote_note":"","_monsterinsights_sitenote_category":0},"product_brand":[],"product_cat":[12291,12711],"product_tag":[],"class_list":{"0":"post-735693","1":"product","2":"type-product","3":"status-publish","5":"product_cat-edebiyat","6":"product_cat-roman-oyku","7":"pa_cilt-ciltsiz","8":"pa_tur-kitap","9":"pa_yayinevi-sahi-kitap","10":"pa_yazar-amelie-nothomb","12":"first","13":"instock","14":"sale","15":"shipping-taxable","16":"purchasable","17":"product-type-simple"},"_links":{"self":[{"href":"https:\/\/roveyayinevi.com.tr\/index.php\/wp-json\/wp\/v2\/product\/735693","targetHints":{"allow":["GET"]}}],"collection":[{"href":"https:\/\/roveyayinevi.com.tr\/index.php\/wp-json\/wp\/v2\/product"}],"about":[{"href":"https:\/\/roveyayinevi.com.tr\/index.php\/wp-json\/wp\/v2\/types\/product"}],"wp:attachment":[{"href":"https:\/\/roveyayinevi.com.tr\/index.php\/wp-json\/wp\/v2\/media?parent=735693"}],"wp:term":[{"taxonomy":"product_brand","embeddable":true,"href":"https:\/\/roveyayinevi.com.tr\/index.php\/wp-json\/wp\/v2\/product_brand?post=735693"},{"taxonomy":"product_cat","embeddable":true,"href":"https:\/\/roveyayinevi.com.tr\/index.php\/wp-json\/wp\/v2\/product_cat?post=735693"},{"taxonomy":"product_tag","embeddable":true,"href":"https:\/\/roveyayinevi.com.tr\/index.php\/wp-json\/wp\/v2\/product_tag?post=735693"}],"curies":[{"name":"wp","href":"https:\/\/api.w.org\/{rel}","templated":true}]}}