{"id":735692,"date":"2025-08-27T22:52:24","date_gmt":"2025-08-27T19:52:24","guid":{"rendered":"https:\/\/roveyayinevi.com.tr\/index.php\/urun\/kabilin-torunu\/"},"modified":"2026-04-16T02:43:57","modified_gmt":"2026-04-15T23:43:57","slug":"kabilin-torunu","status":"publish","type":"product","link":"https:\/\/roveyayinevi.com.tr\/index.php\/urun\/kabilin-torunu\/","title":{"rendered":"Kabil&#8217;in Torunu"},"content":{"rendered":"<p>\u201cHamile bir kad\u0131n\u0131n karn\u0131 gibi \u015fi\u015fmi\u015f mezarlar.Her kabir kendi \u00f6l\u00fcs\u00fcn\u00fc do\u011furuyor.\u201dDarbe d\u00f6nemlerinde Atat\u00fcrk heykelleri yaparakk\u00f6\u015feyi d\u00f6nen bir adam\u0131n o\u011flu olan tutkulu, k\u00f6t\u00fcc\u00fcl ve entelekt\u00fcel mirasyedi Barbaros, hamile kar\u0131s\u0131n\u0131 bir u\u00e7ak kazas\u0131nda kaybeder. Seyir halindeki bir \u015fehirleraras\u0131 otob\u00fcste \u015fof\u00f6r\u00fc kafas\u0131ndan vurup intihar etmeyi d\u00fc\u015f\u00fcn\u00fcrken bu fikrinden ans\u0131z\u0131n vazge\u00e7er.Yeni hedefi, m\u00fcstesna bir ulus yaratmakt\u0131r.\u0130\u00e7 sesi M\u00fcmtaz\u2019\u0131n itirazlar\u0131na ra\u011fmen \u00fclkeyi k\u00f6kten de\u011fi\u015ftirmek amac\u0131yla masum insanlar\u0131n can\u0131na kasteden ter\u00f6r eylemleri planlar. Bu eylemler, b\u00fct\u00fcn roman kahramanlar\u0131n\u0131n hayat\u0131n\u0131 de\u011fi\u015ftirecektir;istihbarat\u0131n alt\u0131n \u00e7ocu\u011fu Ate\u015f, derin devletin yengesi \u015eahika, k\u00e2\u011f\u0131t toplay\u0131c\u0131l\u0131\u011f\u0131ndan M\u0130T y\u00f6neticili\u011fine y\u00fckselmi\u015f Mithat, pop\u00fcler ayd\u0131n Fuat Akis, onun,me\u015fhur oldu\u011fu g\u00fcn \u00f6len a\u011fabeyi talihsiz yazarFatih Akis ve daha nicelerinin\u2026Ferhat \u00dcnl\u00fc, iyilikle k\u00f6t\u00fcl\u00fc\u011f\u00fcn kadim sava\u015f\u0131n\u0131 yeniden yorumlad\u0131\u011f\u0131 bir Habil-Kabil \u00f6yk\u00fcs\u00fc anlat\u0131yor.Ya\u015fam-\u00f6l\u00fcm, a\u015fk-sanat, kahramanl\u0131k-ihanet, adalet-g\u00fc\u00e7, birey-devlet \u00e7at\u0131\u015fmas\u0131 gibi \u00f6nemli temalar\u0131 derin bir hayal g\u00fcc\u00fc ve \u00e7arp\u0131c\u0131 imgelerle i\u015fliyor.Kabil\u2019in Torunu, psikolojik, toplumsal ve politik gerilim unsurlar\u0131n\u0131 ironiyle birle\u015ftiren bir kurmaca \u015f\u00f6leni.<\/p>\n","protected":false},"excerpt":{"rendered":"<p>\u201cHamile bir kad\u0131n\u0131n karn\u0131 gibi \u015fi\u015fmi\u015f mezarlar.Her kabir kendi \u00f6l\u00fcs\u00fcn\u00fc do\u011furuyor.\u201dDarbe d\u00f6nemlerinde Atat\u00fcrk heykelleri yaparakk\u00f6\u015feyi d\u00f6nen bir adam\u0131n o\u011flu olan tutkulu, k\u00f6t\u00fcc\u00fcl ve entelekt\u00fcel mirasyedi Barbaros,<span class=\"excerpt-hellip\"> [\u2026]<\/span><\/p>\n","protected":false},"featured_media":0,"template":"","meta":{"_monsterinsights_skip_tracking":false,"_monsterinsights_sitenote_active":false,"_monsterinsights_sitenote_note":"","_monsterinsights_sitenote_category":0},"product_brand":[],"product_cat":[12291,12711],"product_tag":[],"class_list":{"0":"post-735692","1":"product","2":"type-product","3":"status-publish","5":"product_cat-edebiyat","6":"product_cat-roman-oyku","7":"pa_cilt-ciltsiz","8":"pa_tur-kitap","9":"pa_yayinevi-sahi-kitap","10":"pa_yazar-ferhat-unlu","12":"first","13":"instock","14":"sale","15":"shipping-taxable","16":"purchasable","17":"product-type-simple"},"_links":{"self":[{"href":"https:\/\/roveyayinevi.com.tr\/index.php\/wp-json\/wp\/v2\/product\/735692","targetHints":{"allow":["GET"]}}],"collection":[{"href":"https:\/\/roveyayinevi.com.tr\/index.php\/wp-json\/wp\/v2\/product"}],"about":[{"href":"https:\/\/roveyayinevi.com.tr\/index.php\/wp-json\/wp\/v2\/types\/product"}],"wp:attachment":[{"href":"https:\/\/roveyayinevi.com.tr\/index.php\/wp-json\/wp\/v2\/media?parent=735692"}],"wp:term":[{"taxonomy":"product_brand","embeddable":true,"href":"https:\/\/roveyayinevi.com.tr\/index.php\/wp-json\/wp\/v2\/product_brand?post=735692"},{"taxonomy":"product_cat","embeddable":true,"href":"https:\/\/roveyayinevi.com.tr\/index.php\/wp-json\/wp\/v2\/product_cat?post=735692"},{"taxonomy":"product_tag","embeddable":true,"href":"https:\/\/roveyayinevi.com.tr\/index.php\/wp-json\/wp\/v2\/product_tag?post=735692"}],"curies":[{"name":"wp","href":"https:\/\/api.w.org\/{rel}","templated":true}]}}