{"id":735690,"date":"2025-08-27T22:52:21","date_gmt":"2025-08-27T19:52:21","guid":{"rendered":"https:\/\/roveyayinevi.com.tr\/index.php\/urun\/dunya-topraklarinda\/"},"modified":"2026-04-12T02:50:28","modified_gmt":"2026-04-11T23:50:28","slug":"dunya-topraklarinda","status":"publish","type":"product","link":"https:\/\/roveyayinevi.com.tr\/index.php\/urun\/dunya-topraklarinda\/","title":{"rendered":"D\u00fcnya Topraklar\u0131nda"},"content":{"rendered":"<p>\u201cOrtalIk toz duman oldu.Ben \u00f6ld\u00fcm.\u201dSa\u011fl\u0131k devrimi ad\u0131 alt\u0131nda insanl\u0131\u011fa ya\u015fat\u0131lanlar, esrarengiz bir cinayet, iki arkada\u015f\u0131n ya\u015fam m\u00fccadelesi ve fedak\u00e2rl\u0131klar\u0131&#8230;Ac\u0131mas\u0131z y\u00f6neticiler, su\u00e7 \u00f6rg\u00fctleri, korkun\u00e7 cezalar ve \u00f6l\u00fcmc\u00fcl yasaklar&#8230; Bu kitapta anlat\u0131lan d\u00fcnyan\u0131n s\u0131n\u0131rlar\u0131 yok.Zeynep Kahraman F\u00fcz\u00fcn, tedavisi olmayan hastal\u0131klar\u0131n ve her taraf\u0131 abluka alt\u0131na alm\u0131\u015f salg\u0131nlar\u0131n \u00e7\u0131k\u0131\u015fs\u0131zl\u0131\u011f\u0131nda klostrofobik bir anlat\u0131 koyuyor ortaya.Fantastikle ola\u011fan\u0131n i\u00e7 i\u00e7e ge\u00e7ti\u011fi b\u0131\u00e7ak s\u0131rt\u0131 bu metinde okur, insan sonras\u0131 d\u00fcnyan\u0131n manzaralar\u0131yla kar\u015f\u0131 kar\u015f\u0131ya kal\u0131yor.2019 y\u0131l\u0131nda yaz\u0131lan ve k\u00fcresel salg\u0131n\u0131 da \u00f6ng\u00f6ren D\u00fcnya Topraklar\u0131nda, \u201cbug\u00fcnden sonras\u0131\u201d i\u00e7in bir ihtimaller repertuvar\u0131.Ya\u015fam\u0131 ve \u00f6l\u00fcm\u00fc sorgulatan bu hik\u00e2yeyi roman\u0131n kahraman\u0131yla birlikte \u00f6\u011freneceksiniz.<\/p>\n","protected":false},"excerpt":{"rendered":"<p>\u201cOrtalIk toz duman oldu.Ben \u00f6ld\u00fcm.\u201dSa\u011fl\u0131k devrimi ad\u0131 alt\u0131nda insanl\u0131\u011fa ya\u015fat\u0131lanlar, esrarengiz bir cinayet, iki arkada\u015f\u0131n ya\u015fam m\u00fccadelesi ve fedak\u00e2rl\u0131klar\u0131&#8230;Ac\u0131mas\u0131z y\u00f6neticiler, su\u00e7 \u00f6rg\u00fctleri, korkun\u00e7 cezalar ve \u00f6l\u00fcmc\u00fcl<span class=\"excerpt-hellip\"> [\u2026]<\/span><\/p>\n","protected":false},"featured_media":0,"template":"","meta":{"_monsterinsights_skip_tracking":false,"_monsterinsights_sitenote_active":false,"_monsterinsights_sitenote_note":"","_monsterinsights_sitenote_category":0},"product_brand":[],"product_cat":[12291,12711],"product_tag":[],"class_list":{"0":"post-735690","1":"product","2":"type-product","3":"status-publish","5":"product_cat-edebiyat","6":"product_cat-roman-oyku","7":"pa_cilt-ciltsiz","8":"pa_tur-kitap","9":"pa_yayinevi-sahi-kitap","10":"pa_yazar-zeynep-kahraman-fuzun","12":"first","13":"instock","14":"sale","15":"shipping-taxable","16":"purchasable","17":"product-type-simple"},"_links":{"self":[{"href":"https:\/\/roveyayinevi.com.tr\/index.php\/wp-json\/wp\/v2\/product\/735690","targetHints":{"allow":["GET"]}}],"collection":[{"href":"https:\/\/roveyayinevi.com.tr\/index.php\/wp-json\/wp\/v2\/product"}],"about":[{"href":"https:\/\/roveyayinevi.com.tr\/index.php\/wp-json\/wp\/v2\/types\/product"}],"wp:attachment":[{"href":"https:\/\/roveyayinevi.com.tr\/index.php\/wp-json\/wp\/v2\/media?parent=735690"}],"wp:term":[{"taxonomy":"product_brand","embeddable":true,"href":"https:\/\/roveyayinevi.com.tr\/index.php\/wp-json\/wp\/v2\/product_brand?post=735690"},{"taxonomy":"product_cat","embeddable":true,"href":"https:\/\/roveyayinevi.com.tr\/index.php\/wp-json\/wp\/v2\/product_cat?post=735690"},{"taxonomy":"product_tag","embeddable":true,"href":"https:\/\/roveyayinevi.com.tr\/index.php\/wp-json\/wp\/v2\/product_tag?post=735690"}],"curies":[{"name":"wp","href":"https:\/\/api.w.org\/{rel}","templated":true}]}}