{"id":735689,"date":"2025-08-27T22:52:20","date_gmt":"2025-08-27T19:52:20","guid":{"rendered":"https:\/\/roveyayinevi.com.tr\/index.php\/urun\/dijital-varlik-sozlugu\/"},"modified":"2026-04-16T02:43:57","modified_gmt":"2026-04-15T23:43:57","slug":"dijital-varlik-sozlugu","status":"publish","type":"product","link":"https:\/\/roveyayinevi.com.tr\/index.php\/urun\/dijital-varlik-sozlugu\/","title":{"rendered":"Dijital Varl\u0131k S\u00f6zl\u00fc\u011f\u00fc"},"content":{"rendered":"<p>Kripto para dendi\u011finde akl\u0131n\u0131za ne geliyor?Ay\u0131 piyasas\u0131 ne demek?Peki ya balinalar?Bo\u011fa pazar\u0131, BNB, Parachain, Stablecoin?Zengin olmak, doland\u0131r\u0131c\u0131l\u0131k, internetin gelece\u011fi, balon, lale spek\u00fclasyonu&#8230;Herkesin fikri var ama kimsenin pek de fikri yok. Ortal\u0131k tam bir toz bulutu.Peki bu tabloyu nas\u0131l daha berrak hale getirece\u011fiz?Bu\u011fra Ayan, \u201cBitcoin mevzusu\u201d olarak \u00fcnlenen ama arka plan\u0131nda \u00f6nemli bir teknolojiyi de bar\u0131nd\u0131ran konuyu masaya yat\u0131r\u0131yor.A\u2019dan Z\u2019ye bu rehberde, Web 3.0 ve onun do\u011furaca\u011f\u0131 dijital varl\u0131k devrimine dair y\u00fczlerce kavram ve a\u00e7\u0131klamay\u0131 bulacaks\u0131n\u0131z.Dijital Varl\u0131k S\u00f6zl\u00fc\u011f\u00fc, kripto paralar ve \u00e7ok daha fazlas\u0131 i\u00e7in bilmeniz gerekenleri bar\u0131nd\u0131ran bir ba\u015fucu kitab\u0131.<\/p>\n","protected":false},"excerpt":{"rendered":"<p>Kripto para dendi\u011finde akl\u0131n\u0131za ne geliyor?Ay\u0131 piyasas\u0131 ne demek?Peki ya balinalar?Bo\u011fa pazar\u0131, BNB, Parachain, Stablecoin?Zengin olmak, doland\u0131r\u0131c\u0131l\u0131k, internetin gelece\u011fi, balon, lale spek\u00fclasyonu&#8230;Herkesin fikri var ama kimsenin<span class=\"excerpt-hellip\"> [\u2026]<\/span><\/p>\n","protected":false},"featured_media":0,"template":"","meta":{"_monsterinsights_skip_tracking":false,"_monsterinsights_sitenote_active":false,"_monsterinsights_sitenote_note":"","_monsterinsights_sitenote_category":0},"product_brand":[],"product_cat":[13043,17647],"product_tag":[],"class_list":{"0":"post-735689","1":"product","2":"type-product","3":"status-publish","5":"product_cat-ekonomi","6":"product_cat-is-dunyasi","7":"pa_cilt-ciltsiz","8":"pa_tur-kitap","9":"pa_yayinevi-sahi-kitap","10":"pa_yazar-bugra-ayan","12":"first","13":"instock","14":"sale","15":"shipping-taxable","16":"purchasable","17":"product-type-simple"},"_links":{"self":[{"href":"https:\/\/roveyayinevi.com.tr\/index.php\/wp-json\/wp\/v2\/product\/735689","targetHints":{"allow":["GET"]}}],"collection":[{"href":"https:\/\/roveyayinevi.com.tr\/index.php\/wp-json\/wp\/v2\/product"}],"about":[{"href":"https:\/\/roveyayinevi.com.tr\/index.php\/wp-json\/wp\/v2\/types\/product"}],"wp:attachment":[{"href":"https:\/\/roveyayinevi.com.tr\/index.php\/wp-json\/wp\/v2\/media?parent=735689"}],"wp:term":[{"taxonomy":"product_brand","embeddable":true,"href":"https:\/\/roveyayinevi.com.tr\/index.php\/wp-json\/wp\/v2\/product_brand?post=735689"},{"taxonomy":"product_cat","embeddable":true,"href":"https:\/\/roveyayinevi.com.tr\/index.php\/wp-json\/wp\/v2\/product_cat?post=735689"},{"taxonomy":"product_tag","embeddable":true,"href":"https:\/\/roveyayinevi.com.tr\/index.php\/wp-json\/wp\/v2\/product_tag?post=735689"}],"curies":[{"name":"wp","href":"https:\/\/api.w.org\/{rel}","templated":true}]}}