{"id":735688,"date":"2025-08-27T22:52:19","date_gmt":"2025-08-27T19:52:19","guid":{"rendered":"https:\/\/roveyayinevi.com.tr\/index.php\/urun\/milletin-sairi-mehmet-akif\/"},"modified":"2026-04-16T02:43:57","modified_gmt":"2026-04-15T23:43:57","slug":"milletin-sairi-mehmet-akif","status":"publish","type":"product","link":"https:\/\/roveyayinevi.com.tr\/index.php\/urun\/milletin-sairi-mehmet-akif\/","title":{"rendered":"Milletin \u015eairi Mehmet Akif"},"content":{"rendered":"<p>Mehmet \u00c2kif, her ge\u00e7en g\u00fcn bu milletin aziz hat\u0131ras\u0131nda h\u00fcrmetle, rahmetle an\u0131lan bir \u015fair. Sadece \u0130stikl\u00e2l Mar\u015f\u0131 de\u011fil, \u015fiirleri, m\u00fccadelesi ve hepsini b\u00fct\u00fcnleyen \u00f6mr\u00fc onu her ge\u00e7en g\u00fcn daha bir diri, daha bir canl\u0131 k\u0131l\u0131yor. Hakk\u0131nda ne s\u00f6ylense ne yaz\u0131lsa sanki yine hep bir eksik kalacak.Arkas\u0131ndan koca bir millet isim olarak da fikir olarak \u00c2kif ve As\u0131m adlar\u0131yla adeta yeniden do\u011fdu. Bunlar hep onun aziz hat\u0131r\u0131, aziz hat\u0131ras\u0131d\u0131r.Prof. Dr. Cemal Kurnaz, bu eserinde bilhassa bir ba\u015fka k\u0131ymetli \u015fair Osman Y\u00fcksel Serdenge\u00e7ti\u2019nin yaz\u0131lar\u0131ndan, \u015fiirlerinden ve en m\u00fchimi m\u00fccadelesinden hareketle hem kendi nesli hem de sonrakiler i\u00e7in \u00c2kif\u2019in y\u00fcreklerde olu\u015fturdu\u011fu samimiyeti ve s\u0131cakl\u0131\u011f\u0131 g\u00fcn y\u00fcz\u00fcne \u00e7\u0131kar\u0131yor. \u00c2kif, her dem yeniden do\u011fan ve hi\u00e7 usan\u0131lmayan bir isimdir. Kendisinden sonra nice b\u00fcy\u00fckler, fikir ve dava adamlar\u0131, \u015fairler ve yazarlar gelmi\u015ftir, ge\u00e7mi\u015ftir ve gelecektir. Hepsi de, o b\u00fcy\u00fck inanm\u0131\u015f adam\u0131n, o b\u00fcy\u00fck millet misti\u011finin, o ulu \u015fairin g\u00f6lgesinde serinlik ve esenlik bulmu\u015flard\u0131r.Yar\u0131nlar i\u00e7in de \u00c2kif bir rehberdir; onu anlatan, onun sevgisiyle dolan eserler de birer kandil. Daima yol g\u00f6stermesi, daima yanmas\u0131 \u00fcmidiyle.Prof. Dr. Cemal Kurnaz\u2019\u0131n anlatt\u0131\u011f\u0131 \u00c2kif, hayat\u0131n i\u00e7inde, milletin yan\u0131nda, m\u00fccadelenin ve fikrin \u00f6n\u00fcndedir. Ona bir ad\u0131m daha yakla\u015fabilmek i\u00e7in bu kitap k\u0131lavuz.<\/p>\n","protected":false},"excerpt":{"rendered":"<p>Mehmet \u00c2kif, her ge\u00e7en g\u00fcn bu milletin aziz hat\u0131ras\u0131nda h\u00fcrmetle, rahmetle an\u0131lan bir \u015fair. Sadece \u0130stikl\u00e2l Mar\u015f\u0131 de\u011fil, \u015fiirleri, m\u00fccadelesi ve hepsini b\u00fct\u00fcnleyen \u00f6mr\u00fc onu her<span class=\"excerpt-hellip\"> [\u2026]<\/span><\/p>\n","protected":false},"featured_media":0,"template":"","meta":{"_monsterinsights_skip_tracking":false,"_monsterinsights_sitenote_active":false,"_monsterinsights_sitenote_note":"","_monsterinsights_sitenote_category":0},"product_brand":[],"product_cat":[12777,12291],"product_tag":[],"class_list":{"0":"post-735688","1":"product","2":"type-product","3":"status-publish","5":"product_cat-deneme","6":"product_cat-edebiyat","7":"pa_cilt-ciltsiz","8":"pa_tur-kitap","9":"pa_yayinevi-muhit-kitap","10":"pa_yazar-cemal-kurnaz","12":"first","13":"instock","14":"sale","15":"shipping-taxable","16":"purchasable","17":"product-type-simple"},"_links":{"self":[{"href":"https:\/\/roveyayinevi.com.tr\/index.php\/wp-json\/wp\/v2\/product\/735688","targetHints":{"allow":["GET"]}}],"collection":[{"href":"https:\/\/roveyayinevi.com.tr\/index.php\/wp-json\/wp\/v2\/product"}],"about":[{"href":"https:\/\/roveyayinevi.com.tr\/index.php\/wp-json\/wp\/v2\/types\/product"}],"wp:attachment":[{"href":"https:\/\/roveyayinevi.com.tr\/index.php\/wp-json\/wp\/v2\/media?parent=735688"}],"wp:term":[{"taxonomy":"product_brand","embeddable":true,"href":"https:\/\/roveyayinevi.com.tr\/index.php\/wp-json\/wp\/v2\/product_brand?post=735688"},{"taxonomy":"product_cat","embeddable":true,"href":"https:\/\/roveyayinevi.com.tr\/index.php\/wp-json\/wp\/v2\/product_cat?post=735688"},{"taxonomy":"product_tag","embeddable":true,"href":"https:\/\/roveyayinevi.com.tr\/index.php\/wp-json\/wp\/v2\/product_tag?post=735688"}],"curies":[{"name":"wp","href":"https:\/\/api.w.org\/{rel}","templated":true}]}}