{"id":735687,"date":"2025-08-27T22:52:18","date_gmt":"2025-08-27T19:52:18","guid":{"rendered":"https:\/\/roveyayinevi.com.tr\/index.php\/urun\/hilda-ve-olmayan-yer\/"},"modified":"2026-04-16T02:43:57","modified_gmt":"2026-04-15T23:43:57","slug":"hilda-ve-olmayan-yer","status":"publish","type":"product","link":"https:\/\/roveyayinevi.com.tr\/index.php\/urun\/hilda-ve-olmayan-yer\/","title":{"rendered":"Hilda Ve Olmayan Yer"},"content":{"rendered":"<p>Mavi sa\u00e7l\u0131, iyi kalpli k\u0131z\u0131m\u0131z Hilda, bir yandan Trolberg\u2019de \u015fehir hayat\u0131na al\u0131\u015f\u0131rken bir yandan da annesi gibi bir Ser\u00e7e \u0130zcisi olmak i\u00e7in rozet kazanmaya \u00e7al\u0131\u015f\u0131r. Kamp\u00e7\u0131l\u0131k rozeti onun son \u015fans\u0131d\u0131r. \u00dcstelik \u00e7ok zor bir g\u00f6rev de say\u0131lmaz. \u00c7ad\u0131r kurup ormanda bir gece ge\u00e7irmek ne kadar zor olabilir ki? Tabii etrafta gezinen canavar\u0131ms\u0131 yarat\u0131k Kara Taz\u0131\u2019y\u0131 hesaba katmazsak. Hilda bir rozete sahip olmay\u0131 \u00e7ok istese de kendini ev ruhlar\u0131n\u0131n, Kara Taz\u0131\u2019n\u0131n, marralar\u0131n, orman devlerinin ser\u00fcven dolu d\u00fcnyas\u0131nda bulur ve olanlar olur.   Hilda yeni maceralar\u0131nda bilinmedik, g\u00f6r\u00fclmedik ve olmayan bir evrenin i\u00e7ine dalar. Kimi zaman korkular\u0131yla y\u00fczle\u015fir, kimi zaman eski bir dost y\u00fczle kar\u015f\u0131la\u015f\u0131r kimi zamansa yenilgilerin de asl\u0131nda bir \u00e7e\u015fit zafer oldu\u011funu fark eder. Netflix orijinal yap\u0131m\u0131 Hilda\u2019n\u0131n \u00fc\u00e7\u00fcnc\u00fc kitab\u0131 Hilda ve Olmayan Yer, g\u00f6z\u00fc kara Hilda\u2019n\u0131n evsiz bir ev ruhunun pe\u015finden maceradan maceraya ko\u015ftu\u011fu heyecanl\u0131 hik\u00e2yesini anlat\u0131yor. <\/p>\n","protected":false},"excerpt":{"rendered":"<p>Mavi sa\u00e7l\u0131, iyi kalpli k\u0131z\u0131m\u0131z Hilda, bir yandan Trolberg\u2019de \u015fehir hayat\u0131na al\u0131\u015f\u0131rken bir yandan da annesi gibi bir Ser\u00e7e \u0130zcisi olmak i\u00e7in rozet kazanmaya \u00e7al\u0131\u015f\u0131r. Kamp\u00e7\u0131l\u0131k<span class=\"excerpt-hellip\"> [\u2026]<\/span><\/p>\n","protected":false},"featured_media":0,"template":"","meta":{"_monsterinsights_skip_tracking":false,"_monsterinsights_sitenote_active":false,"_monsterinsights_sitenote_note":"","_monsterinsights_sitenote_category":0},"product_brand":[],"product_cat":[12275,12274],"product_tag":[],"class_list":{"0":"post-735687","1":"product","2":"type-product","3":"status-publish","5":"product_cat-6-12-yas-kitaplari","6":"product_cat-cocuk-ve-genclik-kitaplari","7":"pa_cilt-ciltsiz","8":"pa_tur-kitap","9":"pa_yayinevi-taze-kitap","10":"pa_yazar-stephen-davies","12":"first","13":"instock","14":"sale","15":"shipping-taxable","16":"purchasable","17":"product-type-simple"},"_links":{"self":[{"href":"https:\/\/roveyayinevi.com.tr\/index.php\/wp-json\/wp\/v2\/product\/735687","targetHints":{"allow":["GET"]}}],"collection":[{"href":"https:\/\/roveyayinevi.com.tr\/index.php\/wp-json\/wp\/v2\/product"}],"about":[{"href":"https:\/\/roveyayinevi.com.tr\/index.php\/wp-json\/wp\/v2\/types\/product"}],"wp:attachment":[{"href":"https:\/\/roveyayinevi.com.tr\/index.php\/wp-json\/wp\/v2\/media?parent=735687"}],"wp:term":[{"taxonomy":"product_brand","embeddable":true,"href":"https:\/\/roveyayinevi.com.tr\/index.php\/wp-json\/wp\/v2\/product_brand?post=735687"},{"taxonomy":"product_cat","embeddable":true,"href":"https:\/\/roveyayinevi.com.tr\/index.php\/wp-json\/wp\/v2\/product_cat?post=735687"},{"taxonomy":"product_tag","embeddable":true,"href":"https:\/\/roveyayinevi.com.tr\/index.php\/wp-json\/wp\/v2\/product_tag?post=735687"}],"curies":[{"name":"wp","href":"https:\/\/api.w.org\/{rel}","templated":true}]}}