{"id":735686,"date":"2025-08-27T22:52:17","date_gmt":"2025-08-27T19:52:17","guid":{"rendered":"https:\/\/roveyayinevi.com.tr\/index.php\/urun\/dunyadan-orneklerle-cocuklarda-ve-ergenlerde-hipnoterapi-uygulamalari-kitap-1\/"},"modified":"2026-04-16T02:43:57","modified_gmt":"2026-04-15T23:43:57","slug":"dunyadan-orneklerle-cocuklarda-ve-ergenlerde-hipnoterapi-uygulamalari-kitap-1","status":"publish","type":"product","link":"https:\/\/roveyayinevi.com.tr\/index.php\/urun\/dunyadan-orneklerle-cocuklarda-ve-ergenlerde-hipnoterapi-uygulamalari-kitap-1\/","title":{"rendered":"D\u00fcnyadan \u00d6rneklerle \u00c7ocuklarda Ve Ergenlerde Hipnoterapi Uygulamalar\u0131 Kitap 1"},"content":{"rendered":"<p>\u00c7ocuklar yeti\u015fkinlere g\u00f6re daha kolay hipnotize olurlar ve bir y\u00f6ntem olarak hipnoterapi, \u00e7ocuklar\u0131n hayal g\u00fc\u00e7lerini ve yeteneklerini ele alarak \u00e7ocuklar\u0131n genel geli\u015fimsel ihtiya\u00e7lar\u0131na cevap verir. Hipnoterapi ve kendi kendine hipnoz, koruyucu fakt\u00f6rleri de\u011ferlendirmek, geli\u015ftirmek ve olumlu uyumu art\u0131rmak i\u00e7in kullan\u0131lan ara\u00e7lard\u0131r. Meta-analizler ve incelemeler, hipnoterapinin pediatrik bozukluklarda ve kanser hastalar\u0131nda prosed\u00fcre ba\u011fl\u0131 s\u0131k\u0131nt\u0131da olumlu etkisini ortaya koymu\u015ftur.   Bulgular, hipnoterapinin \u00e7ok \u00e7e\u015fitli bozukluklar ve problemler i\u00e7in faydal\u0131 olabilece\u011fini ve \u00f6zellikle anksiyete bozukluklar\u0131n\u0131n ve travma ile ilgili durumlar\u0131n terapisinde de\u011ferli olabilece\u011fini g\u00f6stermektedir.   Bu kitap, \u00e7ocuklar\u0131n, bu sorunlar\u0131n besleyici ve yat\u0131\u015ft\u0131r\u0131c\u0131 bir \u015fekilde \u00fcstesinden gelmelerine hipnoz ile nas\u0131l yard\u0131mc\u0131 olunabilece\u011fini a\u00e7\u0131klamak \u00fczere \u00f6zel olarak tasarlanm\u0131\u015ft\u0131r. Kitap, \u00e7ocuklarda ve ergenlerde hipnoz kullan\u0131m\u0131n\u0131n geni\u015f kapsaml\u0131 uygulamalar\u0131n\u0131 incelemek i\u00e7in alan\u0131n en se\u00e7kin katk\u0131lar\u0131ndan baz\u0131lar\u0131n\u0131 bir araya getirdi.   \u00c7ocuklar ve gen\u00e7lerde hipnoterapi kullan\u0131l\u0131rken ihtiya\u00e7 duyulabilecek her \u015feyi i\u00e7eren bir el kitab\u0131 olmas\u0131 ama\u00e7lanan bu eser, ele al\u0131nan problemlerle ilgili bilimsel ara\u015ft\u0131rma sonu\u00e7lar\u0131n\u0131 da elden geldi\u011fince okuyucuya sunmay\u0131 da hedeflemi\u015ftir.    \u00c7ocuklar ve ergenler i\u00e7in son derece kullan\u0131\u015fl\u0131 hipnotik senaryo \u00f6rnekleri sunman\u0131n yan\u0131 s\u0131ra, bir di\u011fer hedefi de alanda \u00e7al\u0131\u015fanlar i\u00e7in, terapi seanslar\u0131n\u0131n yap\u0131land\u0131r\u0131lmas\u0131na y\u00f6nelik takip etmesi kolay, \u00e7\u00f6z\u00fcm odakl\u0131 bir yol da i\u015faret etmektir. <\/p>\n","protected":false},"excerpt":{"rendered":"<p>\u00c7ocuklar yeti\u015fkinlere g\u00f6re daha kolay hipnotize olurlar ve bir y\u00f6ntem olarak hipnoterapi, \u00e7ocuklar\u0131n hayal g\u00fc\u00e7lerini ve yeteneklerini ele alarak \u00e7ocuklar\u0131n genel geli\u015fimsel ihtiya\u00e7lar\u0131na cevap verir. Hipnoterapi<span class=\"excerpt-hellip\"> [\u2026]<\/span><\/p>\n","protected":false},"featured_media":0,"template":"","meta":{"_monsterinsights_skip_tracking":false,"_monsterinsights_sitenote_active":false,"_monsterinsights_sitenote_note":"","_monsterinsights_sitenote_category":0},"product_brand":[],"product_cat":[12573,12566],"product_tag":[],"class_list":{"0":"post-735686","1":"product","2":"type-product","3":"status-publish","5":"product_cat-akademik-kitaplar","6":"product_cat-egitim","7":"pa_cilt-ciltsiz","8":"pa_tur-kitap","9":"pa_yayinevi-nar-agaci-cocuk-yayinlari","10":"pa_yazar-celalettin-uzuner","12":"first","13":"instock","14":"sale","15":"shipping-taxable","16":"purchasable","17":"product-type-simple"},"_links":{"self":[{"href":"https:\/\/roveyayinevi.com.tr\/index.php\/wp-json\/wp\/v2\/product\/735686","targetHints":{"allow":["GET"]}}],"collection":[{"href":"https:\/\/roveyayinevi.com.tr\/index.php\/wp-json\/wp\/v2\/product"}],"about":[{"href":"https:\/\/roveyayinevi.com.tr\/index.php\/wp-json\/wp\/v2\/types\/product"}],"wp:attachment":[{"href":"https:\/\/roveyayinevi.com.tr\/index.php\/wp-json\/wp\/v2\/media?parent=735686"}],"wp:term":[{"taxonomy":"product_brand","embeddable":true,"href":"https:\/\/roveyayinevi.com.tr\/index.php\/wp-json\/wp\/v2\/product_brand?post=735686"},{"taxonomy":"product_cat","embeddable":true,"href":"https:\/\/roveyayinevi.com.tr\/index.php\/wp-json\/wp\/v2\/product_cat?post=735686"},{"taxonomy":"product_tag","embeddable":true,"href":"https:\/\/roveyayinevi.com.tr\/index.php\/wp-json\/wp\/v2\/product_tag?post=735686"}],"curies":[{"name":"wp","href":"https:\/\/api.w.org\/{rel}","templated":true}]}}