{"id":735683,"date":"2025-08-27T22:52:15","date_gmt":"2025-08-27T19:52:15","guid":{"rendered":"https:\/\/roveyayinevi.com.tr\/index.php\/urun\/karmik-astroloji-ve-ezoterizm-isiginda-2022\/"},"modified":"2026-04-16T02:43:57","modified_gmt":"2026-04-15T23:43:57","slug":"karmik-astroloji-ve-ezoterizm-isiginda-2022","status":"publish","type":"product","link":"https:\/\/roveyayinevi.com.tr\/index.php\/urun\/karmik-astroloji-ve-ezoterizm-isiginda-2022\/","title":{"rendered":"Karmik Astroloji ve Ezoterizm I\u015f\u0131\u011f\u0131nda 2022"},"content":{"rendered":"<p>Astroloji, karakteri ortaya \u00e7\u0131kar\u0131r. Karakterini de\u011fi\u015ftirebilen insan, gelece\u011fi de de\u011fi\u015ftirmi\u015f olur.   \u0130nsanl\u0131\u011f\u0131n nereden gelip nereye gitti\u011fini \u00f6\u011frenmek ad\u0131na en kuvvetli referanslardan biridir astroloji&#8230; Do\u011fum haritan\u0131zdaki e\u011filimler, hayat\u0131n hangi alanlar\u0131na do\u011fru g\u00f6t\u00fcr\u00fclebilece\u011finizi g\u00f6sterir size. Bu e\u011filimler toplum kal\u0131plar\u0131na g\u00f6re olumlu veya olumsuz olabilir. \u0130nsan iradesini kullanarak kadere h\u00fckmedebilir. E\u011fer hayat\u0131n\u0131z\u0131 ak\u0131\u015fa b\u0131rakmaya karar verdiyseniz, do\u011fum haritan\u0131zda g\u00f6r\u00fcnen e\u011filimler zaman\u0131 geldik\u00e7e etkilerini g\u00f6sterir. Siz de buna \u201ckader\u201d dersiniz. Oysa bir devrim yaparak \u00f6zg\u00fcr iradenizi kullanmay\u0131 tercih edebilir, kaderinizi yazmaya ba\u015flayabilirsiniz. \u201cNe yapal\u0131m, kaderimiz buymu\u015f i\u015fte!\u201d diyemeyece\u011fimiz zorlu bir s\u00fcre\u00e7ten ge\u00e7iyor d\u00fcnya. Ezoterik astrolojinin uyar\u0131lar\u0131na kulak t\u0131kama l\u00fcks\u00fcne sahip de\u011filiz. Zorluklarla m\u00fccadele etmenin tek yolu, bilgiyi nas\u0131l kullanmak gerekti\u011fini bilmektir. 2022 ile ba\u015fa \u00e7\u0131kmaya haz\u0131r m\u0131s\u0131n\u0131z? <\/p>\n","protected":false},"excerpt":{"rendered":"<p>Astroloji, karakteri ortaya \u00e7\u0131kar\u0131r. Karakterini de\u011fi\u015ftirebilen insan, gelece\u011fi de de\u011fi\u015ftirmi\u015f olur. \u0130nsanl\u0131\u011f\u0131n nereden gelip nereye gitti\u011fini \u00f6\u011frenmek ad\u0131na en kuvvetli referanslardan biridir astroloji&#8230; Do\u011fum haritan\u0131zdaki e\u011filimler,<span class=\"excerpt-hellip\"> [\u2026]<\/span><\/p>\n","protected":false},"featured_media":0,"template":"","meta":{"_monsterinsights_skip_tracking":false,"_monsterinsights_sitenote_active":false,"_monsterinsights_sitenote_note":"","_monsterinsights_sitenote_category":0},"product_brand":[],"product_cat":[18082,15563],"product_tag":[],"class_list":{"0":"post-735683","1":"product","2":"type-product","3":"status-publish","5":"product_cat-astroloji-fal-ruya","6":"product_cat-hobi","7":"pa_cilt-ciltsiz","8":"pa_tur-kitap","9":"pa_yayinevi-destek-yayinlari","10":"pa_yazar-oguzhan-ceyhan","12":"first","13":"instock","14":"sale","15":"shipping-taxable","16":"purchasable","17":"product-type-simple"},"_links":{"self":[{"href":"https:\/\/roveyayinevi.com.tr\/index.php\/wp-json\/wp\/v2\/product\/735683","targetHints":{"allow":["GET"]}}],"collection":[{"href":"https:\/\/roveyayinevi.com.tr\/index.php\/wp-json\/wp\/v2\/product"}],"about":[{"href":"https:\/\/roveyayinevi.com.tr\/index.php\/wp-json\/wp\/v2\/types\/product"}],"wp:attachment":[{"href":"https:\/\/roveyayinevi.com.tr\/index.php\/wp-json\/wp\/v2\/media?parent=735683"}],"wp:term":[{"taxonomy":"product_brand","embeddable":true,"href":"https:\/\/roveyayinevi.com.tr\/index.php\/wp-json\/wp\/v2\/product_brand?post=735683"},{"taxonomy":"product_cat","embeddable":true,"href":"https:\/\/roveyayinevi.com.tr\/index.php\/wp-json\/wp\/v2\/product_cat?post=735683"},{"taxonomy":"product_tag","embeddable":true,"href":"https:\/\/roveyayinevi.com.tr\/index.php\/wp-json\/wp\/v2\/product_tag?post=735683"}],"curies":[{"name":"wp","href":"https:\/\/api.w.org\/{rel}","templated":true}]}}