{"id":735682,"date":"2025-08-27T22:52:14","date_gmt":"2025-08-27T19:52:14","guid":{"rendered":"https:\/\/roveyayinevi.com.tr\/index.php\/urun\/karga-feramuzun-aski\/"},"modified":"2026-04-16T02:43:57","modified_gmt":"2026-04-15T23:43:57","slug":"karga-feramuzun-aski","status":"publish","type":"product","link":"https:\/\/roveyayinevi.com.tr\/index.php\/urun\/karga-feramuzun-aski\/","title":{"rendered":"Karga Feramuz&#8217;un A\u015fk\u0131"},"content":{"rendered":"<p>A\u011fa\u00e7tan d\u00fc\u015fen g\u00fcnl\u00fc\u011f\u00fc okuyan Nazl\u0131, seksenlik Karga Feramuz\u2019un, k\u00f6\u015fk\u00fcn sahibesine sevdal\u0131 oldu\u011funu \u00f6\u011frenir. \u0130stanbul Arkeoloji M\u00fczesi\u2019nin bek\u00e7isiyle ve Firavun \u0130skelet\u2019le arkada\u015fl\u0131k eder. \u00d6zg\u00fcr olmak isteyen Ven\u00fcs, M\u0131s\u0131rl\u0131 k\u00f6le ve \u00f6teki heykeller, \u0130stanbul\u2019da ya\u015famak iste\u011fiyle m\u00fczeyi terk etmeye karar verirler. A\u011flayan Kad\u0131nlar Lahti\u2019nden Agrippina da, Erenk\u00f6y\u2019deki k\u00f6\u015fkte kendine i\u015f bulmu\u015ftur. Heykeller m\u00fczeye d\u00f6necek mi, Nazl\u0131 kalbi k\u0131r\u0131k Karga\u2019ya yard\u0131m edebilecek midir?..<\/p>\n","protected":false},"excerpt":{"rendered":"<p>A\u011fa\u00e7tan d\u00fc\u015fen g\u00fcnl\u00fc\u011f\u00fc okuyan Nazl\u0131, seksenlik Karga Feramuz\u2019un, k\u00f6\u015fk\u00fcn sahibesine sevdal\u0131 oldu\u011funu \u00f6\u011frenir. \u0130stanbul Arkeoloji M\u00fczesi\u2019nin bek\u00e7isiyle ve Firavun \u0130skelet\u2019le arkada\u015fl\u0131k eder. \u00d6zg\u00fcr olmak isteyen Ven\u00fcs,<span class=\"excerpt-hellip\"> [\u2026]<\/span><\/p>\n","protected":false},"featured_media":0,"template":"","meta":{"_monsterinsights_skip_tracking":false,"_monsterinsights_sitenote_active":false,"_monsterinsights_sitenote_note":"","_monsterinsights_sitenote_category":0},"product_brand":[],"product_cat":[12275,12274],"product_tag":[],"class_list":{"0":"post-735682","1":"product","2":"type-product","3":"status-publish","5":"product_cat-6-12-yas-kitaplari","6":"product_cat-cocuk-ve-genclik-kitaplari","7":"pa_cilt-ciltsiz","8":"pa_tur-kitap","9":"pa_yayinevi-gunisigi-kitapligi","10":"pa_yazar-nazli-eray","12":"first","13":"instock","14":"sale","15":"shipping-taxable","16":"purchasable","17":"product-type-simple"},"_links":{"self":[{"href":"https:\/\/roveyayinevi.com.tr\/index.php\/wp-json\/wp\/v2\/product\/735682","targetHints":{"allow":["GET"]}}],"collection":[{"href":"https:\/\/roveyayinevi.com.tr\/index.php\/wp-json\/wp\/v2\/product"}],"about":[{"href":"https:\/\/roveyayinevi.com.tr\/index.php\/wp-json\/wp\/v2\/types\/product"}],"wp:attachment":[{"href":"https:\/\/roveyayinevi.com.tr\/index.php\/wp-json\/wp\/v2\/media?parent=735682"}],"wp:term":[{"taxonomy":"product_brand","embeddable":true,"href":"https:\/\/roveyayinevi.com.tr\/index.php\/wp-json\/wp\/v2\/product_brand?post=735682"},{"taxonomy":"product_cat","embeddable":true,"href":"https:\/\/roveyayinevi.com.tr\/index.php\/wp-json\/wp\/v2\/product_cat?post=735682"},{"taxonomy":"product_tag","embeddable":true,"href":"https:\/\/roveyayinevi.com.tr\/index.php\/wp-json\/wp\/v2\/product_tag?post=735682"}],"curies":[{"name":"wp","href":"https:\/\/api.w.org\/{rel}","templated":true}]}}