{"id":735679,"date":"2025-08-27T22:52:12","date_gmt":"2025-08-27T19:52:12","guid":{"rendered":"https:\/\/roveyayinevi.com.tr\/index.php\/urun\/lise-ogrencilerinin-atik-yonetimi-ve-geri-donusum-davranislarini-etkileyen-faktorlerin-incelenmesi\/"},"modified":"2026-04-16T02:43:57","modified_gmt":"2026-04-15T23:43:57","slug":"lise-ogrencilerinin-atik-yonetimi-ve-geri-donusum-davranislarini-etkileyen-faktorlerin-incelenmesi","status":"publish","type":"product","link":"https:\/\/roveyayinevi.com.tr\/index.php\/urun\/lise-ogrencilerinin-atik-yonetimi-ve-geri-donusum-davranislarini-etkileyen-faktorlerin-incelenmesi\/","title":{"rendered":"Lise \u00d6\u011frencilerinin At\u0131k Y\u00f6netimi ve Geri D\u00f6n\u00fc\u015f\u00fcm Davran\u0131\u015flar\u0131n\u0131 Etkileyen Fakt\u00f6rlerin \u0130ncelenmesi"},"content":{"rendered":"<p>1.      ATIK Y\u00d6NET\u0130M\u0130 VE S\u00dcRD\u00dcR\u00dcLEB\u0130L\u0130RL\u0130K 1.1.   At\u0131k ve At\u0131k Y\u00f6netimi Kavram\u0131 1.2.   At\u0131k Y\u00f6netiminin Temel \u0130lkeleri 1.3.   At\u0131klar\u0131n S\u0131n\u0131fland\u0131r\u0131lmas\u0131 1.4.   S\u00fcrd\u00fcr\u00fclebilirlik Kavram\u0131 1.5.   S\u00fcrd\u00fcr\u00fclebilirlik Kavram\u0131n\u0131n Tarihsel Geli\u015fimi 1.6.   S\u00fcrd\u00fcr\u00fclebilirlik Kavram\u0131n\u0131n Boyutlar\u0131 1.7.   S\u00fcrd\u00fcr\u00fclebilirlik Yakla\u015f\u0131m\u0131n\u0131n Hedefleri 1.8.   S\u00fcrd\u00fcr\u00fclebilir At\u0131k Y\u00f6netimi 2.      GER\u0130 D\u00d6N\u00dc\u015e\u00dcM VE GER\u0130 D\u00d6N\u00dc\u015e\u00dcM DAVRANI\u015eI 2.1.   Geri D\u00f6n\u00fc\u015f\u00fcm Kavram\u0131 2.2.   Geri D\u00f6n\u00fc\u015f\u00fcm\u00fcn \u00d6nemi ve Faydalar\u0131 2.3.   Geri D\u00f6n\u00fc\u015f\u00fcm Davran\u0131\u015f\u0131 2.4.   Geri D\u00f6n\u00fc\u015f\u00fcm Davran\u0131\u015f\u0131n\u0131 A\u00e7\u0131klamada Kullan\u0131lan Modeller 3.      METODOLOJ\u0130 VE UYGULAMA 3.1.   Ara\u015ft\u0131rman\u0131n Amac\u0131, Kapsam\u0131 ve K\u0131s\u0131tlar\u0131 3.2.   Ara\u015ft\u0131rmadan Beklenen Yararlar 3.3.   Ara\u015ft\u0131rman\u0131n De\u011fi\u015fkenleri 3.4.   Ara\u015ft\u0131rma Modeli 3.5.   Ara\u015ft\u0131rma Hipotezleri 3.6.   \u00d6rnekleme S\u00fcreci 3.7.   Veri Toplama Y\u00f6ntem ve Arac\u0131 3.8.   Verilerin Analizi <\/p>\n","protected":false},"excerpt":{"rendered":"<p>1. ATIK Y\u00d6NET\u0130M\u0130 VE S\u00dcRD\u00dcR\u00dcLEB\u0130L\u0130RL\u0130K 1.1. At\u0131k ve At\u0131k Y\u00f6netimi Kavram\u0131 1.2. At\u0131k Y\u00f6netiminin Temel \u0130lkeleri 1.3. At\u0131klar\u0131n S\u0131n\u0131fland\u0131r\u0131lmas\u0131 1.4. S\u00fcrd\u00fcr\u00fclebilirlik Kavram\u0131 1.5. S\u00fcrd\u00fcr\u00fclebilirlik Kavram\u0131n\u0131n Tarihsel<span class=\"excerpt-hellip\"> [\u2026]<\/span><\/p>\n","protected":false},"featured_media":0,"template":"","meta":{"_monsterinsights_skip_tracking":false,"_monsterinsights_sitenote_active":false,"_monsterinsights_sitenote_note":"","_monsterinsights_sitenote_category":0},"product_brand":[],"product_cat":[13005,40995],"product_tag":[],"class_list":{"0":"post-735679","1":"product","2":"type-product","3":"status-publish","5":"product_cat-bilim-muhendislik","6":"product_cat-sosyal-bilimler","7":"pa_cilt-ciltsiz","8":"pa_tur-kitap","9":"pa_yayinevi-gazi-kitabevi","10":"pa_yazar-gazi-kitabevi-kolektif","12":"first","13":"instock","14":"sale","15":"shipping-taxable","16":"purchasable","17":"product-type-simple"},"_links":{"self":[{"href":"https:\/\/roveyayinevi.com.tr\/index.php\/wp-json\/wp\/v2\/product\/735679","targetHints":{"allow":["GET"]}}],"collection":[{"href":"https:\/\/roveyayinevi.com.tr\/index.php\/wp-json\/wp\/v2\/product"}],"about":[{"href":"https:\/\/roveyayinevi.com.tr\/index.php\/wp-json\/wp\/v2\/types\/product"}],"wp:attachment":[{"href":"https:\/\/roveyayinevi.com.tr\/index.php\/wp-json\/wp\/v2\/media?parent=735679"}],"wp:term":[{"taxonomy":"product_brand","embeddable":true,"href":"https:\/\/roveyayinevi.com.tr\/index.php\/wp-json\/wp\/v2\/product_brand?post=735679"},{"taxonomy":"product_cat","embeddable":true,"href":"https:\/\/roveyayinevi.com.tr\/index.php\/wp-json\/wp\/v2\/product_cat?post=735679"},{"taxonomy":"product_tag","embeddable":true,"href":"https:\/\/roveyayinevi.com.tr\/index.php\/wp-json\/wp\/v2\/product_tag?post=735679"}],"curies":[{"name":"wp","href":"https:\/\/api.w.org\/{rel}","templated":true}]}}