{"id":735677,"date":"2025-08-27T22:52:10","date_gmt":"2025-08-27T19:52:10","guid":{"rendered":"https:\/\/roveyayinevi.com.tr\/index.php\/urun\/kamu-calisanlarinin-tasarruf-egilimleri-tra1-bolgesi-ornegi\/"},"modified":"2026-04-16T02:43:57","modified_gmt":"2026-04-15T23:43:57","slug":"kamu-calisanlarinin-tasarruf-egilimleri-tra1-bolgesi-ornegi","status":"publish","type":"product","link":"https:\/\/roveyayinevi.com.tr\/index.php\/urun\/kamu-calisanlarinin-tasarruf-egilimleri-tra1-bolgesi-ornegi\/","title":{"rendered":"Kamu \u00c7al\u0131\u015fanlar\u0131n\u0131n Tasarruf E\u011filimleri &#8211; TRA1 B\u00f6lgesi \u00d6rne\u011fi"},"content":{"rendered":"<p>1.      TASARRUF KAVRAMI VE TASARRUFU ETK\u0130LEYEN FAKT\u00d6RLER 1.1.   TASARRUF KAVRAMI 1.2.   TASARRUF \u00c7E\u015e\u0130TLER\u0130 1.3.   TASARRUFU ETK\u0130LEYEN FAKT\u00d6RLER 1.4.   TASARRUFLA \u0130LG\u0130L\u0130 KURAMLAR 1.5.   T\u00dcRK\u0130YE\u2019DE TASARRUF HACM\u0130N\u0130N SEYR\u0130 2.      L\u0130TERAT\u00dcR TARAMASI 2.1.   MATERYAL VE METOT 2.2.   TANIMLAYICI \u0130STAT\u0130ST\u0130KLER 2.3.   \u0130L\u0130\u015eK\u0130 ANAL\u0130ZLER\u0130 <\/p>\n","protected":false},"excerpt":{"rendered":"<p>1. TASARRUF KAVRAMI VE TASARRUFU ETK\u0130LEYEN FAKT\u00d6RLER 1.1. TASARRUF KAVRAMI 1.2. TASARRUF \u00c7E\u015e\u0130TLER\u0130 1.3. TASARRUFU ETK\u0130LEYEN FAKT\u00d6RLER 1.4. TASARRUFLA \u0130LG\u0130L\u0130 KURAMLAR 1.5. T\u00dcRK\u0130YE\u2019DE TASARRUF HACM\u0130N\u0130N SEYR\u0130<span class=\"excerpt-hellip\"> [\u2026]<\/span><\/p>\n","protected":false},"featured_media":0,"template":"","meta":{"_monsterinsights_skip_tracking":false,"_monsterinsights_sitenote_active":false,"_monsterinsights_sitenote_note":"","_monsterinsights_sitenote_category":0},"product_brand":[],"product_cat":[20333,13043],"product_tag":[],"class_list":{"0":"post-735677","1":"product","2":"type-product","3":"status-publish","5":"product_cat-diger-ekonomi","6":"product_cat-ekonomi","7":"pa_cilt-ciltsiz","8":"pa_tur-kitap","9":"pa_yayinevi-gazi-kitabevi","10":"pa_yazar-gazi-kitabevi-kolektif","12":"first","13":"instock","14":"sale","15":"shipping-taxable","16":"purchasable","17":"product-type-simple"},"_links":{"self":[{"href":"https:\/\/roveyayinevi.com.tr\/index.php\/wp-json\/wp\/v2\/product\/735677","targetHints":{"allow":["GET"]}}],"collection":[{"href":"https:\/\/roveyayinevi.com.tr\/index.php\/wp-json\/wp\/v2\/product"}],"about":[{"href":"https:\/\/roveyayinevi.com.tr\/index.php\/wp-json\/wp\/v2\/types\/product"}],"wp:attachment":[{"href":"https:\/\/roveyayinevi.com.tr\/index.php\/wp-json\/wp\/v2\/media?parent=735677"}],"wp:term":[{"taxonomy":"product_brand","embeddable":true,"href":"https:\/\/roveyayinevi.com.tr\/index.php\/wp-json\/wp\/v2\/product_brand?post=735677"},{"taxonomy":"product_cat","embeddable":true,"href":"https:\/\/roveyayinevi.com.tr\/index.php\/wp-json\/wp\/v2\/product_cat?post=735677"},{"taxonomy":"product_tag","embeddable":true,"href":"https:\/\/roveyayinevi.com.tr\/index.php\/wp-json\/wp\/v2\/product_tag?post=735677"}],"curies":[{"name":"wp","href":"https:\/\/api.w.org\/{rel}","templated":true}]}}