{"id":735676,"date":"2025-08-27T22:52:09","date_gmt":"2025-08-27T19:52:09","guid":{"rendered":"https:\/\/roveyayinevi.com.tr\/index.php\/urun\/pandemi-sonrasi-ekonomik-ve-politik-donusum\/"},"modified":"2026-04-16T02:43:56","modified_gmt":"2026-04-15T23:43:56","slug":"pandemi-sonrasi-ekonomik-ve-politik-donusum","status":"publish","type":"product","link":"https:\/\/roveyayinevi.com.tr\/index.php\/urun\/pandemi-sonrasi-ekonomik-ve-politik-donusum\/","title":{"rendered":"Pandemi Sonras\u0131 Ekonomik ve Politik D\u00f6n\u00fc\u015f\u00fcm"},"content":{"rendered":"<p>1.      COVID-19\u2019UN EKONOM\u0130 POL\u0130T\u0130\u011e\u0130 2.      COVID-19 SALGINININ \u0130LK D\u00d6NEM\u0130NDE \u00c7E\u015e\u0130TL\u0130 \u00dcLKELERDE UYGULANAN SA\u011eLIK POL\u0130T\u0130KALARI \u0130LE \u0130LG\u0130L\u0130 GENEL B\u0130R DE\u011eERLEND\u0130RME 3.      COVID 19 SALGINI, TUR\u0130ZM VE \u00d6NE \u00c7IKAN TUR\u0130ZM E\u011e\u0130L\u0130MLER\u0130 4.      COVID-19 PANDEM\u0130S\u0130N\u0130N PETROL F\u0130YATLARI \u00dcZER\u0130NE ETK\u0130S\u0130N\u0130N EKONOMETR\u0130K B\u0130R ANAL\u0130Z\u0130 5.      COVID-19 PANDEM\u0130S\u0130N\u0130N ALTIN P\u0130YASASI \u00dcZER\u0130NE ETK\u0130S\u0130N\u0130N EKONOMETR\u0130K B\u0130R ANAL\u0130Z\u0130 6.      K\u00dcRESEL SALGIN VE BLOKZ\u0130NC\u0130R TEKNOLOJ\u0130S\u0130 7.      COVID-19 PANDEM\u0130S\u0130N\u0130N EV EKSENL\u0130 \u00c7ALI\u015eAN KADINLAR \u00dcZER\u0130NDEK\u0130 ETK\u0130LER\u0130: KAYSER\u0130\/ KOCAS\u0130NAN \u00d6RNE\u011e\u0130 8.      COVID-19 SALGINININ T\u00dcRK\u0130YE\u2019DE GEN\u00c7 \u0130\u015eG\u00dcC\u00dc P\u0130YASASINA ETK\u0130LER\u0130 9.      COVID-19 PANDEM\u0130S\u0130N\u0130N T\u00dcRK\u0130YE\u2019DEK\u0130 YOKSULLUK \u00dcZER\u0130NE ETK\u0130S\u0130 10.  COVID-19 PANDEM\u0130S\u0130, KAP\u0130TAL\u0130ZM VE K\u00dcRESELLE\u015eME 11.  COVID 19 VE A\u015eI KAR\u015eITLI\u011eI <\/p>\n","protected":false},"excerpt":{"rendered":"<p>1. COVID-19\u2019UN EKONOM\u0130 POL\u0130T\u0130\u011e\u0130 2. COVID-19 SALGINININ \u0130LK D\u00d6NEM\u0130NDE \u00c7E\u015e\u0130TL\u0130 \u00dcLKELERDE UYGULANAN SA\u011eLIK POL\u0130T\u0130KALARI \u0130LE \u0130LG\u0130L\u0130 GENEL B\u0130R DE\u011eERLEND\u0130RME 3. COVID 19 SALGINI, TUR\u0130ZM VE \u00d6NE<span class=\"excerpt-hellip\"> [\u2026]<\/span><\/p>\n","protected":false},"featured_media":0,"template":"","meta":{"_monsterinsights_skip_tracking":false,"_monsterinsights_sitenote_active":false,"_monsterinsights_sitenote_note":"","_monsterinsights_sitenote_category":0},"product_brand":[],"product_cat":[20333,13043],"product_tag":[],"class_list":{"0":"post-735676","1":"product","2":"type-product","3":"status-publish","5":"product_cat-diger-ekonomi","6":"product_cat-ekonomi","7":"pa_cilt-ciltsiz","8":"pa_tur-kitap","9":"pa_yayinevi-gazi-kitabevi","10":"pa_yazar-gulbahar-atasever","12":"first","13":"instock","14":"sale","15":"shipping-taxable","16":"purchasable","17":"product-type-simple"},"_links":{"self":[{"href":"https:\/\/roveyayinevi.com.tr\/index.php\/wp-json\/wp\/v2\/product\/735676","targetHints":{"allow":["GET"]}}],"collection":[{"href":"https:\/\/roveyayinevi.com.tr\/index.php\/wp-json\/wp\/v2\/product"}],"about":[{"href":"https:\/\/roveyayinevi.com.tr\/index.php\/wp-json\/wp\/v2\/types\/product"}],"wp:attachment":[{"href":"https:\/\/roveyayinevi.com.tr\/index.php\/wp-json\/wp\/v2\/media?parent=735676"}],"wp:term":[{"taxonomy":"product_brand","embeddable":true,"href":"https:\/\/roveyayinevi.com.tr\/index.php\/wp-json\/wp\/v2\/product_brand?post=735676"},{"taxonomy":"product_cat","embeddable":true,"href":"https:\/\/roveyayinevi.com.tr\/index.php\/wp-json\/wp\/v2\/product_cat?post=735676"},{"taxonomy":"product_tag","embeddable":true,"href":"https:\/\/roveyayinevi.com.tr\/index.php\/wp-json\/wp\/v2\/product_tag?post=735676"}],"curies":[{"name":"wp","href":"https:\/\/api.w.org\/{rel}","templated":true}]}}