{"id":735675,"date":"2025-08-27T22:52:08","date_gmt":"2025-08-27T19:52:08","guid":{"rendered":"https:\/\/roveyayinevi.com.tr\/index.php\/urun\/milli-mucadelede-ozdemir-bey-ve-guney-akincilari-kollari\/"},"modified":"2026-04-16T02:43:56","modified_gmt":"2026-04-15T23:43:56","slug":"milli-mucadelede-ozdemir-bey-ve-guney-akincilari-kollari","status":"publish","type":"product","link":"https:\/\/roveyayinevi.com.tr\/index.php\/urun\/milli-mucadelede-ozdemir-bey-ve-guney-akincilari-kollari\/","title":{"rendered":"Milli M\u00fccadelede \u00d6zdemir Bey ve G\u00fcney Ak\u0131nc\u0131lar\u0131 Kollar\u0131"},"content":{"rendered":"<p>1.      B\u0130R\u0130NC\u0130 B\u00d6L\u00dcM \u00d6ZDEM\u0130R BEY\u2019\u0130N SUR\u0130YE-F\u0130L\u0130ST\u0130N CEPHES\u0130NDEK\u0130 FAAL\u0130YETLER\u0130 2.      \u0130K\u0130NC\u0130 B\u00d6L\u00dcM HATAY M\u0130LL\u0130 M\u00dcCADELES\u0130N\u0130N \u0130LK DEVRES\u0130 3.      \u00dc\u00c7\u00dcNC\u00dc B\u00d6L\u00dcM B\u00d6LGEN\u0130N FRANSIZ H\u0202K\u0130M\u0130YET\u0130NE G\u0130RMES\u0130 VE ERMEN\u0130LERLE \u0130L\u0130\u015eK\u0130LER 4.      D\u00d6RD\u00dcNC\u00dc B\u00d6L\u00dcM SUR\u0130YE \u0130LE \u0130\u015eB\u0130RL\u0130\u011e\u0130 POL\u0130T\u0130KALARI VE KUSEYR KONGRES\u0130 5.      BE\u015e\u0130NC\u0130 B\u00d6L\u00dcM KUSEYR KONGRES\u0130 SONRASI HATAY M\u0130LL\u0130 M\u00dcCADELES\u0130NDE ARAP ETK\u0130S\u0130N\u0130N SONA ERMES\u0130 VE \u00c7ETEC\u0130L\u0130K FAAL\u0130YETLER\u0130 6.      ALTINCI B\u00d6L\u00dcM \u00d6ZDEM\u0130R BEY\u2019\u0130N ANTEP M\u0130LL\u0130 KUVVETLER\u0130 KOMUTANLI\u011eI VE FAAL\u0130YETLER\u0130 7.      YED\u0130NC\u0130 B\u00d6L\u00dcM \u00d6ZDEM\u0130R BEY \u00d6NCES\u0130 HATAY M\u0130LL\u0130 M\u00dcCADELES\u0130\u2019NDE ANKARA\u2019NIN ETK\u0130S\u0130 VE Y\u00dcZBA\u015eI YAVER BEDR\u0130 BEY 8.      SEK\u0130Z\u0130NC\u0130 B\u00d6L\u00dcM G\u00dcNEY AKINCI KOLLARI (CENUP AKINCILARI) 9.      DOKUZUNCU B\u00d6L\u00dcM \u00d6ZDEM\u0130R BEY\u2019\u0130N HATAY M\u0130LL\u0130 KUVVETLER\u0130 KOMUTANLI\u011eI VE FAAL\u0130YETLER\u0130 10.  ONUNCU B\u00d6L\u00dcM MUSUL-KERK\u00dcK HAREK\u00c2TI VE B\u00d6LGEDEK\u0130 T\u00dcRK D\u0130REN\u0130\u015eLER\u0130 <\/p>\n","protected":false},"excerpt":{"rendered":"<p>1. B\u0130R\u0130NC\u0130 B\u00d6L\u00dcM \u00d6ZDEM\u0130R BEY\u2019\u0130N SUR\u0130YE-F\u0130L\u0130ST\u0130N CEPHES\u0130NDEK\u0130 FAAL\u0130YETLER\u0130 2. \u0130K\u0130NC\u0130 B\u00d6L\u00dcM HATAY M\u0130LL\u0130 M\u00dcCADELES\u0130N\u0130N \u0130LK DEVRES\u0130 3. \u00dc\u00c7\u00dcNC\u00dc B\u00d6L\u00dcM B\u00d6LGEN\u0130N FRANSIZ H\u0202K\u0130M\u0130YET\u0130NE G\u0130RMES\u0130 VE ERMEN\u0130LERLE \u0130L\u0130\u015eK\u0130LER<span class=\"excerpt-hellip\"> [\u2026]<\/span><\/p>\n","protected":false},"featured_media":0,"template":"","meta":{"_monsterinsights_skip_tracking":false,"_monsterinsights_sitenote_active":false,"_monsterinsights_sitenote_note":"","_monsterinsights_sitenote_category":0},"product_brand":[],"product_cat":[12370,12304],"product_tag":[],"class_list":{"0":"post-735675","1":"product","2":"type-product","3":"status-publish","5":"product_cat-arastirma-inceleme","6":"product_cat-tarih","7":"pa_cilt-ciltsiz","8":"pa_tur-kitap","9":"pa_yayinevi-gazi-kitabevi","10":"pa_yazar-guney-nur","12":"first","13":"instock","14":"sale","15":"shipping-taxable","16":"purchasable","17":"product-type-simple"},"_links":{"self":[{"href":"https:\/\/roveyayinevi.com.tr\/index.php\/wp-json\/wp\/v2\/product\/735675","targetHints":{"allow":["GET"]}}],"collection":[{"href":"https:\/\/roveyayinevi.com.tr\/index.php\/wp-json\/wp\/v2\/product"}],"about":[{"href":"https:\/\/roveyayinevi.com.tr\/index.php\/wp-json\/wp\/v2\/types\/product"}],"wp:attachment":[{"href":"https:\/\/roveyayinevi.com.tr\/index.php\/wp-json\/wp\/v2\/media?parent=735675"}],"wp:term":[{"taxonomy":"product_brand","embeddable":true,"href":"https:\/\/roveyayinevi.com.tr\/index.php\/wp-json\/wp\/v2\/product_brand?post=735675"},{"taxonomy":"product_cat","embeddable":true,"href":"https:\/\/roveyayinevi.com.tr\/index.php\/wp-json\/wp\/v2\/product_cat?post=735675"},{"taxonomy":"product_tag","embeddable":true,"href":"https:\/\/roveyayinevi.com.tr\/index.php\/wp-json\/wp\/v2\/product_tag?post=735675"}],"curies":[{"name":"wp","href":"https:\/\/api.w.org\/{rel}","templated":true}]}}