{"id":735674,"date":"2025-08-27T22:52:08","date_gmt":"2025-08-27T19:52:08","guid":{"rendered":"https:\/\/roveyayinevi.com.tr\/index.php\/urun\/sporda-irkcilik\/"},"modified":"2026-04-16T02:43:56","modified_gmt":"2026-04-15T23:43:56","slug":"sporda-irkcilik","status":"publish","type":"product","link":"https:\/\/roveyayinevi.com.tr\/index.php\/urun\/sporda-irkcilik\/","title":{"rendered":"Sporda Irk\u00e7\u0131l\u0131k"},"content":{"rendered":"<p>1.      G\u0130R\u0130\u015e 2.      IRK\u00c7ILIK KAVRAMI VE TAR\u0130HSEL GEL\u0130\u015e\u0130M\u0130 3.      SPORDA IRK\u00c7ILIK 4.      SPOR ORTAMINDA D\u0130NSEL A\u00c7IDAN IRK\u00c7ILIK 5.      ULUSLARARASI KAMUOYUNUN VE KURULU\u015eLARIN IRK\u00c7ILI\u011eA DA\u0130R TUTUMLARI 6.      SPORDA IRK\u00c7ILIKLA \u0130LG\u0130L\u0130 \u00d6RNEKLER <\/p>\n","protected":false},"excerpt":{"rendered":"<p>1. G\u0130R\u0130\u015e 2. IRK\u00c7ILIK KAVRAMI VE TAR\u0130HSEL GEL\u0130\u015e\u0130M\u0130 3. SPORDA IRK\u00c7ILIK 4. SPOR ORTAMINDA D\u0130NSEL A\u00c7IDAN IRK\u00c7ILIK 5. ULUSLARARASI KAMUOYUNUN VE KURULU\u015eLARIN IRK\u00c7ILI\u011eA DA\u0130R TUTUMLARI 6.<span class=\"excerpt-hellip\"> [\u2026]<\/span><\/p>\n","protected":false},"featured_media":0,"template":"","meta":{"_monsterinsights_skip_tracking":false,"_monsterinsights_sitenote_active":false,"_monsterinsights_sitenote_note":"","_monsterinsights_sitenote_category":0},"product_brand":[],"product_cat":[15563,15564],"product_tag":[],"class_list":{"0":"post-735674","1":"product","2":"type-product","3":"status-publish","5":"product_cat-hobi","6":"product_cat-spor","7":"pa_cilt-ciltsiz","8":"pa_tur-kitap","9":"pa_yayinevi-gazi-kitabevi","10":"pa_yazar-gazi-kitabevi-kolektif","12":"first","13":"instock","14":"sale","15":"shipping-taxable","16":"purchasable","17":"product-type-simple"},"_links":{"self":[{"href":"https:\/\/roveyayinevi.com.tr\/index.php\/wp-json\/wp\/v2\/product\/735674","targetHints":{"allow":["GET"]}}],"collection":[{"href":"https:\/\/roveyayinevi.com.tr\/index.php\/wp-json\/wp\/v2\/product"}],"about":[{"href":"https:\/\/roveyayinevi.com.tr\/index.php\/wp-json\/wp\/v2\/types\/product"}],"wp:attachment":[{"href":"https:\/\/roveyayinevi.com.tr\/index.php\/wp-json\/wp\/v2\/media?parent=735674"}],"wp:term":[{"taxonomy":"product_brand","embeddable":true,"href":"https:\/\/roveyayinevi.com.tr\/index.php\/wp-json\/wp\/v2\/product_brand?post=735674"},{"taxonomy":"product_cat","embeddable":true,"href":"https:\/\/roveyayinevi.com.tr\/index.php\/wp-json\/wp\/v2\/product_cat?post=735674"},{"taxonomy":"product_tag","embeddable":true,"href":"https:\/\/roveyayinevi.com.tr\/index.php\/wp-json\/wp\/v2\/product_tag?post=735674"}],"curies":[{"name":"wp","href":"https:\/\/api.w.org\/{rel}","templated":true}]}}