{"id":735673,"date":"2025-08-27T22:52:07","date_gmt":"2025-08-27T19:52:07","guid":{"rendered":"https:\/\/roveyayinevi.com.tr\/index.php\/urun\/dis-ticaret-ve-buyume-teoriler-ve-ampirik-alanyazindan-kanitlar\/"},"modified":"2026-04-16T02:43:56","modified_gmt":"2026-04-15T23:43:56","slug":"dis-ticaret-ve-buyume-teoriler-ve-ampirik-alanyazindan-kanitlar","status":"publish","type":"product","link":"https:\/\/roveyayinevi.com.tr\/index.php\/urun\/dis-ticaret-ve-buyume-teoriler-ve-ampirik-alanyazindan-kanitlar\/","title":{"rendered":"D\u0131\u015f Ticaret ve B\u00fcy\u00fcme Teoriler ve Ampirik Alanyaz\u0131ndan Kan\u0131tlar"},"content":{"rendered":"<p>1.      DI\u015e T\u0130CARET TEOR\u0130LER\u0130 EKSEN\u0130NDE DI\u015e T\u0130CARET VE B\u00dcY\u00dcME ETK\u0130LE\u015e\u0130M\u0130 1.1.   B\u00fcy\u00fcmenin Ticaret Hacmi \u00dczerindeki Etkileri 1.2.   B\u00fcy\u00fcmenin D\u0131\u015f Ticaret Hadleri \u00dczerindeki Etkileri 1.3.   Fakt\u00f6r Donat\u0131m\u0131nda Art\u0131\u015f ve D\u0131\u015f Ticaret 1.4.   Teknolojik Geli\u015fme ve D\u0131\u015f Ticaret 1.5.   \u0130\u00e7sel B\u00fcy\u00fcme ve D\u0131\u015f Ticaret 2.      A\u00c7IK EKONOM\u0130 MAKRO \u0130KT\u0130SADI EKSEN\u0130NDE DI\u015e T\u0130CARET VE B\u00dcY\u00dcME ETK\u0130LE\u015e\u0130M\u0130 2.1.   Keynesgil \u00c7arpan Mekanizmas\u0131 2.2.   \u0130kiz A\u00e7\u0131k Modeli 2.3.   \u0130kili A\u00e7\u0131k Modeli 2.4.   \u0130hracata Y\u00f6nelik B\u00fcy\u00fcme 2.5.   B\u00fcy\u00fcme ve \u00d6demeler Bilan\u00e7osu 3.      AMP\u0130R\u0130K ALANYAZINDAN \u00d6RNEKLER <\/p>\n","protected":false},"excerpt":{"rendered":"<p>1. DI\u015e T\u0130CARET TEOR\u0130LER\u0130 EKSEN\u0130NDE DI\u015e T\u0130CARET VE B\u00dcY\u00dcME ETK\u0130LE\u015e\u0130M\u0130 1.1. B\u00fcy\u00fcmenin Ticaret Hacmi \u00dczerindeki Etkileri 1.2. B\u00fcy\u00fcmenin D\u0131\u015f Ticaret Hadleri \u00dczerindeki Etkileri 1.3. Fakt\u00f6r Donat\u0131m\u0131nda<span class=\"excerpt-hellip\"> [\u2026]<\/span><\/p>\n","protected":false},"featured_media":0,"template":"","meta":{"_monsterinsights_skip_tracking":false,"_monsterinsights_sitenote_active":false,"_monsterinsights_sitenote_note":"","_monsterinsights_sitenote_category":0},"product_brand":[],"product_cat":[20333,13043],"product_tag":[],"class_list":{"0":"post-735673","1":"product","2":"type-product","3":"status-publish","5":"product_cat-diger-ekonomi","6":"product_cat-ekonomi","7":"pa_cilt-ciltsiz","8":"pa_tur-kitap","9":"pa_yayinevi-gazi-kitabevi","10":"pa_yazar-asli-seda-kurt","12":"first","13":"instock","14":"sale","15":"shipping-taxable","16":"purchasable","17":"product-type-simple"},"_links":{"self":[{"href":"https:\/\/roveyayinevi.com.tr\/index.php\/wp-json\/wp\/v2\/product\/735673","targetHints":{"allow":["GET"]}}],"collection":[{"href":"https:\/\/roveyayinevi.com.tr\/index.php\/wp-json\/wp\/v2\/product"}],"about":[{"href":"https:\/\/roveyayinevi.com.tr\/index.php\/wp-json\/wp\/v2\/types\/product"}],"wp:attachment":[{"href":"https:\/\/roveyayinevi.com.tr\/index.php\/wp-json\/wp\/v2\/media?parent=735673"}],"wp:term":[{"taxonomy":"product_brand","embeddable":true,"href":"https:\/\/roveyayinevi.com.tr\/index.php\/wp-json\/wp\/v2\/product_brand?post=735673"},{"taxonomy":"product_cat","embeddable":true,"href":"https:\/\/roveyayinevi.com.tr\/index.php\/wp-json\/wp\/v2\/product_cat?post=735673"},{"taxonomy":"product_tag","embeddable":true,"href":"https:\/\/roveyayinevi.com.tr\/index.php\/wp-json\/wp\/v2\/product_tag?post=735673"}],"curies":[{"name":"wp","href":"https:\/\/api.w.org\/{rel}","templated":true}]}}