{"id":735671,"date":"2025-08-27T22:52:05","date_gmt":"2025-08-27T19:52:05","guid":{"rendered":"https:\/\/roveyayinevi.com.tr\/index.php\/urun\/gida-paradokslari-surdurulebilirligin-zorluklari-ve-alternatif-perspektifler\/"},"modified":"2026-04-16T02:43:56","modified_gmt":"2026-04-15T23:43:56","slug":"gida-paradokslari-surdurulebilirligin-zorluklari-ve-alternatif-perspektifler","status":"publish","type":"product","link":"https:\/\/roveyayinevi.com.tr\/index.php\/urun\/gida-paradokslari-surdurulebilirligin-zorluklari-ve-alternatif-perspektifler\/","title":{"rendered":"G\u0131da Paradokslar\u0131 S\u00fcrd\u00fcr\u00fclebilirli\u011fin Zorluklar\u0131 ve Alternatif Perspektifler"},"content":{"rendered":"<p>1.      1. B\u00d6L\u00dcM: K\u00dcRESEL GIDA S\u0130STEMLER\u0130NE G\u0130R\u0130\u015e: KAVRAMSAL B\u0130R \u00c7ER\u00c7EVE 1.1.   K\u00fcresel G\u0131da Sistemlerinin D\u00f6n\u00fc\u015f\u00fcm\u00fc: Genel Bir Bak\u0131\u015f 1.2.   Akt\u00f6r Perspektifiyle G\u0131da Sistemlerine Bakmak: T\u00fcrkiye G\u0131da Perakende \u015eirketleri \u00d6rne\u011fi 1.3.   Alternatif Tedarik Zincirleriyle S\u00fcrd\u00fcr\u00fclebilir Bir G\u0131da Sistemi M\u00fcmk\u00fcn M\u00fc? 2.      2. B\u00d6L\u00dcM: GIDA G\u00dcVENL\u0130\u011e\u0130, S\u00dcRD\u00dcR\u00dcLEB\u0130L\u0130RL\u0130K VE KAMU POL\u0130T\u0130KALARI 2.1.   Ortak Gelece\u011fimiz \u0130\u00e7in Bal\u0131k\u00e7\u0131l\u0131kta Ya\u015fanan Trajedilerin Analizi ve \u00c7\u00f6z\u00fcmler 2.2.   T\u00fcrkiye\u2019de G\u0131da \u00dcr\u00fcnlerine Uygulanan YDA \u00c7al\u0131\u015fmalar\u0131n\u0131n Ekolojik A\u00e7\u0131dan De\u011ferlendirilmesi ve Ele\u015ftirisi 2.3.   \u0130klim De\u011fi\u015fikli\u011fi Kar\u015f\u0131s\u0131nda G\u0131da G\u00fcvenli\u011fini Konu\u015fmak: AfB Deneyimi \u00dczerine Bir De\u011ferlendirme 3.      3. B\u00d6L\u00dcM: GIDA S\u0130STEMLER\u0130 VE KENTSEL-KIRSAL BA\u011eLANTILAR 3.1.   Kentsel Tar\u0131m\u0131 Planlama \u0130le \u0130li\u015fkilendirmek: Sorunlar, Politikalar ve Uygulamalar 3.2.   S\u00fcrd\u00fcr\u00fclebilir G\u0131da Sistemlerinde Kentsel Tar\u0131m 3.3.   K\u00fcresel G\u0131da Pazar\u0131nda Y\u00f6resel-Yerel G\u0131dalar ve Co\u011frafi \u0130\u015faret Sistemindeki Geli\u015fmeler 4.      4. B\u00d6L\u00dcM: K\u00dcRESEL GIDA S\u0130STEMLER\u0130N\u0130N GELECE\u011e\u0130: ZORLUKLAR VE FIRSATLAR 4.1.   Tar\u0131msal S\u00fcrd\u00fcr\u00fclebilirlik ve S\u00fcrd\u00fcr\u00fclebilir Kalk\u0131nma \u0130\u00e7in Tar\u0131m 4.2.   S\u00fcrd\u00fcr\u00fclebilir ve Adil Bir G\u0131da Sistemine Ge\u00e7i\u015f M\u00fcmk\u00fcn Olabilir Mi? 4.3.   K\u00fc\u00e7\u00fclme (Degrowth) Yakla\u015f\u0131m\u0131n\u0131n Tar\u0131m Sekt\u00f6r\u00fc A\u00e7\u0131s\u0131ndan De\u011feri ve Potansiyeli Ekolojiye Duyarl\u0131 Tar\u0131m Uygulamalar\u0131: D\u00fcnyadan \u00d6rnekler<\/p>\n","protected":false},"excerpt":{"rendered":"<p>1. 1. B\u00d6L\u00dcM: K\u00dcRESEL GIDA S\u0130STEMLER\u0130NE G\u0130R\u0130\u015e: KAVRAMSAL B\u0130R \u00c7ER\u00c7EVE 1.1. K\u00fcresel G\u0131da Sistemlerinin D\u00f6n\u00fc\u015f\u00fcm\u00fc: Genel Bir Bak\u0131\u015f 1.2. Akt\u00f6r Perspektifiyle G\u0131da Sistemlerine Bakmak: T\u00fcrkiye G\u0131da<span class=\"excerpt-hellip\"> [\u2026]<\/span><\/p>\n","protected":false},"featured_media":0,"template":"","meta":{"_monsterinsights_skip_tracking":false,"_monsterinsights_sitenote_active":false,"_monsterinsights_sitenote_note":"","_monsterinsights_sitenote_category":0},"product_brand":[],"product_cat":[13005,40995],"product_tag":[],"class_list":{"0":"post-735671","1":"product","2":"type-product","3":"status-publish","5":"product_cat-bilim-muhendislik","6":"product_cat-sosyal-bilimler","7":"pa_cilt-ciltsiz","8":"pa_tur-kitap","9":"pa_yayinevi-gazi-kitabevi","10":"pa_yazar-gazi-kolektif","12":"first","13":"instock","14":"sale","15":"shipping-taxable","16":"purchasable","17":"product-type-simple"},"_links":{"self":[{"href":"https:\/\/roveyayinevi.com.tr\/index.php\/wp-json\/wp\/v2\/product\/735671","targetHints":{"allow":["GET"]}}],"collection":[{"href":"https:\/\/roveyayinevi.com.tr\/index.php\/wp-json\/wp\/v2\/product"}],"about":[{"href":"https:\/\/roveyayinevi.com.tr\/index.php\/wp-json\/wp\/v2\/types\/product"}],"wp:attachment":[{"href":"https:\/\/roveyayinevi.com.tr\/index.php\/wp-json\/wp\/v2\/media?parent=735671"}],"wp:term":[{"taxonomy":"product_brand","embeddable":true,"href":"https:\/\/roveyayinevi.com.tr\/index.php\/wp-json\/wp\/v2\/product_brand?post=735671"},{"taxonomy":"product_cat","embeddable":true,"href":"https:\/\/roveyayinevi.com.tr\/index.php\/wp-json\/wp\/v2\/product_cat?post=735671"},{"taxonomy":"product_tag","embeddable":true,"href":"https:\/\/roveyayinevi.com.tr\/index.php\/wp-json\/wp\/v2\/product_tag?post=735671"}],"curies":[{"name":"wp","href":"https:\/\/api.w.org\/{rel}","templated":true}]}}