{"id":735668,"date":"2025-08-27T22:52:03","date_gmt":"2025-08-27T19:52:03","guid":{"rendered":"https:\/\/roveyayinevi.com.tr\/index.php\/urun\/sah-i-siirler-3\/"},"modified":"2026-04-16T02:43:56","modified_gmt":"2026-04-15T23:43:56","slug":"sah-i-siirler-3","status":"publish","type":"product","link":"https:\/\/roveyayinevi.com.tr\/index.php\/urun\/sah-i-siirler-3\/","title":{"rendered":"\u015eah-\u0131 \u015eiirler 3"},"content":{"rendered":"<p>Biz sevdan\u0131n g\u00fcc\u00fcne, azmin zaferine, inanc\u0131n azametine s\u0131\u011f\u0131nd\u0131k ve y\u0131llar \u00f6nce ad\u0131na AKSED dedi\u011fimiz bir yola \u00e7\u0131kt\u0131k. Bu yolda bizle olan dostlar\u0131n sadakatine s\u0131\u011f\u0131nd\u0131k. Bug\u00fcne kadar bir\u00e7ok ba\u015far\u0131l\u0131 proje i\u00e7inde yer alan Aksed olarak, bug\u00fcne kadar bir\u00e7ok sosyal \u00e7al\u0131\u015fmay\u0131 ba\u015far\u0131yla nihayete erdirmi\u015f Aksed olarak, bug\u00fcne kadar T\u00fcrkiye\u2019nin d\u00f6rt bir yan\u0131nda programlar yapm\u0131\u015f ve T\u00fcrkiye\u2019nin her yerinde \u00fcyeleri olan Aksed olarak 3. Kez \u015eAH-I \u015e\u0130\u0130RLER Antolojisi ile sizlerin kar\u015f\u0131s\u0131nday\u0131z. 40 \u015fairden se\u00e7ilen y\u00fczlerce g\u00fczel \u015fiir. Kimisi Ali\u2019nin Ay\u015fe\u2019ye yang\u0131n\u0131, kimisi Yunus\u2019un Tapduk\u2019a hasreti, kimisi kulun Allah\u2019a yakar\u0131\u015f\u0131, kimisi bitmeyecek vatan sevdas\u0131\u2026<\/p>\n","protected":false},"excerpt":{"rendered":"<p>Biz sevdan\u0131n g\u00fcc\u00fcne, azmin zaferine, inanc\u0131n azametine s\u0131\u011f\u0131nd\u0131k ve y\u0131llar \u00f6nce ad\u0131na AKSED dedi\u011fimiz bir yola \u00e7\u0131kt\u0131k. Bu yolda bizle olan dostlar\u0131n sadakatine s\u0131\u011f\u0131nd\u0131k. Bug\u00fcne kadar<span class=\"excerpt-hellip\"> [\u2026]<\/span><\/p>\n","protected":false},"featured_media":0,"template":"","meta":{"_monsterinsights_skip_tracking":false,"_monsterinsights_sitenote_active":false,"_monsterinsights_sitenote_note":"","_monsterinsights_sitenote_category":0},"product_brand":[],"product_cat":[12291,12509],"product_tag":[],"class_list":{"0":"post-735668","1":"product","2":"type-product","3":"status-publish","5":"product_cat-edebiyat","6":"product_cat-siir","7":"pa_cilt-ciltsiz","8":"pa_tur-kitap","9":"pa_yayinevi-gulnar-yayinlari","10":"pa_yazar-gulnar-yayinlari-kolektif","12":"first","13":"instock","14":"sale","15":"shipping-taxable","16":"purchasable","17":"product-type-simple"},"_links":{"self":[{"href":"https:\/\/roveyayinevi.com.tr\/index.php\/wp-json\/wp\/v2\/product\/735668","targetHints":{"allow":["GET"]}}],"collection":[{"href":"https:\/\/roveyayinevi.com.tr\/index.php\/wp-json\/wp\/v2\/product"}],"about":[{"href":"https:\/\/roveyayinevi.com.tr\/index.php\/wp-json\/wp\/v2\/types\/product"}],"wp:attachment":[{"href":"https:\/\/roveyayinevi.com.tr\/index.php\/wp-json\/wp\/v2\/media?parent=735668"}],"wp:term":[{"taxonomy":"product_brand","embeddable":true,"href":"https:\/\/roveyayinevi.com.tr\/index.php\/wp-json\/wp\/v2\/product_brand?post=735668"},{"taxonomy":"product_cat","embeddable":true,"href":"https:\/\/roveyayinevi.com.tr\/index.php\/wp-json\/wp\/v2\/product_cat?post=735668"},{"taxonomy":"product_tag","embeddable":true,"href":"https:\/\/roveyayinevi.com.tr\/index.php\/wp-json\/wp\/v2\/product_tag?post=735668"}],"curies":[{"name":"wp","href":"https:\/\/api.w.org\/{rel}","templated":true}]}}