{"id":735667,"date":"2025-08-27T22:52:02","date_gmt":"2025-08-27T19:52:02","guid":{"rendered":"https:\/\/roveyayinevi.com.tr\/index.php\/urun\/karapinar\/"},"modified":"2026-04-16T02:43:56","modified_gmt":"2026-04-15T23:43:56","slug":"karapinar","status":"publish","type":"product","link":"https:\/\/roveyayinevi.com.tr\/index.php\/urun\/karapinar\/","title":{"rendered":"Karap\u0131nar"},"content":{"rendered":"<p>Ben Karap\u0131narl\u0131y\u0131m\u2026\u0130nsanlar\u0131n do\u011fduklar\u0131 ve doyduklar\u0131 yerlere minnet duymalar\u0131 ve memleketlerine olan g\u00f6n\u00fcl bor\u00e7lar\u0131n\u0131 bir \u015fekilde \u00f6demeleri gerekti\u011fine inan\u0131r\u0131m.Gelecek, ge\u00e7mi\u015f \u00fczerine kurulur. Ge\u00e7mi\u015fle gelecek aras\u0131nda k\u00f6pr\u00fc kurmak bizlerin asli g\u00f6revi olmal\u0131d\u0131r. Bu \u00e7al\u0131\u015fma b\u00f6yle bir d\u00fc\u015f\u00fcncenin \u00fcr\u00fcn\u00fcd\u00fcr.Ku\u015faklararas\u0131 ileti\u015fim, anlat\u0131m ve anlay\u0131\u015f eksikliklerini gidermek, eski ile yeniyi kayna\u015ft\u0131rmak, gen\u00e7 nesil ile atalar\u0131n\u0131n irtibat\u0131n\u0131 koparmamak, k\u00f6yde ya\u015fayan ile \u015fehre g\u00f6\u00e7 edenin birbirini anlamalar\u0131n\u0131 sa\u011flamak; ge\u00e7mi\u015f \u00e2det, gelenek ve g\u00f6reneklerle yeni ya\u015fam tarz\u0131n\u0131 harman etmek, k\u0131rsal ya\u015fam\u0131n gerekleri olan tar\u0131m ve \u00e7ift\u00e7ilik hayat\u0131 ile modern hayat\u0131n b\u00fct\u00fcnle\u015fmesine katk\u0131da bulunmak temel amac\u0131md\u0131r.<\/p>\n","protected":false},"excerpt":{"rendered":"<p>Ben Karap\u0131narl\u0131y\u0131m\u2026\u0130nsanlar\u0131n do\u011fduklar\u0131 ve doyduklar\u0131 yerlere minnet duymalar\u0131 ve memleketlerine olan g\u00f6n\u00fcl bor\u00e7lar\u0131n\u0131 bir \u015fekilde \u00f6demeleri gerekti\u011fine inan\u0131r\u0131m.Gelecek, ge\u00e7mi\u015f \u00fczerine kurulur. Ge\u00e7mi\u015fle gelecek aras\u0131nda k\u00f6pr\u00fc kurmak<span class=\"excerpt-hellip\"> [\u2026]<\/span><\/p>\n","protected":false},"featured_media":0,"template":"","meta":{"_monsterinsights_skip_tracking":false,"_monsterinsights_sitenote_active":false,"_monsterinsights_sitenote_note":"","_monsterinsights_sitenote_category":0},"product_brand":[],"product_cat":[12325,12324],"product_tag":[],"class_list":{"0":"post-735667","1":"product","2":"type-product","3":"status-publish","5":"product_cat-diger-sosyoloji","6":"product_cat-sosyoloji","7":"pa_cilt-ciltsiz","8":"pa_tur-kitap","9":"pa_yayinevi-gulnar-yayinlari","10":"pa_yazar-ceyhan-yalcin","12":"first","13":"instock","14":"sale","15":"shipping-taxable","16":"purchasable","17":"product-type-simple"},"_links":{"self":[{"href":"https:\/\/roveyayinevi.com.tr\/index.php\/wp-json\/wp\/v2\/product\/735667","targetHints":{"allow":["GET"]}}],"collection":[{"href":"https:\/\/roveyayinevi.com.tr\/index.php\/wp-json\/wp\/v2\/product"}],"about":[{"href":"https:\/\/roveyayinevi.com.tr\/index.php\/wp-json\/wp\/v2\/types\/product"}],"wp:attachment":[{"href":"https:\/\/roveyayinevi.com.tr\/index.php\/wp-json\/wp\/v2\/media?parent=735667"}],"wp:term":[{"taxonomy":"product_brand","embeddable":true,"href":"https:\/\/roveyayinevi.com.tr\/index.php\/wp-json\/wp\/v2\/product_brand?post=735667"},{"taxonomy":"product_cat","embeddable":true,"href":"https:\/\/roveyayinevi.com.tr\/index.php\/wp-json\/wp\/v2\/product_cat?post=735667"},{"taxonomy":"product_tag","embeddable":true,"href":"https:\/\/roveyayinevi.com.tr\/index.php\/wp-json\/wp\/v2\/product_tag?post=735667"}],"curies":[{"name":"wp","href":"https:\/\/api.w.org\/{rel}","templated":true}]}}