{"id":735659,"date":"2025-08-27T22:51:52","date_gmt":"2025-08-27T19:51:52","guid":{"rendered":"https:\/\/roveyayinevi.com.tr\/index.php\/urun\/asr-i-saadet-ikliminde-cocuk-egitimi\/"},"modified":"2026-04-16T02:43:56","modified_gmt":"2026-04-15T23:43:56","slug":"asr-i-saadet-ikliminde-cocuk-egitimi","status":"publish","type":"product","link":"https:\/\/roveyayinevi.com.tr\/index.php\/urun\/asr-i-saadet-ikliminde-cocuk-egitimi\/","title":{"rendered":"Asr-\u0131 Saadet \u0130kliminde \u00c7ocuk E\u011fitimi"},"content":{"rendered":"<p>Asr-\u0131 saadet ikliminde b\u00fcy\u00fcmek Peygamber (sav) ikliminde b\u00fcy\u00fcmektir. Peygamber (sav)\u2019in elinde ve g\u00f6nl\u00fcnde b\u00fcy\u00fcmektir. Peygamber (sav)\u2019den selam ve dua almakt\u0131r. En g\u00fczel dualar\u0131n\u0131 Peygamber\u2019e ay\u0131rmakt\u0131r. Biz de O\u2019nun gibi bir \u00e7ocu\u011fun elinden tutsak, onlara selam versek ve sonra kar\u0131\u015fsak oyunlar\u0131na\u2026 Yavru kedisini kaybetmi\u015f bir \u00e7ocu\u011fun h\u00fczn\u00fcne kar\u0131\u015fsak\u2026 Yaral\u0131 bir ku\u015fa su versek\u2026 Bir kelam etsek \u00e7ocuklara, Peygamber\u2019in dilinden\u2026 \u0130\u015fte o vakit asr-\u0131 saadet iklimini ya\u015fat\u0131r\u0131z \u00e7ocuklar\u0131m\u0131za. Bu kitapta; asr-\u0131 saadet d\u00f6neminde \u00e7ocuklara nas\u0131l davran\u0131ld\u0131\u011f\u0131n\u0131n cevaplar\u0131n\u0131 arad\u0131k. Ya\u015fad\u0131\u011f\u0131m\u0131z d\u00f6nem, o y\u0131llardan \u00e7ok uzak olsa da \u00e7ocuklar her daim ayn\u0131; h\u00fcz\u00fcnler, sevin\u00e7ler, f\u0131tratlar ayn\u0131. Ve Peygamber (sav)\u2019in \u00f6rnekli\u011finde s\u00fcrd\u00fcrd\u00fc\u011f\u00fcm\u00fcz hayat ise her daim saadet asr\u0131. <\/p>\n","protected":false},"excerpt":{"rendered":"<p>Asr-\u0131 saadet ikliminde b\u00fcy\u00fcmek Peygamber (sav) ikliminde b\u00fcy\u00fcmektir. Peygamber (sav)\u2019in elinde ve g\u00f6nl\u00fcnde b\u00fcy\u00fcmektir. Peygamber (sav)\u2019den selam ve dua almakt\u0131r. En g\u00fczel dualar\u0131n\u0131 Peygamber\u2019e ay\u0131rmakt\u0131r. Biz<span class=\"excerpt-hellip\"> [\u2026]<\/span><\/p>\n","protected":false},"featured_media":0,"template":"","meta":{"_monsterinsights_skip_tracking":false,"_monsterinsights_sitenote_active":false,"_monsterinsights_sitenote_note":"","_monsterinsights_sitenote_category":0},"product_brand":[],"product_cat":[16789,12718,12719],"product_tag":[],"class_list":{"0":"post-735659","1":"product","2":"type-product","3":"status-publish","5":"product_cat-diger-islam","6":"product_cat-din","7":"product_cat-islam","8":"pa_cilt-ciltsiz","9":"pa_tur-kitap","10":"pa_yayinevi-cinaralti-yayinlari","11":"pa_yazar-zehra-korkmaz","13":"first","14":"instock","15":"sale","16":"shipping-taxable","17":"purchasable","18":"product-type-simple"},"_links":{"self":[{"href":"https:\/\/roveyayinevi.com.tr\/index.php\/wp-json\/wp\/v2\/product\/735659","targetHints":{"allow":["GET"]}}],"collection":[{"href":"https:\/\/roveyayinevi.com.tr\/index.php\/wp-json\/wp\/v2\/product"}],"about":[{"href":"https:\/\/roveyayinevi.com.tr\/index.php\/wp-json\/wp\/v2\/types\/product"}],"wp:attachment":[{"href":"https:\/\/roveyayinevi.com.tr\/index.php\/wp-json\/wp\/v2\/media?parent=735659"}],"wp:term":[{"taxonomy":"product_brand","embeddable":true,"href":"https:\/\/roveyayinevi.com.tr\/index.php\/wp-json\/wp\/v2\/product_brand?post=735659"},{"taxonomy":"product_cat","embeddable":true,"href":"https:\/\/roveyayinevi.com.tr\/index.php\/wp-json\/wp\/v2\/product_cat?post=735659"},{"taxonomy":"product_tag","embeddable":true,"href":"https:\/\/roveyayinevi.com.tr\/index.php\/wp-json\/wp\/v2\/product_tag?post=735659"}],"curies":[{"name":"wp","href":"https:\/\/api.w.org\/{rel}","templated":true}]}}