{"id":735657,"date":"2025-08-27T22:51:50","date_gmt":"2025-08-27T19:51:50","guid":{"rendered":"https:\/\/roveyayinevi.com.tr\/index.php\/urun\/benim-ozelim\/"},"modified":"2026-04-16T02:43:56","modified_gmt":"2026-04-15T23:43:56","slug":"benim-ozelim","status":"publish","type":"product","link":"https:\/\/roveyayinevi.com.tr\/index.php\/urun\/benim-ozelim\/","title":{"rendered":"Benim \u00d6zelim"},"content":{"rendered":"<p>\u0130nsanl\u0131k onurunu koruyabilme ad\u0131na mahremiyet \u00e7ok \u00f6nemli bir yere sahiptir. \u015eimdilerde her zamankinden daha da \u00f6nemli h\u00e2le geldi.  Her ge\u00e7en g\u00fcn de bu \u00f6nem kendini iyiden iyiye hissettiriyor. Mahremiyet bilinci, esas\u0131nda insan olma l\u00fctfunun en temel vas\u0131flar\u0131ndan biridir. Hatta f\u0131trat\u0131n korunmas\u0131d\u0131r. Toplum olarak do\u011frusunu en az bildi\u011fimiz konudur mahremiyet. Ya\u015fad\u0131\u011f\u0131m\u0131z \u00e7a\u011fda \u00e7ocuklar mahremiyetlerini daha \u00f6\u011frenemeden kaybediyorlar. \u0130stismara u\u011frayan bir \u00e7ocu\u011fu korumaya \u00e7al\u0131\u015f\u0131rken bile mahremiyetine zarar veriliyor.   Mahremiyet, belirli bir d\u00f6nem verilen bir e\u011fitim de\u011fil, hayat boyu s\u00fcrecek bir insan olma fark\u0131ndal\u0131\u011f\u0131d\u0131r. Bu bilin\u00e7 var olduktan sonra ister teknoloji \u00e7a\u011f\u0131 isterse uzay \u00e7a\u011f\u0131 olsun fark etmez. Robotlarla da olsa, Mars\u2019ta da olsa ya\u015fam\u0131n kendisine g\u00f6re kaidesi, kural\u0131, \u00f6l\u00e7\u00fcs\u00fc olmak zorundad\u0131r. \u00c7\u00fcnk\u00fc her \u015fey de\u011fi\u015fse de insan ayn\u0131 insand\u0131r. <\/p>\n","protected":false},"excerpt":{"rendered":"<p>\u0130nsanl\u0131k onurunu koruyabilme ad\u0131na mahremiyet \u00e7ok \u00f6nemli bir yere sahiptir. \u015eimdilerde her zamankinden daha da \u00f6nemli h\u00e2le geldi. Her ge\u00e7en g\u00fcn de bu \u00f6nem kendini iyiden<span class=\"excerpt-hellip\"> [\u2026]<\/span><\/p>\n","protected":false},"featured_media":0,"template":"","meta":{"_monsterinsights_skip_tracking":false,"_monsterinsights_sitenote_active":false,"_monsterinsights_sitenote_note":"","_monsterinsights_sitenote_category":0},"product_brand":[],"product_cat":[12567,12566],"product_tag":[],"class_list":{"0":"post-735657","1":"product","2":"type-product","3":"status-publish","5":"product_cat-diger-egitim","6":"product_cat-egitim","7":"pa_cilt-ciltsiz","8":"pa_tur-kitap","9":"pa_yayinevi-nesil-yayinlari","10":"pa_yazar-gulsum-mehdiyev","12":"first","13":"instock","14":"sale","15":"shipping-taxable","16":"purchasable","17":"product-type-simple"},"_links":{"self":[{"href":"https:\/\/roveyayinevi.com.tr\/index.php\/wp-json\/wp\/v2\/product\/735657","targetHints":{"allow":["GET"]}}],"collection":[{"href":"https:\/\/roveyayinevi.com.tr\/index.php\/wp-json\/wp\/v2\/product"}],"about":[{"href":"https:\/\/roveyayinevi.com.tr\/index.php\/wp-json\/wp\/v2\/types\/product"}],"wp:attachment":[{"href":"https:\/\/roveyayinevi.com.tr\/index.php\/wp-json\/wp\/v2\/media?parent=735657"}],"wp:term":[{"taxonomy":"product_brand","embeddable":true,"href":"https:\/\/roveyayinevi.com.tr\/index.php\/wp-json\/wp\/v2\/product_brand?post=735657"},{"taxonomy":"product_cat","embeddable":true,"href":"https:\/\/roveyayinevi.com.tr\/index.php\/wp-json\/wp\/v2\/product_cat?post=735657"},{"taxonomy":"product_tag","embeddable":true,"href":"https:\/\/roveyayinevi.com.tr\/index.php\/wp-json\/wp\/v2\/product_tag?post=735657"}],"curies":[{"name":"wp","href":"https:\/\/api.w.org\/{rel}","templated":true}]}}