{"id":735655,"date":"2025-08-27T22:51:49","date_gmt":"2025-08-27T19:51:49","guid":{"rendered":"https:\/\/roveyayinevi.com.tr\/index.php\/urun\/arayis-sorulari\/"},"modified":"2026-04-16T02:43:56","modified_gmt":"2026-04-15T23:43:56","slug":"arayis-sorulari","status":"publish","type":"product","link":"https:\/\/roveyayinevi.com.tr\/index.php\/urun\/arayis-sorulari\/","title":{"rendered":"Aray\u0131\u015f Sorular\u0131"},"content":{"rendered":"<p>G\u00fcn\u00fcm\u00fczde gen\u00e7lerin zihinlerini kar\u0131\u015ft\u0131ran onlarca soru dola\u015f\u0131yor: * Ben kimim, ni\u00e7in ya\u015f\u0131yorum? * Bu \u00e2lem kendili\u011finden mi olu\u015ftu, yoksa bir yarat\u0131c\u0131s\u0131 var m\u0131? * \u201cAllah Var!\u201d diyorlar. Peki, Allah varsa nerede, nas\u0131l ya\u015f\u0131yor? * Kaderimizi Allah \u00f6nceden yazarm\u0131\u015f. \u00d6yleyse bizim su\u00e7umuz ne? * Bilim \u00e7a\u011f\u0131nda do\u011frular ak\u0131lla bulunur. Peygamberlere ve kitaplara ne l\u00fczum var? * Ahiret, cennet, cehennem varm\u0131\u015f. Kim gitmi\u015f, g\u00f6rm\u00fc\u015f? * Mezarda \u00e7\u00fcr\u00fcm\u00fc\u015f, da\u011f\u0131lm\u0131\u015f kemikler yeniden nas\u0131l dirilecek? * Melek, cin, \u015feytan, ruh\u2026 Ben g\u00f6rmedi\u011fim \u015feylere inanmam. * Madem Allah hi\u00e7bir \u015feye muhta\u00e7 de\u011filse, o zaman ibadetlerimize ne ihtiyac\u0131 var? * Allah neden zalimlere izin veriyor da mazlumlar\u0131 korumuyor? * Allah kullar\u0131n\u0131 seviyorsa felaket ve hastal\u0131klar\u0131 ni\u00e7in g\u00f6nderiyor? * Madem Allah \u00e7ok merhametliyse kullar\u0131n\u0131 neden cehennemde yakmakla korkutuyor? * Allah insanlara cinsellik duygusu vermi\u015f. O zaman zinay\u0131 ni\u00e7in yasakl\u0131yor? Ve daha onlarca sorunun cevab\u0131n\u0131 merak edenler; Z ku\u015fa\u011f\u0131ndan Elif ku\u015fa\u011f\u0131na uzanan bu yolculukta hi\u00e7 duymad\u0131\u011f\u0131n\u0131z hakikatlerle y\u00fczle\u015fmeye haz\u0131r m\u0131s\u0131n\u0131z?<\/p>\n","protected":false},"excerpt":{"rendered":"<p>G\u00fcn\u00fcm\u00fczde gen\u00e7lerin zihinlerini kar\u0131\u015ft\u0131ran onlarca soru dola\u015f\u0131yor: * Ben kimim, ni\u00e7in ya\u015f\u0131yorum? * Bu \u00e2lem kendili\u011finden mi olu\u015ftu, yoksa bir yarat\u0131c\u0131s\u0131 var m\u0131? * \u201cAllah Var!\u201d<span class=\"excerpt-hellip\"> [\u2026]<\/span><\/p>\n","protected":false},"featured_media":0,"template":"","meta":{"_monsterinsights_skip_tracking":false,"_monsterinsights_sitenote_active":false,"_monsterinsights_sitenote_note":"","_monsterinsights_sitenote_category":0},"product_brand":[],"product_cat":[13036,12718,12719],"product_tag":[],"class_list":{"0":"post-735655","1":"product","2":"type-product","3":"status-publish","5":"product_cat-arastirma-inceleme-islam","6":"product_cat-din","7":"product_cat-islam","8":"pa_cilt-ciltsiz","9":"pa_tur-kitap","10":"pa_yayinevi-nesil-yayinlari","11":"pa_yazar-halit-ertugrul","13":"first","14":"instock","15":"sale","16":"shipping-taxable","17":"purchasable","18":"product-type-simple"},"_links":{"self":[{"href":"https:\/\/roveyayinevi.com.tr\/index.php\/wp-json\/wp\/v2\/product\/735655","targetHints":{"allow":["GET"]}}],"collection":[{"href":"https:\/\/roveyayinevi.com.tr\/index.php\/wp-json\/wp\/v2\/product"}],"about":[{"href":"https:\/\/roveyayinevi.com.tr\/index.php\/wp-json\/wp\/v2\/types\/product"}],"wp:attachment":[{"href":"https:\/\/roveyayinevi.com.tr\/index.php\/wp-json\/wp\/v2\/media?parent=735655"}],"wp:term":[{"taxonomy":"product_brand","embeddable":true,"href":"https:\/\/roveyayinevi.com.tr\/index.php\/wp-json\/wp\/v2\/product_brand?post=735655"},{"taxonomy":"product_cat","embeddable":true,"href":"https:\/\/roveyayinevi.com.tr\/index.php\/wp-json\/wp\/v2\/product_cat?post=735655"},{"taxonomy":"product_tag","embeddable":true,"href":"https:\/\/roveyayinevi.com.tr\/index.php\/wp-json\/wp\/v2\/product_tag?post=735655"}],"curies":[{"name":"wp","href":"https:\/\/api.w.org\/{rel}","templated":true}]}}