{"id":735654,"date":"2025-08-27T22:51:48","date_gmt":"2025-08-27T19:51:48","guid":{"rendered":"https:\/\/roveyayinevi.com.tr\/index.php\/urun\/misvak-risalesi\/"},"modified":"2026-04-16T02:43:55","modified_gmt":"2026-04-15T23:43:55","slug":"misvak-risalesi","status":"publish","type":"product","link":"https:\/\/roveyayinevi.com.tr\/index.php\/urun\/misvak-risalesi\/","title":{"rendered":"Misvak Risalesi"},"content":{"rendered":"<p>Di\u015f ve a\u011f\u0131z temizli\u011fi i\u00e7in b\u00fct\u00fcn peygamberlerin misvak kulland\u0131\u011f\u0131 sabittir. Misvak kullan\u0131m\u0131n\u0131n peygamberlerin ya\u015fam\u0131\u015f olduklar\u0131 beldelerde g\u00f6r\u00fcl\u00fcp, di\u011fer kentlerde izine rastlanmamas\u0131 misvak kullanman\u0131n vahiy ile bildirilen bir emir oldu\u011funu desteklemektedir.Peygamberimiz (s.a.v.) y\u00fczy\u0131llar \u00f6nce \u201cMisvak (kullanmak), a\u011fz\u0131 temizler ve Rabbi raz\u0131 eder\u201d ve \u201cMisvak (kullanmak), a\u011f\u0131z kokusunu g\u00fczelle\u015ftirir ve Rabbi raz\u0131 eder\u201d buyurmu\u015ftur. Neb\u00ee (a.s.) temizli\u011fi ve g\u00f6r\u00fcn\u00fc\u015f\u00fc g\u00fczelle\u015ftirmeyi, M\u00fcsl\u00fcman\u0131n alamet-i farikas\u0131 ve \u0130slam\u2019a m\u00fcntesip olman\u0131n bir i\u015fareti saym\u0131\u015ft\u0131r.Bu kitap, Peygamber Efendimizin misvakla ilgili cev\u00e2miu\u2019l-kelim olan hadis-i \u015ferifinin ne gibi anlamlar ifade etti\u011fini veciz bi\u00e7imde ele almaktad\u0131r.<\/p>\n","protected":false},"excerpt":{"rendered":"<p>Di\u015f ve a\u011f\u0131z temizli\u011fi i\u00e7in b\u00fct\u00fcn peygamberlerin misvak kulland\u0131\u011f\u0131 sabittir. Misvak kullan\u0131m\u0131n\u0131n peygamberlerin ya\u015fam\u0131\u015f olduklar\u0131 beldelerde g\u00f6r\u00fcl\u00fcp, di\u011fer kentlerde izine rastlanmamas\u0131 misvak kullanman\u0131n vahiy ile bildirilen<span class=\"excerpt-hellip\"> [\u2026]<\/span><\/p>\n","protected":false},"featured_media":0,"template":"","meta":{"_monsterinsights_skip_tracking":false,"_monsterinsights_sitenote_active":false,"_monsterinsights_sitenote_note":"","_monsterinsights_sitenote_category":0},"product_brand":[],"product_cat":[16789,12718,12719],"product_tag":[],"class_list":{"0":"post-735654","1":"product","2":"type-product","3":"status-publish","5":"product_cat-diger-islam","6":"product_cat-din","7":"product_cat-islam","8":"pa_cilt-ciltsiz","9":"pa_tur-kitap","10":"pa_yayinevi-takdim-kitap","11":"pa_yazar-abdulgani-meydani","13":"first","14":"instock","15":"sale","16":"shipping-taxable","17":"purchasable","18":"product-type-simple"},"_links":{"self":[{"href":"https:\/\/roveyayinevi.com.tr\/index.php\/wp-json\/wp\/v2\/product\/735654","targetHints":{"allow":["GET"]}}],"collection":[{"href":"https:\/\/roveyayinevi.com.tr\/index.php\/wp-json\/wp\/v2\/product"}],"about":[{"href":"https:\/\/roveyayinevi.com.tr\/index.php\/wp-json\/wp\/v2\/types\/product"}],"wp:attachment":[{"href":"https:\/\/roveyayinevi.com.tr\/index.php\/wp-json\/wp\/v2\/media?parent=735654"}],"wp:term":[{"taxonomy":"product_brand","embeddable":true,"href":"https:\/\/roveyayinevi.com.tr\/index.php\/wp-json\/wp\/v2\/product_brand?post=735654"},{"taxonomy":"product_cat","embeddable":true,"href":"https:\/\/roveyayinevi.com.tr\/index.php\/wp-json\/wp\/v2\/product_cat?post=735654"},{"taxonomy":"product_tag","embeddable":true,"href":"https:\/\/roveyayinevi.com.tr\/index.php\/wp-json\/wp\/v2\/product_tag?post=735654"}],"curies":[{"name":"wp","href":"https:\/\/api.w.org\/{rel}","templated":true}]}}