{"id":735653,"date":"2025-08-27T22:51:47","date_gmt":"2025-08-27T19:51:47","guid":{"rendered":"https:\/\/roveyayinevi.com.tr\/index.php\/urun\/buyuk-alim-olmanin-yolu\/"},"modified":"2026-04-16T02:43:55","modified_gmt":"2026-04-15T23:43:55","slug":"buyuk-alim-olmanin-yolu","status":"publish","type":"product","link":"https:\/\/roveyayinevi.com.tr\/index.php\/urun\/buyuk-alim-olmanin-yolu\/","title":{"rendered":"B\u00fcy\u00fck Alim Olman\u0131n Yolu"},"content":{"rendered":"<p>B\u00fcy\u00fck \u00e2limlerin b\u00fcy\u00fck olmalar\u0131n\u0131n sebebi nedir? \u0130lki, onlar\u0131n kendi \u015fahsiyetlerinden\/dehalar\u0131ndan kaynaklan\u0131r. Di\u011feri ise ortam, muhit ve kendi elde ettikleri \u015feyler sebebiyledir.Bazen insan\u0131 hayra g\u00f6t\u00fcr\u00fcp, onu \u0131srarla hayra \u00e7eken durumlar olur. Bazen de insan\u0131 hay\u0131rdan uzakla\u015ft\u0131ran \u015feyler olur. B\u00fcy\u00fck \u00e2limler kendilerini hayra s\u0131ms\u0131k\u0131 \u00e7ekip g\u00f6t\u00fcren bir muhite eri\u015ftiler. Bu hay\u0131rlara g\u00fczellikle icabet ettikleri i\u00e7in ola\u011fan\u00fcst\u00fc ba\u015far\u0131lara imza att\u0131lar. B\u00fcy\u00fck \u00e2limlerin hayat\u0131n\u0131 \u00f6\u011frendi\u011fimiz zaman, do\u011fru kaynaklardan ula\u015fan enteresan ve harikulade bilgiler buluruz. Onlar\u0131n ilim \u00f6\u011frenirken kar\u015f\u0131la\u015ft\u0131klar\u0131 baz\u0131 \u015feyler, g\u00fcn\u00fcm\u00fczde neredeyse efsane olarak g\u00f6r\u00fclmektedir. H\u00e2lbuki bunlar efsane olmay\u0131p, ger\u00e7e\u011fin ta kendisidir. Bu eser, b\u00fcy\u00fck \u00e2limlerin ni\u00e7in b\u00fcy\u00fck olduklar\u0131n\u0131n cevab\u0131n\u0131 aramaktad\u0131r.<\/p>\n","protected":false},"excerpt":{"rendered":"<p>B\u00fcy\u00fck \u00e2limlerin b\u00fcy\u00fck olmalar\u0131n\u0131n sebebi nedir? \u0130lki, onlar\u0131n kendi \u015fahsiyetlerinden\/dehalar\u0131ndan kaynaklan\u0131r. Di\u011feri ise ortam, muhit ve kendi elde ettikleri \u015feyler sebebiyledir.Bazen insan\u0131 hayra g\u00f6t\u00fcr\u00fcp, onu \u0131srarla<span class=\"excerpt-hellip\"> [\u2026]<\/span><\/p>\n","protected":false},"featured_media":0,"template":"","meta":{"_monsterinsights_skip_tracking":false,"_monsterinsights_sitenote_active":false,"_monsterinsights_sitenote_note":"","_monsterinsights_sitenote_category":0},"product_brand":[],"product_cat":[16789,12718,12719],"product_tag":[],"class_list":{"0":"post-735653","1":"product","2":"type-product","3":"status-publish","5":"product_cat-diger-islam","6":"product_cat-din","7":"product_cat-islam","8":"pa_cilt-ciltsiz","9":"pa_tur-kitap","10":"pa_yayinevi-takdim-kitap","11":"pa_yazar-abdulfettah-ebu-gudde","13":"first","14":"instock","15":"sale","16":"shipping-taxable","17":"purchasable","18":"product-type-simple"},"_links":{"self":[{"href":"https:\/\/roveyayinevi.com.tr\/index.php\/wp-json\/wp\/v2\/product\/735653","targetHints":{"allow":["GET"]}}],"collection":[{"href":"https:\/\/roveyayinevi.com.tr\/index.php\/wp-json\/wp\/v2\/product"}],"about":[{"href":"https:\/\/roveyayinevi.com.tr\/index.php\/wp-json\/wp\/v2\/types\/product"}],"wp:attachment":[{"href":"https:\/\/roveyayinevi.com.tr\/index.php\/wp-json\/wp\/v2\/media?parent=735653"}],"wp:term":[{"taxonomy":"product_brand","embeddable":true,"href":"https:\/\/roveyayinevi.com.tr\/index.php\/wp-json\/wp\/v2\/product_brand?post=735653"},{"taxonomy":"product_cat","embeddable":true,"href":"https:\/\/roveyayinevi.com.tr\/index.php\/wp-json\/wp\/v2\/product_cat?post=735653"},{"taxonomy":"product_tag","embeddable":true,"href":"https:\/\/roveyayinevi.com.tr\/index.php\/wp-json\/wp\/v2\/product_tag?post=735653"}],"curies":[{"name":"wp","href":"https:\/\/api.w.org\/{rel}","templated":true}]}}