{"id":735650,"date":"2025-08-27T22:51:44","date_gmt":"2025-08-27T19:51:44","guid":{"rendered":"https:\/\/roveyayinevi.com.tr\/index.php\/urun\/yakin-temas\/"},"modified":"2026-04-16T02:43:55","modified_gmt":"2026-04-15T23:43:55","slug":"yakin-temas","status":"publish","type":"product","link":"https:\/\/roveyayinevi.com.tr\/index.php\/urun\/yakin-temas\/","title":{"rendered":"Yak\u0131n Temas"},"content":{"rendered":"<p>\u00fc\u015f\u00fcyor \u015fimdi t\u00fcm e\u015fyalar ama korkma korkma iyiyim ayla! koca dolab\u0131n i\u00e7inde as\u0131l\u0131 tek bir ceket gibiyim a\u00e7\u0131k yerlerimi kap\u0131yorum, uzayan t\u00fcylerimi g\u00fcne\u015f nas\u0131l da do\u011fuyor yorulmadan her sabah ayla! sen her sabah ayn\u0131 s\u0131cakl\u0131kta kalkabilir misin yataktan?   hatta \u00fc\u00e7 ayr\u0131 a\u015fk\u0131 ta\u015f\u0131yabilir misin? <\/p>\n","protected":false},"excerpt":{"rendered":"<p>\u00fc\u015f\u00fcyor \u015fimdi t\u00fcm e\u015fyalar ama korkma korkma iyiyim ayla! koca dolab\u0131n i\u00e7inde as\u0131l\u0131 tek bir ceket gibiyim a\u00e7\u0131k yerlerimi kap\u0131yorum, uzayan t\u00fcylerimi g\u00fcne\u015f nas\u0131l da do\u011fuyor<span class=\"excerpt-hellip\"> [\u2026]<\/span><\/p>\n","protected":false},"featured_media":0,"template":"","meta":{"_monsterinsights_skip_tracking":false,"_monsterinsights_sitenote_active":false,"_monsterinsights_sitenote_note":"","_monsterinsights_sitenote_category":0},"product_brand":[],"product_cat":[12291,12509],"product_tag":[],"class_list":{"0":"post-735650","1":"product","2":"type-product","3":"status-publish","5":"product_cat-edebiyat","6":"product_cat-siir","7":"pa_cilt-ciltsiz","8":"pa_tur-kitap","9":"pa_yayinevi-kirmizi-kedi-yayinevi","10":"pa_yazar-deniz-durukan","12":"first","13":"instock","14":"sale","15":"shipping-taxable","16":"purchasable","17":"product-type-simple"},"_links":{"self":[{"href":"https:\/\/roveyayinevi.com.tr\/index.php\/wp-json\/wp\/v2\/product\/735650","targetHints":{"allow":["GET"]}}],"collection":[{"href":"https:\/\/roveyayinevi.com.tr\/index.php\/wp-json\/wp\/v2\/product"}],"about":[{"href":"https:\/\/roveyayinevi.com.tr\/index.php\/wp-json\/wp\/v2\/types\/product"}],"wp:attachment":[{"href":"https:\/\/roveyayinevi.com.tr\/index.php\/wp-json\/wp\/v2\/media?parent=735650"}],"wp:term":[{"taxonomy":"product_brand","embeddable":true,"href":"https:\/\/roveyayinevi.com.tr\/index.php\/wp-json\/wp\/v2\/product_brand?post=735650"},{"taxonomy":"product_cat","embeddable":true,"href":"https:\/\/roveyayinevi.com.tr\/index.php\/wp-json\/wp\/v2\/product_cat?post=735650"},{"taxonomy":"product_tag","embeddable":true,"href":"https:\/\/roveyayinevi.com.tr\/index.php\/wp-json\/wp\/v2\/product_tag?post=735650"}],"curies":[{"name":"wp","href":"https:\/\/api.w.org\/{rel}","templated":true}]}}