{"id":735649,"date":"2025-08-27T22:51:44","date_gmt":"2025-08-27T19:51:44","guid":{"rendered":"https:\/\/roveyayinevi.com.tr\/index.php\/urun\/afili-mavallar\/"},"modified":"2026-04-16T02:43:55","modified_gmt":"2026-04-15T23:43:55","slug":"afili-mavallar","status":"publish","type":"product","link":"https:\/\/roveyayinevi.com.tr\/index.php\/urun\/afili-mavallar\/","title":{"rendered":"Afili Mavallar"},"content":{"rendered":"<p>Argo, her dilin tar\u00e7\u0131n\u0131 biberi. Do\u011fru yerde ve k\u0131vam\u0131nda kullan\u0131l\u0131rsa anlat\u0131m\u0131 tatland\u0131r\u0131r. Dil yanl\u0131\u015flar\u0131n\u0131 saptayan, dilimizin do\u011fru yaz\u0131l\u0131p konu\u015fulmas\u0131 i\u00e7in \u00e7aba harcayan y\u0131llar\u0131n dil emek\u00e7isi Sevgi \u00d6zel, Afili Mavallar\u2019da diline de\u011fer verenler i\u00e7in \u00f6nemli bir kaynak kitaba imza at\u0131yor. Her zaman yan\u0131n\u0131zda ta\u015f\u0131yabilece\u011finiz bu k\u00fc\u00e7\u00fck argo s\u00f6zl\u00fc\u011f\u00fc ile soka\u011f\u0131n, \u00f6zel alanlar\u0131n dilini eksiksiz anlayacak, konu\u015furken ta\u015f\u0131 gedi\u011fine oturtacaks\u0131n\u0131z\u2026 \u201cKim \u00fcf\u00fcrm\u00fc\u015f bu Afili Mavallar\u2019\u0131 na\u011fmesi atacaklara bakmay\u0131n ablalar, abiler&#8230; Her nanenin afilisi olur da maval\u0131n, g\u0131r atman\u0131n olmaz m\u0131? Maksat, \u015fu kavanoz dipli d\u00fcnyada k\u0131t\u0131rc\u0131lar\u0131 az bu\u00e7uk g\u0131rg\u0131ra almakt\u0131, Afili Mavallar kitap oldu, iyi mi? \u00c7evir \u00e7evir oku, yumul i\u00e7ine&#8230; Kiminin a\u011fz\u0131 pa\u00e7a olacak, kiminin afyonunu patlatacak ya, olsun&#8230; \u0130ster entel, ister macera tak\u0131ls\u0131n, c\u00fcmle k\u0131t\u0131rc\u0131lar bodoslamadan dalacak i\u00e7ine&#8230; Hay\u0131rl\u0131 dalmalar&#8230;\u201d <\/p>\n","protected":false},"excerpt":{"rendered":"<p>Argo, her dilin tar\u00e7\u0131n\u0131 biberi. Do\u011fru yerde ve k\u0131vam\u0131nda kullan\u0131l\u0131rsa anlat\u0131m\u0131 tatland\u0131r\u0131r. Dil yanl\u0131\u015flar\u0131n\u0131 saptayan, dilimizin do\u011fru yaz\u0131l\u0131p konu\u015fulmas\u0131 i\u00e7in \u00e7aba harcayan y\u0131llar\u0131n dil emek\u00e7isi Sevgi<span class=\"excerpt-hellip\"> [\u2026]<\/span><\/p>\n","protected":false},"featured_media":0,"template":"","meta":{"_monsterinsights_skip_tracking":false,"_monsterinsights_sitenote_active":false,"_monsterinsights_sitenote_note":"","_monsterinsights_sitenote_category":0},"product_brand":[],"product_cat":[12566,13611],"product_tag":[],"class_list":{"0":"post-735649","1":"product","2":"type-product","3":"status-publish","5":"product_cat-egitim","6":"product_cat-sozlukler-ve-konusma-kilavuzlari","7":"pa_cilt-ciltsiz","8":"pa_tur-kitap","9":"pa_yayinevi-kirmizi-kedi-yayinevi","10":"pa_yazar-sevgi-ozel","12":"first","13":"instock","14":"sale","15":"shipping-taxable","16":"purchasable","17":"product-type-simple"},"_links":{"self":[{"href":"https:\/\/roveyayinevi.com.tr\/index.php\/wp-json\/wp\/v2\/product\/735649","targetHints":{"allow":["GET"]}}],"collection":[{"href":"https:\/\/roveyayinevi.com.tr\/index.php\/wp-json\/wp\/v2\/product"}],"about":[{"href":"https:\/\/roveyayinevi.com.tr\/index.php\/wp-json\/wp\/v2\/types\/product"}],"wp:attachment":[{"href":"https:\/\/roveyayinevi.com.tr\/index.php\/wp-json\/wp\/v2\/media?parent=735649"}],"wp:term":[{"taxonomy":"product_brand","embeddable":true,"href":"https:\/\/roveyayinevi.com.tr\/index.php\/wp-json\/wp\/v2\/product_brand?post=735649"},{"taxonomy":"product_cat","embeddable":true,"href":"https:\/\/roveyayinevi.com.tr\/index.php\/wp-json\/wp\/v2\/product_cat?post=735649"},{"taxonomy":"product_tag","embeddable":true,"href":"https:\/\/roveyayinevi.com.tr\/index.php\/wp-json\/wp\/v2\/product_tag?post=735649"}],"curies":[{"name":"wp","href":"https:\/\/api.w.org\/{rel}","templated":true}]}}