{"id":735648,"date":"2025-08-27T22:51:42","date_gmt":"2025-08-27T19:51:42","guid":{"rendered":"https:\/\/roveyayinevi.com.tr\/index.php\/urun\/hepsini-okudunuz-mu\/"},"modified":"2026-04-16T02:43:55","modified_gmt":"2026-04-15T23:43:55","slug":"hepsini-okudunuz-mu","status":"publish","type":"product","link":"https:\/\/roveyayinevi.com.tr\/index.php\/urun\/hepsini-okudunuz-mu\/","title":{"rendered":"Hepsini Okudunuz mu?"},"content":{"rendered":"<p>Ba\u015fta tiyatro oyunlar\u0131 ve \u00f6yk\u00fcleriyle edebiyat\u0131m\u0131zda biricik bir yere sahip olan Memet Baydur\u2019un ilgi ve bilgi co\u011frafyas\u0131n\u0131n geni\u015fli\u011fini ortaya koyan denemeler toplam\u0131 Hepsini Okudunuz mu? Edebiyattan sinemaya, tiyatrodan m\u00fczi\u011fe, foto\u011fraftan t\u00fct\u00fcne, g\u00fcndelik hayattan sanat\u0131n g\u00fcndemine bir\u00e7ok konu, derinlemesine ve Baydurca yer al\u0131yor kitapta. Okuruyla konu\u015fuyor, onlara tavsiyelerde bulunuyor, neler okudu\u011funu ve okuduklar\u0131ndan neler \u00e7\u0131kard\u0131\u011f\u0131n\u0131 aktar\u0131yor. Okurun rol\u00fcn\u00fc hat\u0131rlat\u0131yor her sat\u0131r\u0131nda. Caz m\u00fczi\u011finden yazd\u0131\u011f\u0131 oyunlara, Beethoven\u2019dan Truffaut\u2019ya, Onat Kutlar\u2019dan Ara G\u00fcler\u2019e, Ahmet Hamdi Tanp\u0131nar\u2019dan N\u00e2z\u0131m Hikmet\u2019e yaz\u0131ya d\u00f6kt\u00fc\u011f\u00fc her konu ve ismi kendine has yakla\u015f\u0131m\u0131yla ele al\u0131yor Baydur. \u00c7a\u011fda\u015f edebiyat\u0131m\u0131z\u0131n en \u00e7al\u0131\u015fkan oyun yazar\u0131ndan reng\u00e2renk denemeler. <\/p>\n","protected":false},"excerpt":{"rendered":"<p>Ba\u015fta tiyatro oyunlar\u0131 ve \u00f6yk\u00fcleriyle edebiyat\u0131m\u0131zda biricik bir yere sahip olan Memet Baydur\u2019un ilgi ve bilgi co\u011frafyas\u0131n\u0131n geni\u015fli\u011fini ortaya koyan denemeler toplam\u0131 Hepsini Okudunuz mu? Edebiyattan<span class=\"excerpt-hellip\"> [\u2026]<\/span><\/p>\n","protected":false},"featured_media":0,"template":"","meta":{"_monsterinsights_skip_tracking":false,"_monsterinsights_sitenote_active":false,"_monsterinsights_sitenote_note":"","_monsterinsights_sitenote_category":0},"product_brand":[],"product_cat":[12777,12291],"product_tag":[],"class_list":{"0":"post-735648","1":"product","2":"type-product","3":"status-publish","5":"product_cat-deneme","6":"product_cat-edebiyat","7":"pa_cilt-ciltsiz","8":"pa_tur-kitap","9":"pa_yayinevi-kirmizi-kedi-yayinevi","10":"pa_yazar-memet-baydur","12":"first","13":"instock","14":"sale","15":"shipping-taxable","16":"purchasable","17":"product-type-simple"},"_links":{"self":[{"href":"https:\/\/roveyayinevi.com.tr\/index.php\/wp-json\/wp\/v2\/product\/735648","targetHints":{"allow":["GET"]}}],"collection":[{"href":"https:\/\/roveyayinevi.com.tr\/index.php\/wp-json\/wp\/v2\/product"}],"about":[{"href":"https:\/\/roveyayinevi.com.tr\/index.php\/wp-json\/wp\/v2\/types\/product"}],"wp:attachment":[{"href":"https:\/\/roveyayinevi.com.tr\/index.php\/wp-json\/wp\/v2\/media?parent=735648"}],"wp:term":[{"taxonomy":"product_brand","embeddable":true,"href":"https:\/\/roveyayinevi.com.tr\/index.php\/wp-json\/wp\/v2\/product_brand?post=735648"},{"taxonomy":"product_cat","embeddable":true,"href":"https:\/\/roveyayinevi.com.tr\/index.php\/wp-json\/wp\/v2\/product_cat?post=735648"},{"taxonomy":"product_tag","embeddable":true,"href":"https:\/\/roveyayinevi.com.tr\/index.php\/wp-json\/wp\/v2\/product_tag?post=735648"}],"curies":[{"name":"wp","href":"https:\/\/api.w.org\/{rel}","templated":true}]}}