{"id":735647,"date":"2025-08-27T22:51:41","date_gmt":"2025-08-27T19:51:41","guid":{"rendered":"https:\/\/roveyayinevi.com.tr\/index.php\/urun\/2022-kirmizi-kedi-cocuk-ajanda-cocuk-haklari\/"},"modified":"2026-04-16T02:43:55","modified_gmt":"2026-04-15T23:43:55","slug":"2022-kirmizi-kedi-cocuk-ajanda-cocuk-haklari","status":"publish","type":"product","link":"https:\/\/roveyayinevi.com.tr\/index.php\/urun\/2022-kirmizi-kedi-cocuk-ajanda-cocuk-haklari\/","title":{"rendered":"2022 K\u0131rm\u0131z\u0131 Kedi \u00c7ocuk Ajanda &#8211; \u00c7ocuk Haklar\u0131"},"content":{"rendered":"<p>\u00c7ocuklar, &#8220;Benim de haklar\u0131m var!&#8221; diyebilsin diye K\u0131rm\u0131z\u0131 Kedi \u00c7ocuk&#8217;un 2022 ajandas\u0131n\u0131n temas\u0131: \u00c7ocuk Haklar\u0131. Bu ajanday\u0131 kullanan \u00e7ocuklar hem haklar\u0131n\u0131 \u00f6\u011frenecek hem de ayl\u0131k \u00e7izelgelere programlar\u0131n\u0131 yazabilecek, okuduklar\u0131 kitaplar\u0131 not edebilecek, y\u0131l boyunca gezip g\u00f6rd\u00fckleri yerleri ve \u00f6\u011frendikleri ilgin\u00e7 bilgileri kay\u0131t alt\u0131na alabilecek. Birle\u015fmi\u015f Milletler \u00c7ocuk Haklar\u0131 S\u00f6zle\u015fmesi&#8217;nin maddelerinin yer ald\u0131\u011f\u0131 \u00c7ocuk Haklar\u0131 Ajandas\u0131&#8217;nda \u00e7ocuklara \u00f6zg\u00fc \u00f6nemli g\u00fcnlerin a\u00e7\u0131klamalar\u0131 da unutulmad\u0131.   \u00c7ocuk Haklar\u0131 S\u00f6zle\u015fmesi Madde: 2 \u00c7ocuk Haklar\u0131, b\u00fct\u00fcn \u00e7ocuklar i\u00e7indir. Do\u011fum yerleri, konu\u015ftuklar\u0131 dil ne olursa olsun fark etmez. B\u00fcy\u00fcklerinin inan\u00e7lar\u0131 ya da g\u00f6r\u00fc\u015fleri nedeniyle hi\u00e7bir \u00e7ocu\u011fa ayr\u0131m yap\u0131lmaz. <\/p>\n","protected":false},"excerpt":{"rendered":"<p>\u00c7ocuklar, &#8220;Benim de haklar\u0131m var!&#8221; diyebilsin diye K\u0131rm\u0131z\u0131 Kedi \u00c7ocuk&#8217;un 2022 ajandas\u0131n\u0131n temas\u0131: \u00c7ocuk Haklar\u0131. Bu ajanday\u0131 kullanan \u00e7ocuklar hem haklar\u0131n\u0131 \u00f6\u011frenecek hem de ayl\u0131k \u00e7izelgelere<span class=\"excerpt-hellip\"> [\u2026]<\/span><\/p>\n","protected":false},"featured_media":0,"template":"","meta":{"_monsterinsights_skip_tracking":false,"_monsterinsights_sitenote_active":false,"_monsterinsights_sitenote_note":"","_monsterinsights_sitenote_category":0},"product_brand":[],"product_cat":[12274,12631],"product_tag":[],"class_list":{"0":"post-735647","1":"product","2":"type-product","3":"status-publish","5":"product_cat-cocuk-ve-genclik-kitaplari","6":"product_cat-diger-cocuk-ve-genclik-kitaplari","7":"pa_cilt-ciltsiz","8":"pa_tur-kitap","9":"pa_yayinevi-kirmizi-kedi-yayinevi","10":"pa_yazar-kirmizi-kedi-yayinevi-kolektif","12":"first","13":"instock","14":"sale","15":"shipping-taxable","16":"purchasable","17":"product-type-simple"},"_links":{"self":[{"href":"https:\/\/roveyayinevi.com.tr\/index.php\/wp-json\/wp\/v2\/product\/735647","targetHints":{"allow":["GET"]}}],"collection":[{"href":"https:\/\/roveyayinevi.com.tr\/index.php\/wp-json\/wp\/v2\/product"}],"about":[{"href":"https:\/\/roveyayinevi.com.tr\/index.php\/wp-json\/wp\/v2\/types\/product"}],"wp:attachment":[{"href":"https:\/\/roveyayinevi.com.tr\/index.php\/wp-json\/wp\/v2\/media?parent=735647"}],"wp:term":[{"taxonomy":"product_brand","embeddable":true,"href":"https:\/\/roveyayinevi.com.tr\/index.php\/wp-json\/wp\/v2\/product_brand?post=735647"},{"taxonomy":"product_cat","embeddable":true,"href":"https:\/\/roveyayinevi.com.tr\/index.php\/wp-json\/wp\/v2\/product_cat?post=735647"},{"taxonomy":"product_tag","embeddable":true,"href":"https:\/\/roveyayinevi.com.tr\/index.php\/wp-json\/wp\/v2\/product_tag?post=735647"}],"curies":[{"name":"wp","href":"https:\/\/api.w.org\/{rel}","templated":true}]}}