{"id":735646,"date":"2025-08-27T22:51:41","date_gmt":"2025-08-27T19:51:41","guid":{"rendered":"https:\/\/roveyayinevi.com.tr\/index.php\/urun\/konya-hatirati\/"},"modified":"2026-04-16T02:43:55","modified_gmt":"2026-04-15T23:43:55","slug":"konya-hatirati","status":"publish","type":"product","link":"https:\/\/roveyayinevi.com.tr\/index.php\/urun\/konya-hatirati\/","title":{"rendered":"Konya Hat\u0131rat\u0131"},"content":{"rendered":"<p>Hz. Mevl\u00e2na\u2019n\u0131n Konya\u2019y\u0131 d\u00fc\u015f\u00fcnce d\u00fcnyas\u0131na mek\u00e2n olarak se\u00e7mesi, s\u00e2dece Sel\u00e7uklu Sultan\u0131\u2019n\u0131n d\u00e2veti olarak iz\u00e2h edilebilmez. H\u00e2dise bu kadar s\u00e2de de\u011fildir. Hz. Yesev\u00ee mektebinden feyz ve vazife alm\u0131\u015f bir\u00e7ok Horasan Erinin, Alperenin h\u00e2t\u0131ras\u0131nda Konya, \u201cDiyar-\u0131 enbiy\u00e2 v\u00fc \u00e2sfiy\u00e2\u201d olarak, hayret ve hayranl\u0131k h\u00e2nesinde kay\u0131tl\u0131d\u0131r. \u201cGel ve derg\u00e2h\u0131m\u0131 ziyaret et A\u015fk\u0131n nuru buradan yay\u0131l\u0131r Semerkand\u2019a ve Buhara\u2019ya, Buradan Konya\u2019dan, bir an..\u201d   Hakikatte yok olman\u0131n en \u00fcst mertebelerine y\u00fckselmi\u015f bir ulunun, Hz. Mevl\u00e2na\u2019n\u0131n bu terenn\u00fcm\u00fc hikmetlerle de doludur. Hz. Mevl\u00e2na ile Konya, hemdem olduklar\u0131ndan bu yana hep birlikte an\u0131ld\u0131lar. Biri b\u00fclb\u00fcl iken di\u011feri ona G\u00fclistan oldu. Biri a\u015fktan, hasretten yan\u0131p kavrulurken, di\u011feri ona \u201cg\u00e2h v\u00e2h\u00e2, g\u00e2hi sahr\u00e2\u201d oldu. Birbirlerinin s\u0131rr\u0131n\u0131 hep aziz bildiler ve hi\u00e7 ayr\u0131lmal\u0131d\u0131r. * * * Kitap, Sel\u00e7uklu\u2019nun p\u00e2yitaht\u0131 bu ola\u011fan\u00fcst\u00fc \u015fehrin yirminci asr\u0131ndan ilgin\u00e7 hat\u0131rlamalar, h\u00e2t\u0131ralar sunmaktad\u0131r. Kurgu olmad\u0131\u011f\u0131 i\u00e7in belge de\u011feri de ta\u015f\u0131yan bu k\u0131sa ve renkli notlar\u0131 keyifle okuyaca\u011f\u0131n\u0131z\u0131 umuyoruz. <\/p>\n","protected":false},"excerpt":{"rendered":"<p>Hz. Mevl\u00e2na\u2019n\u0131n Konya\u2019y\u0131 d\u00fc\u015f\u00fcnce d\u00fcnyas\u0131na mek\u00e2n olarak se\u00e7mesi, s\u00e2dece Sel\u00e7uklu Sultan\u0131\u2019n\u0131n d\u00e2veti olarak iz\u00e2h edilebilmez. H\u00e2dise bu kadar s\u00e2de de\u011fildir. Hz. Yesev\u00ee mektebinden feyz ve vazife<span class=\"excerpt-hellip\"> [\u2026]<\/span><\/p>\n","protected":false},"featured_media":0,"template":"","meta":{"_monsterinsights_skip_tracking":false,"_monsterinsights_sitenote_active":false,"_monsterinsights_sitenote_note":"","_monsterinsights_sitenote_category":0},"product_brand":[],"product_cat":[12718,12719,15238],"product_tag":[],"class_list":{"0":"post-735646","1":"product","2":"type-product","3":"status-publish","5":"product_cat-din","6":"product_cat-islam","7":"product_cat-tasavvuf","8":"pa_cilt-ciltsiz","9":"pa_tur-kitap","10":"pa_yayinevi-idealkent-yayincilik","11":"pa_yazar-kamil-ugurlu","13":"first","14":"instock","15":"sale","16":"shipping-taxable","17":"purchasable","18":"product-type-simple"},"_links":{"self":[{"href":"https:\/\/roveyayinevi.com.tr\/index.php\/wp-json\/wp\/v2\/product\/735646","targetHints":{"allow":["GET"]}}],"collection":[{"href":"https:\/\/roveyayinevi.com.tr\/index.php\/wp-json\/wp\/v2\/product"}],"about":[{"href":"https:\/\/roveyayinevi.com.tr\/index.php\/wp-json\/wp\/v2\/types\/product"}],"wp:attachment":[{"href":"https:\/\/roveyayinevi.com.tr\/index.php\/wp-json\/wp\/v2\/media?parent=735646"}],"wp:term":[{"taxonomy":"product_brand","embeddable":true,"href":"https:\/\/roveyayinevi.com.tr\/index.php\/wp-json\/wp\/v2\/product_brand?post=735646"},{"taxonomy":"product_cat","embeddable":true,"href":"https:\/\/roveyayinevi.com.tr\/index.php\/wp-json\/wp\/v2\/product_cat?post=735646"},{"taxonomy":"product_tag","embeddable":true,"href":"https:\/\/roveyayinevi.com.tr\/index.php\/wp-json\/wp\/v2\/product_tag?post=735646"}],"curies":[{"name":"wp","href":"https:\/\/api.w.org\/{rel}","templated":true}]}}