{"id":735644,"date":"2025-08-27T22:51:39","date_gmt":"2025-08-27T19:51:39","guid":{"rendered":"https:\/\/roveyayinevi.com.tr\/index.php\/urun\/insan-nasil-dusunur\/"},"modified":"2026-04-16T02:43:55","modified_gmt":"2026-04-15T23:43:55","slug":"insan-nasil-dusunur","status":"publish","type":"product","link":"https:\/\/roveyayinevi.com.tr\/index.php\/urun\/insan-nasil-dusunur\/","title":{"rendered":"\u0130nsan Nas\u0131l D\u00fc\u015f\u00fcn\u00fcr"},"content":{"rendered":"<p>Sat\u0131n ald\u0131\u011f\u0131n\u0131z bir kulakl\u0131k veyahut sa\u00e7 d\u00fczle\u015ftirici dahi yan\u0131nda kullan\u0131m k\u0131lavuzuyla gelirken, t\u00fcm d\u00fcnyay\u0131 alg\u0131lay\u0131p yolumuzu \u00e7izmemize imkan sa\u011flayan beynimizin nas\u0131l \u00e7al\u0131\u015ft\u0131\u011f\u0131na pek az kafa yormam\u0131z tuhaf de\u011fil mi? Dr. John Paul Minda\u2019n\u0131n \u0130nsan Nas\u0131l D\u00fc\u015f\u00fcn\u00fcr ile yapt\u0131\u011f\u0131 \u015fey bu asl\u0131nda. Herkes i\u00e7in kolay ve anla\u015f\u0131l\u0131r bir zihin kullanma k\u0131lavuzu sunmak. Elbette bu k\u0131lavuz, okuyucusuna \u00fcst\u00fcn bir kullan\u0131m kabiliyeti vadetmiyor. Yapt\u0131\u011f\u0131 \u015fey, kafam\u0131z\u0131n i\u00e7indeki protein ve ya\u011fdan olu\u015fan o k\u0131vr\u0131ml\u0131 \u015feyin nas\u0131l \u00e7al\u0131\u015ft\u0131\u011f\u0131na dair genel bir perspektif sunmak. Pazarda meyve se\u00e7erken ya da ald\u0131\u011f\u0131n\u0131z evlilik teklifini de\u011ferlendirirken kafam\u0131z\u0131n i\u00e7inde neler kopuyor sahiden? Dahas\u0131, do\u011fru oldu\u011funa inand\u0131\u011f\u0131m\u0131z bir se\u00e7ene\u011fe nas\u0131l ula\u015f\u0131yoruz? Bir karar al\u0131rken, yolumuzu \u00e7izerken, d\u00fcnyada olan biteni anlamland\u0131rmaya \u00e7al\u0131\u015f\u0131rken hangi devreler a\u00e7\u0131l\u0131yor, hangi fakt\u00f6rler a\u011f\u0131rl\u0131\u011f\u0131n\u0131 koyuyor? Fark\u0131nda olmadan hangi engellere tak\u0131l\u0131yor, hangi g\u00f6lgelerden ka\u00e7\u0131yoruz? \u0130nsan Nas\u0131l D\u00fc\u015f\u00fcn\u00fcr, beyin ve zihin \u00fczerine yirmi y\u0131l\u0131 a\u015fk\u0131n bir \u00e7al\u0131\u015fman\u0131n \u00fcr\u00fcn\u00fc. G\u00fc\u00e7l\u00fc bir n\u00f6robilim ve bili\u015fsel\/davran\u0131\u015fsal psikoloji metni. Ancak eser, ne denli kusurlu varl\u0131klar oldu\u011fumuzu bize hat\u0131rlatmas\u0131yla e\u015fsiz bir deneyime d\u00f6n\u00fc\u015f\u00fcyor biraz da. Kendimize ve d\u00fcnyaya dair kavray\u0131\u015f\u0131m\u0131z\u0131n s\u0131n\u0131rlar\u0131nda y\u00fcr\u00fcmek, kontrol\u00fcn bizde oldu\u011funu d\u00fc\u015f\u00fcn\u00fcrken asl\u0131nda ne kadar aciz oldu\u011fumuzu fark etmek&#8230;  G\u00fcn\u00fcn sonunda ortaya \u00e7\u0131kan manzara \u015f\u00f6yle bir \u015fey: Rasyonel varl\u0131klar de\u011filiz, eksi\u011fiz, bile bile ladeslerden ka\u00e7am\u0131yoruz. \u0130\u00e7imizde cereyan edenlere tan\u0131k olduk\u00e7a, o me\u015fhur deyi\u015fi hat\u0131rl\u0131yoruz: Beyin kusursuz bir hizmetkar ama berbat bir efendidir. <\/p>\n","protected":false},"excerpt":{"rendered":"<p>Sat\u0131n ald\u0131\u011f\u0131n\u0131z bir kulakl\u0131k veyahut sa\u00e7 d\u00fczle\u015ftirici dahi yan\u0131nda kullan\u0131m k\u0131lavuzuyla gelirken, t\u00fcm d\u00fcnyay\u0131 alg\u0131lay\u0131p yolumuzu \u00e7izmemize imkan sa\u011flayan beynimizin nas\u0131l \u00e7al\u0131\u015ft\u0131\u011f\u0131na pek az kafa yormam\u0131z<span class=\"excerpt-hellip\"> [\u2026]<\/span><\/p>\n","protected":false},"featured_media":0,"template":"","meta":{"_monsterinsights_skip_tracking":false,"_monsterinsights_sitenote_active":false,"_monsterinsights_sitenote_note":"","_monsterinsights_sitenote_category":0},"product_brand":[],"product_cat":[12358,12357],"product_tag":[],"class_list":{"0":"post-735644","1":"product","2":"type-product","3":"status-publish","5":"product_cat-genel-psikoloji","6":"product_cat-psikoloji","7":"pa_cilt-ciltsiz","8":"pa_tur-kitap","9":"pa_yayinevi-okuyan-us-yayin","10":"pa_yazar-john-paul-minda","12":"first","13":"instock","14":"sale","15":"shipping-taxable","16":"purchasable","17":"product-type-simple"},"_links":{"self":[{"href":"https:\/\/roveyayinevi.com.tr\/index.php\/wp-json\/wp\/v2\/product\/735644","targetHints":{"allow":["GET"]}}],"collection":[{"href":"https:\/\/roveyayinevi.com.tr\/index.php\/wp-json\/wp\/v2\/product"}],"about":[{"href":"https:\/\/roveyayinevi.com.tr\/index.php\/wp-json\/wp\/v2\/types\/product"}],"wp:attachment":[{"href":"https:\/\/roveyayinevi.com.tr\/index.php\/wp-json\/wp\/v2\/media?parent=735644"}],"wp:term":[{"taxonomy":"product_brand","embeddable":true,"href":"https:\/\/roveyayinevi.com.tr\/index.php\/wp-json\/wp\/v2\/product_brand?post=735644"},{"taxonomy":"product_cat","embeddable":true,"href":"https:\/\/roveyayinevi.com.tr\/index.php\/wp-json\/wp\/v2\/product_cat?post=735644"},{"taxonomy":"product_tag","embeddable":true,"href":"https:\/\/roveyayinevi.com.tr\/index.php\/wp-json\/wp\/v2\/product_tag?post=735644"}],"curies":[{"name":"wp","href":"https:\/\/api.w.org\/{rel}","templated":true}]}}