{"id":735643,"date":"2025-08-27T22:51:38","date_gmt":"2025-08-27T19:51:38","guid":{"rendered":"https:\/\/roveyayinevi.com.tr\/index.php\/urun\/ruzgar-gibi-dalga-gibi\/"},"modified":"2026-04-16T02:43:55","modified_gmt":"2026-04-15T23:43:55","slug":"ruzgar-gibi-dalga-gibi","status":"publish","type":"product","link":"https:\/\/roveyayinevi.com.tr\/index.php\/urun\/ruzgar-gibi-dalga-gibi\/","title":{"rendered":"R\u00fczgar Gibi Dalga Gibi"},"content":{"rendered":"<p>Tutkunun do\u011fas\u0131, yan\u0131lsama, hayal k\u0131r\u0131kl\u0131\u011f\u0131n\u0131n ya\u015famdaki rol\u00fc, kahramanl\u0131\u011f\u0131 neyin olu\u015fturdu\u011fu\u2026 Sahnenin b\u00fcy\u00fck konulara ayr\u0131ld\u0131\u011f\u0131, b\u00fcy\u00fcleyici bir mizah\u0131n arka plandan g\u00f6z k\u0131rpt\u0131\u011f\u0131, cezbedici bir yak\u0131nl\u0131kla psikanalitik kavramlar\u0131n i\u00e7 i\u00e7e ge\u00e7ti\u011fi R\u00fczgar Gibi, Dalga Gibi Stefano Bolognini\u2019nin e\u015fsiz an\u0131lar\u0131yla hem bir \u00f6yk\u00fc kitab\u0131 hem de psikanalitik de\u011ferlendirmeleri i\u00e7eren bir yol g\u00f6sterici.   \u201cG\u00fcn\u00fcm\u00fcz\u00fcn Winnicott\u2019u\u201d yak\u0131\u015ft\u0131rmas\u0131n\u0131 tam anlam\u0131yla hak eden Psikanalist Stefano Bolognini\u2019nin hastalar\u0131yla kurdu\u011fu ili\u015fkiye benzer bi\u00e7imde yazar olarak okurla derin bir yak\u0131nl\u0131k kurdu\u011fu on \u00f6yk\u00fcden olu\u015fan bu kitapla hem uzak bir \u0130talyan k\u00f6y\u00fcnde ya\u015fananlara tan\u0131k olacak hem de hikaye anlat\u0131m\u0131yla \u00f6znel bir sanat olan psikanalitik yaz\u0131n\u0131n bulu\u015ftu\u011fu sat\u0131rlar\u0131 farkl\u0131 bir bak\u0131\u015f a\u00e7\u0131s\u0131yla de\u011ferlendireceksiniz.   \u201cPsikanalistlerin bilimsel ara\u015ft\u0131rmalardan \u00e7ok analizdeki hastalar\u0131n\u0131 derinlemesine anlatan sunumlar yazd\u0131klar\u0131 bilinir. R\u00fczgar Gibi, Dalga Gibi\u2019ye sevdi\u011fim bir yazar\u0131n yeni bir kitab\u0131na duyabilece\u011fim s\u0131radan bir hevesle ba\u015flad\u0131m. Ama daha ilk sayfalarda Bolognini\u2019nin harika bir \u00f6yk\u00fc anlat\u0131c\u0131s\u0131 oldu\u011funu anlad\u0131m. Kitaba ad\u0131n\u0131 veren ikinci \u00f6yk\u00fcden itibaren i\u00e7imde bir ba\u015fka duygu daha belirmeye ba\u015flad\u0131 ve bu duygu kitab\u0131 okuduk\u00e7a daha da yo\u011funla\u015ft\u0131. Bolognini bu kitapta bir istisna d\u0131\u015f\u0131nda hastalar\u0131ndan de\u011fil, kendinden s\u00f6z ediyor. Nelere dikkat ederek, hangi g\u00f6zlemlerini nas\u0131l yorumlayarak yazd\u0131\u011f\u0131n\u0131 okur umar\u0131m keyifle izleyecektir. Bir de \u00f6yk\u00fclerin sonundaki k\u0131sa psikanalitik de\u011ferlendirmeler var ki bunlar\u0131n da okurlar\u0131n psikanalitik d\u00fc\u015f\u00fcnme \u015fekliyle tan\u0131\u015fmas\u0131 i\u00e7in harikulade numuneler oldu\u011funu s\u00f6yleyebilirim.\u201d \u2014Prof. Dr. T\u00fcrkay Demir<\/p>\n","protected":false},"excerpt":{"rendered":"<p>Tutkunun do\u011fas\u0131, yan\u0131lsama, hayal k\u0131r\u0131kl\u0131\u011f\u0131n\u0131n ya\u015famdaki rol\u00fc, kahramanl\u0131\u011f\u0131 neyin olu\u015fturdu\u011fu\u2026 Sahnenin b\u00fcy\u00fck konulara ayr\u0131ld\u0131\u011f\u0131, b\u00fcy\u00fcleyici bir mizah\u0131n arka plandan g\u00f6z k\u0131rpt\u0131\u011f\u0131, cezbedici bir yak\u0131nl\u0131kla psikanalitik kavramlar\u0131n<span class=\"excerpt-hellip\"> [\u2026]<\/span><\/p>\n","protected":false},"featured_media":0,"template":"","meta":{"_monsterinsights_skip_tracking":false,"_monsterinsights_sitenote_active":false,"_monsterinsights_sitenote_note":"","_monsterinsights_sitenote_category":0},"product_brand":[],"product_cat":[12755,12357],"product_tag":[],"class_list":{"0":"post-735643","1":"product","2":"type-product","3":"status-publish","5":"product_cat-gelisim-psikolojisi","6":"product_cat-psikoloji","7":"pa_cilt-ciltsiz","8":"pa_tur-kitap","9":"pa_yayinevi-okuyan-us-yayin","10":"pa_yazar-stefano-bolognini","12":"first","13":"instock","14":"sale","15":"shipping-taxable","16":"purchasable","17":"product-type-simple"},"_links":{"self":[{"href":"https:\/\/roveyayinevi.com.tr\/index.php\/wp-json\/wp\/v2\/product\/735643","targetHints":{"allow":["GET"]}}],"collection":[{"href":"https:\/\/roveyayinevi.com.tr\/index.php\/wp-json\/wp\/v2\/product"}],"about":[{"href":"https:\/\/roveyayinevi.com.tr\/index.php\/wp-json\/wp\/v2\/types\/product"}],"wp:attachment":[{"href":"https:\/\/roveyayinevi.com.tr\/index.php\/wp-json\/wp\/v2\/media?parent=735643"}],"wp:term":[{"taxonomy":"product_brand","embeddable":true,"href":"https:\/\/roveyayinevi.com.tr\/index.php\/wp-json\/wp\/v2\/product_brand?post=735643"},{"taxonomy":"product_cat","embeddable":true,"href":"https:\/\/roveyayinevi.com.tr\/index.php\/wp-json\/wp\/v2\/product_cat?post=735643"},{"taxonomy":"product_tag","embeddable":true,"href":"https:\/\/roveyayinevi.com.tr\/index.php\/wp-json\/wp\/v2\/product_tag?post=735643"}],"curies":[{"name":"wp","href":"https:\/\/api.w.org\/{rel}","templated":true}]}}